{"id":223144,"date":"2024-05-23T14:44:28","date_gmt":"2024-05-23T12:44:28","guid":{"rendered":"https:\/\/optiboard.de\/?post_type=product&#038;p=223144"},"modified":"2024-06-28T11:21:39","modified_gmt":"2024-06-28T09:21:39","slug":"fuss-m","status":"publish","type":"product","link":"https:\/\/optiboard.de\/it\/prodotto\/fuss-m\/","title":{"rendered":"Fuss M"},"content":{"rendered":"<div class=\"more-space\">\n<p>Il piedistallo centrale \u00e8 dotato di un supporto antiscivolo e di una regolazione individuale dell'altezza!<\/p>\n<p>I nostri piedini di livellamento sono dotati di una guarnizione in gomma di alta qualit\u00e0 e senza giunture, che viene sapientemente incorporata nella superficie di appoggio con un processo speciale. In questo modo si evitano strappi o distacchi indesiderati della gomma durante l'uso o la pulizia periodica.<\/p>\n<p>Tutti i piedini sono dotati di manicotti a vite che possono essere regolati individualmente in altezza. In questo modo il tagliere viene livellato anche su superfici irregolari, facilitando il lavoro. Semplicemente senza limiti e pronto all'uso in qualsiasi momento!<\/p>\n<p>L'innalzamento della base di 5,6 cm di altezza di altri 2,7 cm consente inoltre di ottimizzare il processo di utilizzo di numerosi contenitori gastronorm fino a un'altezza totale di 6,5 cm.<\/p>\n<p>Il polietilene di alta qualit\u00e0, sicuro per gli alimenti e con un'elevata densit\u00e0 di materiale, e le viti in acciaio inossidabile non solo soddisfano gli standard igienici e alimentari del settore della ristorazione, ma garantiscono anche una costante resistenza alla rottura e allo scivolamento per tutta la durata del prodotto dei nostri taglieri regolabili in altezza.<\/p>\n<p>In modo che tutto rimanga al suo posto. Per proteggere il vostro processo di lavoro e prevenire eventi negativi.<\/p>\n<\/div>","protected":false},"excerpt":{"rendered":"<p>Das mittlere Stellfuss-Set f\u00fcr einen rutschfesten Stand und eine individuelle H\u00f6henverstellung! Unsere Stellf\u00fc\u00dfe werden mit einem hochwertigen, nahtlosen Dichtungsgummi ausgestattet, welches \u00fcber ein spezielles Verfahren in die Auflagefl\u00e4che fachm\u00e4nnisch eingelassen wird. Dadurch wird ein unerw\u00fcnschtes Rei\u00dfen oder Herausl\u00f6sen des Gummis w\u00e4hrend der Anwendung oder einer wiederkehrenden Reinigung verhindert. Alle F\u00fc\u00dfe verf\u00fcgen \u00fcber Schraubh\u00fclsen, welche in [&hellip;]<\/p>\n","protected":false},"featured_media":223228,"template":"","meta":{"_et_pb_use_builder":"","_et_pb_old_content":"","_et_gb_content_width":""},"product_brand":[],"product_cat":[153],"product_tag":[],"class_list":{"0":"post-223144","1":"product","2":"type-product","3":"status-publish","4":"has-post-thumbnail","6":"product_cat-zubehoer","8":"first","9":"instock","10":"taxable","11":"shipping-taxable","12":"purchasable","13":"product-type-variable","14":"has-default-attributes"},"yoast_head":"<!-- This site is optimized with the Yoast SEO plugin v27.3 - https:\/\/yoast.com\/product\/yoast-seo-wordpress\/ -->\n<title>Fuss M - Optiboard - Premium Schneidebretter aus Kunststoff<\/title>\n<meta name=\"robots\" content=\"index, follow, max-snippet:-1, max-image-preview:large, max-video-preview:-1\" \/>\n<link rel=\"canonical\" href=\"https:\/\/optiboard.de\/it\/prodotto\/fuss-m\/\" \/>\n<meta property=\"og:locale\" content=\"it_IT\" \/>\n<meta property=\"og:type\" content=\"article\" \/>\n<meta property=\"og:title\" content=\"Fuss M - Optiboard - Premium Schneidebretter aus Kunststoff\" \/>\n<meta property=\"og:description\" content=\"Das mittlere Stellfuss-Set f\u00fcr einen rutschfesten Stand und eine individuelle H\u00f6henverstellung! Unsere Stellf\u00fc\u00dfe werden mit einem hochwertigen, nahtlosen Dichtungsgummi ausgestattet, welches \u00fcber ein spezielles Verfahren in die Auflagefl\u00e4che fachm\u00e4nnisch eingelassen wird. Dadurch wird ein unerw\u00fcnschtes Rei\u00dfen oder Herausl\u00f6sen des Gummis w\u00e4hrend der Anwendung oder einer wiederkehrenden Reinigung verhindert. Alle F\u00fc\u00dfe verf\u00fcgen \u00fcber Schraubh\u00fclsen, welche in [&hellip;]\" \/>\n<meta property=\"og:url\" content=\"https:\/\/optiboard.de\/it\/prodotto\/fuss-m\/\" \/>\n<meta property=\"og:site_name\" content=\"Optiboard - Premium Schneidebretter aus Kunststoff\" \/>\n<meta property=\"article:publisher\" content=\"https:\/\/www.facebook.com\/optiboard.de\" \/>\n<meta property=\"article:modified_time\" content=\"2024-06-28T09:21:39+00:00\" \/>\n<meta property=\"og:image\" content=\"https:\/\/optiboard.de\/wp-content\/uploads\/Fuss-M_Freisteller_20240515_105935_Webshop-1-scaled.jpg\" \/>\n\t<meta property=\"og:image:width\" content=\"2560\" \/>\n\t<meta property=\"og:image:height\" content=\"2560\" \/>\n\t<meta property=\"og:image:type\" content=\"image\/jpeg\" \/>\n<meta name=\"twitter:label1\" content=\"Tempo di lettura stimato\" \/>\n\t<meta name=\"twitter:data1\" content=\"2 minuti\" \/>\n<script type=\"application\/ld+json\" class=\"yoast-schema-graph\">{\"@context\":\"https:\\\/\\\/schema.org\",\"@graph\":[{\"@type\":\"WebPage\",\"@id\":\"https:\\\/\\\/optiboard.de\\\/produkt\\\/fuss-m\\\/\",\"url\":\"https:\\\/\\\/optiboard.de\\\/produkt\\\/fuss-m\\\/\",\"name\":\"Fuss M - Optiboard - Premium Schneidebretter aus Kunststoff\",\"isPartOf\":{\"@id\":\"https:\\\/\\\/optiboard.de\\\/#website\"},\"primaryImageOfPage\":{\"@id\":\"https:\\\/\\\/optiboard.de\\\/produkt\\\/fuss-m\\\/#primaryimage\"},\"image\":{\"@id\":\"https:\\\/\\\/optiboard.de\\\/produkt\\\/fuss-m\\\/#primaryimage\"},\"thumbnailUrl\":\"https:\\\/\\\/optiboard.de\\\/wp-content\\\/uploads\\\/Fuss-M_Freisteller_20240515_105935_Webshop-1-scaled.jpg\",\"datePublished\":\"2024-05-23T12:44:28+00:00\",\"dateModified\":\"2024-06-28T09:21:39+00:00\",\"breadcrumb\":{\"@id\":\"https:\\\/\\\/optiboard.de\\\/produkt\\\/fuss-m\\\/#breadcrumb\"},\"inLanguage\":\"it-IT\",\"potentialAction\":[{\"@type\":\"ReadAction\",\"target\":[\"https:\\\/\\\/optiboard.de\\\/produkt\\\/fuss-m\\\/\"]}]},{\"@type\":\"ImageObject\",\"inLanguage\":\"it-IT\",\"@id\":\"https:\\\/\\\/optiboard.de\\\/produkt\\\/fuss-m\\\/#primaryimage\",\"url\":\"https:\\\/\\\/optiboard.de\\\/wp-content\\\/uploads\\\/Fuss-M_Freisteller_20240515_105935_Webshop-1-scaled.jpg\",\"contentUrl\":\"https:\\\/\\\/optiboard.de\\\/wp-content\\\/uploads\\\/Fuss-M_Freisteller_20240515_105935_Webshop-1-scaled.jpg\",\"width\":2560,\"height\":2560},{\"@type\":\"BreadcrumbList\",\"@id\":\"https:\\\/\\\/optiboard.de\\\/produkt\\\/fuss-m\\\/#breadcrumb\",\"itemListElement\":[{\"@type\":\"ListItem\",\"position\":1,\"name\":\"Startseite\",\"item\":\"https:\\\/\\\/optiboard.de\\\/\"},{\"@type\":\"ListItem\",\"position\":2,\"name\":\"Produkte\",\"item\":\"https:\\\/\\\/optiboard.de\\\/shop__trashed\\\/\"},{\"@type\":\"ListItem\",\"position\":3,\"name\":\"Fuss M\"}]},{\"@type\":\"WebSite\",\"@id\":\"https:\\\/\\\/optiboard.de\\\/#website\",\"url\":\"https:\\\/\\\/optiboard.de\\\/\",\"name\":\"Optiboard - Premium Schneidebretter aus Kunststoff\",\"description\":\"Das h\u00f6henverstellbare Schneidebrett aus Kunststoff f\u00fcr die Profik\u00fcche im Gastro Gewerbe\",\"publisher\":{\"@id\":\"https:\\\/\\\/optiboard.de\\\/#organization\"},\"alternateName\":\"Gastro Profi K\u00fcchen Schneidebrett\",\"potentialAction\":[{\"@type\":\"SearchAction\",\"target\":{\"@type\":\"EntryPoint\",\"urlTemplate\":\"https:\\\/\\\/optiboard.de\\\/?s={search_term_string}\"},\"query-input\":{\"@type\":\"PropertyValueSpecification\",\"valueRequired\":true,\"valueName\":\"search_term_string\"}}],\"inLanguage\":\"it-IT\"},{\"@type\":\"Organization\",\"@id\":\"https:\\\/\\\/optiboard.de\\\/#organization\",\"name\":\"Optiboard by 1TECOplast GmbH Waldachtal\",\"url\":\"https:\\\/\\\/optiboard.de\\\/\",\"logo\":{\"@type\":\"ImageObject\",\"inLanguage\":\"it-IT\",\"@id\":\"https:\\\/\\\/optiboard.de\\\/#\\\/schema\\\/logo\\\/image\\\/\",\"url\":\"https:\\\/\\\/optiboard.de\\\/wp-content\\\/uploads\\\/OPTIBOARD_LOGO_RGB-scaled.jpg\",\"contentUrl\":\"https:\\\/\\\/optiboard.de\\\/wp-content\\\/uploads\\\/OPTIBOARD_LOGO_RGB-scaled.jpg\",\"width\":2560,\"height\":1810,\"caption\":\"Optiboard by 1TECOplast GmbH Waldachtal\"},\"image\":{\"@id\":\"https:\\\/\\\/optiboard.de\\\/#\\\/schema\\\/logo\\\/image\\\/\"},\"sameAs\":[\"https:\\\/\\\/www.facebook.com\\\/optiboard.de\"]}]}<\/script>\n<!-- \/ Yoast SEO plugin. -->","yoast_head_json":{"title":"Fuss M - Optiboard - Premium Schneidebretter aus Kunststoff","robots":{"index":"index","follow":"follow","max-snippet":"max-snippet:-1","max-image-preview":"max-image-preview:large","max-video-preview":"max-video-preview:-1"},"canonical":"https:\/\/optiboard.de\/it\/prodotto\/fuss-m\/","og_locale":"it_IT","og_type":"article","og_title":"Fuss M - Optiboard - Premium Schneidebretter aus Kunststoff","og_description":"Das mittlere Stellfuss-Set f\u00fcr einen rutschfesten Stand und eine individuelle H\u00f6henverstellung! Unsere Stellf\u00fc\u00dfe werden mit einem hochwertigen, nahtlosen Dichtungsgummi ausgestattet, welches \u00fcber ein spezielles Verfahren in die Auflagefl\u00e4che fachm\u00e4nnisch eingelassen wird. Dadurch wird ein unerw\u00fcnschtes Rei\u00dfen oder Herausl\u00f6sen des Gummis w\u00e4hrend der Anwendung oder einer wiederkehrenden Reinigung verhindert. Alle F\u00fc\u00dfe verf\u00fcgen \u00fcber Schraubh\u00fclsen, welche in [&hellip;]","og_url":"https:\/\/optiboard.de\/it\/prodotto\/fuss-m\/","og_site_name":"Optiboard - Premium Schneidebretter aus Kunststoff","article_publisher":"https:\/\/www.facebook.com\/optiboard.de","article_modified_time":"2024-06-28T09:21:39+00:00","og_image":[{"width":2560,"height":2560,"url":"https:\/\/optiboard.de\/wp-content\/uploads\/Fuss-M_Freisteller_20240515_105935_Webshop-1-scaled.jpg","type":"image\/jpeg"}],"twitter_misc":{"Tempo di lettura stimato":"2 minuti"},"schema":{"@context":"https:\/\/schema.org","@graph":[{"@type":"WebPage","@id":"https:\/\/optiboard.de\/produkt\/fuss-m\/","url":"https:\/\/optiboard.de\/produkt\/fuss-m\/","name":"Fuss M - Optiboard - Premium Schneidebretter aus Kunststoff","isPartOf":{"@id":"https:\/\/optiboard.de\/#website"},"primaryImageOfPage":{"@id":"https:\/\/optiboard.de\/produkt\/fuss-m\/#primaryimage"},"image":{"@id":"https:\/\/optiboard.de\/produkt\/fuss-m\/#primaryimage"},"thumbnailUrl":"https:\/\/optiboard.de\/wp-content\/uploads\/Fuss-M_Freisteller_20240515_105935_Webshop-1-scaled.jpg","datePublished":"2024-05-23T12:44:28+00:00","dateModified":"2024-06-28T09:21:39+00:00","breadcrumb":{"@id":"https:\/\/optiboard.de\/produkt\/fuss-m\/#breadcrumb"},"inLanguage":"it-IT","potentialAction":[{"@type":"ReadAction","target":["https:\/\/optiboard.de\/produkt\/fuss-m\/"]}]},{"@type":"ImageObject","inLanguage":"it-IT","@id":"https:\/\/optiboard.de\/produkt\/fuss-m\/#primaryimage","url":"https:\/\/optiboard.de\/wp-content\/uploads\/Fuss-M_Freisteller_20240515_105935_Webshop-1-scaled.jpg","contentUrl":"https:\/\/optiboard.de\/wp-content\/uploads\/Fuss-M_Freisteller_20240515_105935_Webshop-1-scaled.jpg","width":2560,"height":2560},{"@type":"BreadcrumbList","@id":"https:\/\/optiboard.de\/produkt\/fuss-m\/#breadcrumb","itemListElement":[{"@type":"ListItem","position":1,"name":"Startseite","item":"https:\/\/optiboard.de\/"},{"@type":"ListItem","position":2,"name":"Produkte","item":"https:\/\/optiboard.de\/shop__trashed\/"},{"@type":"ListItem","position":3,"name":"Fuss M"}]},{"@type":"WebSite","@id":"https:\/\/optiboard.de\/#website","url":"https:\/\/optiboard.de\/","name":"Optiboard - Premium Schneidebretter aus Kunststoff","description":"Das h\u00f6henverstellbare Schneidebrett aus Kunststoff f\u00fcr die Profik\u00fcche im Gastro Gewerbe","publisher":{"@id":"https:\/\/optiboard.de\/#organization"},"alternateName":"Gastro Profi K\u00fcchen Schneidebrett","potentialAction":[{"@type":"SearchAction","target":{"@type":"EntryPoint","urlTemplate":"https:\/\/optiboard.de\/?s={search_term_string}"},"query-input":{"@type":"PropertyValueSpecification","valueRequired":true,"valueName":"search_term_string"}}],"inLanguage":"it-IT"},{"@type":"Organization","@id":"https:\/\/optiboard.de\/#organization","name":"Optiboard by 1TECOplast GmbH Waldachtal","url":"https:\/\/optiboard.de\/","logo":{"@type":"ImageObject","inLanguage":"it-IT","@id":"https:\/\/optiboard.de\/#\/schema\/logo\/image\/","url":"https:\/\/optiboard.de\/wp-content\/uploads\/OPTIBOARD_LOGO_RGB-scaled.jpg","contentUrl":"https:\/\/optiboard.de\/wp-content\/uploads\/OPTIBOARD_LOGO_RGB-scaled.jpg","width":2560,"height":1810,"caption":"Optiboard by 1TECOplast GmbH Waldachtal"},"image":{"@id":"https:\/\/optiboard.de\/#\/schema\/logo\/image\/"},"sameAs":["https:\/\/www.facebook.com\/optiboard.de"]}]}},"_links":{"self":[{"href":"https:\/\/optiboard.de\/it\/wp-json\/wp\/v2\/product\/223144","targetHints":{"allow":["GET"]}}],"collection":[{"href":"https:\/\/optiboard.de\/it\/wp-json\/wp\/v2\/product"}],"about":[{"href":"https:\/\/optiboard.de\/it\/wp-json\/wp\/v2\/types\/product"}],"wp:featuredmedia":[{"embeddable":true,"href":"https:\/\/optiboard.de\/it\/wp-json\/wp\/v2\/media\/223228"}],"wp:attachment":[{"href":"https:\/\/optiboard.de\/it\/wp-json\/wp\/v2\/media?parent=223144"}],"wp:term":[{"taxonomy":"product_brand","embeddable":true,"href":"https:\/\/optiboard.de\/it\/wp-json\/wp\/v2\/product_brand?post=223144"},{"taxonomy":"product_cat","embeddable":true,"href":"https:\/\/optiboard.de\/it\/wp-json\/wp\/v2\/product_cat?post=223144"},{"taxonomy":"product_tag","embeddable":true,"href":"https:\/\/optiboard.de\/it\/wp-json\/wp\/v2\/product_tag?post=223144"}],"curies":[{"name":"wp","href":"https:\/\/api.w.org\/{rel}","templated":true}]}}