{"id":223140,"date":"2024-05-23T14:33:35","date_gmt":"2024-05-23T12:33:35","guid":{"rendered":"https:\/\/optiboard.de\/?post_type=product&#038;p=223140"},"modified":"2024-06-11T13:15:35","modified_gmt":"2024-06-11T11:15:35","slug":"fuss-s","status":"publish","type":"product","link":"https:\/\/optiboard.de\/it\/prodotto\/fuss-s\/","title":{"rendered":"Piede S"},"content":{"rendered":"<div class=\"more-space\">\n<p>Das kleine Stellfuss-Set f\u00fcr einen rutschfesten Stand!<\/p>\n<p>I nostri piedini di livellamento sono dotati di una guarnizione in gomma di alta qualit\u00e0 e senza giunture, che viene sapientemente incorporata nella superficie di appoggio con un processo speciale. In questo modo si evitano strappi o distacchi indesiderati della gomma durante l'uso o la pulizia periodica.<\/p>\n<p>Il polietilene di alta qualit\u00e0, sicuro per gli alimenti e con un'elevata densit\u00e0 di materiale, non solo soddisfa gli standard igienici e alimentari del settore della ristorazione, ma garantisce anche una costante resistenza alla rottura e allo scivolamento per tutta la durata del prodotto dei nostri taglieri regolabili in altezza.<\/p>\n<p>In modo che tutto rimanga al suo posto. Per proteggere il vostro processo di lavoro e prevenire eventi negativi.<\/p>\n<\/div>","protected":false},"excerpt":{"rendered":"<p>Das kleine Stellfuss-Set f\u00fcr einen rutschfesten Stand! Unsere Stellf\u00fc\u00dfe werden mit einem hochwertigen, nahtlosen Dichtungsgummi ausgestattet, welches \u00fcber ein spezielles Verfahren in die Auflagefl\u00e4che fachm\u00e4nnisch eingelassen wird. Dadurch wird ein unerw\u00fcnschtes Rei\u00dfen oder Herausl\u00f6sen des Gummis w\u00e4hrend der Anwendung oder einer wiederkehrenden Reinigung verhindert. Hochwertiger, lebensmittelechter Polyethylen mit einer hohen Werkstoffdichte entspricht nicht nur den [&hellip;]<\/p>\n","protected":false},"featured_media":223158,"template":"","meta":{"_et_pb_use_builder":"","_et_pb_old_content":"","_et_gb_content_width":""},"product_brand":[],"product_cat":[153],"product_tag":[],"class_list":{"0":"post-223140","1":"product","2":"type-product","3":"status-publish","4":"has-post-thumbnail","6":"product_cat-zubehoer","8":"first","9":"instock","10":"taxable","11":"shipping-taxable","12":"purchasable","13":"product-type-variable","14":"has-default-attributes"},"yoast_head":"<!-- This site is optimized with the Yoast SEO plugin v27.3 - https:\/\/yoast.com\/product\/yoast-seo-wordpress\/ -->\n<title>Fuss S - Optiboard - Premium Schneidebretter aus Kunststoff<\/title>\n<meta name=\"robots\" content=\"index, follow, max-snippet:-1, max-image-preview:large, max-video-preview:-1\" \/>\n<link rel=\"canonical\" href=\"https:\/\/optiboard.de\/it\/prodotto\/fuss-s\/\" \/>\n<meta property=\"og:locale\" content=\"it_IT\" \/>\n<meta property=\"og:type\" content=\"article\" \/>\n<meta property=\"og:title\" content=\"Fuss S - Optiboard - Premium Schneidebretter aus Kunststoff\" \/>\n<meta property=\"og:description\" content=\"Das kleine Stellfuss-Set f\u00fcr einen rutschfesten Stand! Unsere Stellf\u00fc\u00dfe werden mit einem hochwertigen, nahtlosen Dichtungsgummi ausgestattet, welches \u00fcber ein spezielles Verfahren in die Auflagefl\u00e4che fachm\u00e4nnisch eingelassen wird. Dadurch wird ein unerw\u00fcnschtes Rei\u00dfen oder Herausl\u00f6sen des Gummis w\u00e4hrend der Anwendung oder einer wiederkehrenden Reinigung verhindert. Hochwertiger, lebensmittelechter Polyethylen mit einer hohen Werkstoffdichte entspricht nicht nur den [&hellip;]\" \/>\n<meta property=\"og:url\" content=\"https:\/\/optiboard.de\/it\/prodotto\/fuss-s\/\" \/>\n<meta property=\"og:site_name\" content=\"Optiboard - Premium Schneidebretter aus Kunststoff\" \/>\n<meta property=\"article:publisher\" content=\"https:\/\/www.facebook.com\/optiboard.de\" \/>\n<meta property=\"article:modified_time\" content=\"2024-06-11T11:15:35+00:00\" \/>\n<meta property=\"og:image\" content=\"https:\/\/optiboard.de\/wp-content\/uploads\/Fuss_S_Freisteller_20240515_110757_Webshop-1.jpg\" \/>\n\t<meta property=\"og:image:width\" content=\"1528\" \/>\n\t<meta property=\"og:image:height\" content=\"1528\" \/>\n\t<meta property=\"og:image:type\" content=\"image\/jpeg\" \/>\n<meta name=\"twitter:label1\" content=\"Tempo di lettura stimato\" \/>\n\t<meta name=\"twitter:data1\" content=\"1 minuto\" \/>\n<script type=\"application\/ld+json\" class=\"yoast-schema-graph\">{\"@context\":\"https:\\\/\\\/schema.org\",\"@graph\":[{\"@type\":\"WebPage\",\"@id\":\"https:\\\/\\\/optiboard.de\\\/produkt\\\/fuss-s\\\/\",\"url\":\"https:\\\/\\\/optiboard.de\\\/produkt\\\/fuss-s\\\/\",\"name\":\"Fuss S - Optiboard - Premium Schneidebretter aus Kunststoff\",\"isPartOf\":{\"@id\":\"https:\\\/\\\/optiboard.de\\\/#website\"},\"primaryImageOfPage\":{\"@id\":\"https:\\\/\\\/optiboard.de\\\/produkt\\\/fuss-s\\\/#primaryimage\"},\"image\":{\"@id\":\"https:\\\/\\\/optiboard.de\\\/produkt\\\/fuss-s\\\/#primaryimage\"},\"thumbnailUrl\":\"https:\\\/\\\/optiboard.de\\\/wp-content\\\/uploads\\\/Fuss_S_Freisteller_20240515_110757_Webshop-1.jpg\",\"datePublished\":\"2024-05-23T12:33:35+00:00\",\"dateModified\":\"2024-06-11T11:15:35+00:00\",\"breadcrumb\":{\"@id\":\"https:\\\/\\\/optiboard.de\\\/produkt\\\/fuss-s\\\/#breadcrumb\"},\"inLanguage\":\"it-IT\",\"potentialAction\":[{\"@type\":\"ReadAction\",\"target\":[\"https:\\\/\\\/optiboard.de\\\/produkt\\\/fuss-s\\\/\"]}]},{\"@type\":\"ImageObject\",\"inLanguage\":\"it-IT\",\"@id\":\"https:\\\/\\\/optiboard.de\\\/produkt\\\/fuss-s\\\/#primaryimage\",\"url\":\"https:\\\/\\\/optiboard.de\\\/wp-content\\\/uploads\\\/Fuss_S_Freisteller_20240515_110757_Webshop-1.jpg\",\"contentUrl\":\"https:\\\/\\\/optiboard.de\\\/wp-content\\\/uploads\\\/Fuss_S_Freisteller_20240515_110757_Webshop-1.jpg\",\"width\":1528,\"height\":1528},{\"@type\":\"BreadcrumbList\",\"@id\":\"https:\\\/\\\/optiboard.de\\\/produkt\\\/fuss-s\\\/#breadcrumb\",\"itemListElement\":[{\"@type\":\"ListItem\",\"position\":1,\"name\":\"Startseite\",\"item\":\"https:\\\/\\\/optiboard.de\\\/\"},{\"@type\":\"ListItem\",\"position\":2,\"name\":\"Produkte\",\"item\":\"https:\\\/\\\/optiboard.de\\\/shop__trashed\\\/\"},{\"@type\":\"ListItem\",\"position\":3,\"name\":\"Fuss S\"}]},{\"@type\":\"WebSite\",\"@id\":\"https:\\\/\\\/optiboard.de\\\/#website\",\"url\":\"https:\\\/\\\/optiboard.de\\\/\",\"name\":\"Optiboard - Premium Schneidebretter aus Kunststoff\",\"description\":\"Das h\u00f6henverstellbare Schneidebrett aus Kunststoff f\u00fcr die Profik\u00fcche im Gastro Gewerbe\",\"publisher\":{\"@id\":\"https:\\\/\\\/optiboard.de\\\/#organization\"},\"alternateName\":\"Gastro Profi K\u00fcchen Schneidebrett\",\"potentialAction\":[{\"@type\":\"SearchAction\",\"target\":{\"@type\":\"EntryPoint\",\"urlTemplate\":\"https:\\\/\\\/optiboard.de\\\/?s={search_term_string}\"},\"query-input\":{\"@type\":\"PropertyValueSpecification\",\"valueRequired\":true,\"valueName\":\"search_term_string\"}}],\"inLanguage\":\"it-IT\"},{\"@type\":\"Organization\",\"@id\":\"https:\\\/\\\/optiboard.de\\\/#organization\",\"name\":\"Optiboard by 1TECOplast GmbH Waldachtal\",\"url\":\"https:\\\/\\\/optiboard.de\\\/\",\"logo\":{\"@type\":\"ImageObject\",\"inLanguage\":\"it-IT\",\"@id\":\"https:\\\/\\\/optiboard.de\\\/#\\\/schema\\\/logo\\\/image\\\/\",\"url\":\"https:\\\/\\\/optiboard.de\\\/wp-content\\\/uploads\\\/OPTIBOARD_LOGO_RGB-scaled.jpg\",\"contentUrl\":\"https:\\\/\\\/optiboard.de\\\/wp-content\\\/uploads\\\/OPTIBOARD_LOGO_RGB-scaled.jpg\",\"width\":2560,\"height\":1810,\"caption\":\"Optiboard by 1TECOplast GmbH Waldachtal\"},\"image\":{\"@id\":\"https:\\\/\\\/optiboard.de\\\/#\\\/schema\\\/logo\\\/image\\\/\"},\"sameAs\":[\"https:\\\/\\\/www.facebook.com\\\/optiboard.de\"]}]}<\/script>\n<!-- \/ Yoast SEO plugin. -->","yoast_head_json":{"title":"Fuss S - Optiboard - Premium Schneidebretter aus Kunststoff","robots":{"index":"index","follow":"follow","max-snippet":"max-snippet:-1","max-image-preview":"max-image-preview:large","max-video-preview":"max-video-preview:-1"},"canonical":"https:\/\/optiboard.de\/it\/prodotto\/fuss-s\/","og_locale":"it_IT","og_type":"article","og_title":"Fuss S - Optiboard - Premium Schneidebretter aus Kunststoff","og_description":"Das kleine Stellfuss-Set f\u00fcr einen rutschfesten Stand! Unsere Stellf\u00fc\u00dfe werden mit einem hochwertigen, nahtlosen Dichtungsgummi ausgestattet, welches \u00fcber ein spezielles Verfahren in die Auflagefl\u00e4che fachm\u00e4nnisch eingelassen wird. Dadurch wird ein unerw\u00fcnschtes Rei\u00dfen oder Herausl\u00f6sen des Gummis w\u00e4hrend der Anwendung oder einer wiederkehrenden Reinigung verhindert. Hochwertiger, lebensmittelechter Polyethylen mit einer hohen Werkstoffdichte entspricht nicht nur den [&hellip;]","og_url":"https:\/\/optiboard.de\/it\/prodotto\/fuss-s\/","og_site_name":"Optiboard - Premium Schneidebretter aus Kunststoff","article_publisher":"https:\/\/www.facebook.com\/optiboard.de","article_modified_time":"2024-06-11T11:15:35+00:00","og_image":[{"width":1528,"height":1528,"url":"https:\/\/optiboard.de\/wp-content\/uploads\/Fuss_S_Freisteller_20240515_110757_Webshop-1.jpg","type":"image\/jpeg"}],"twitter_misc":{"Tempo di lettura stimato":"1 minuto"},"schema":{"@context":"https:\/\/schema.org","@graph":[{"@type":"WebPage","@id":"https:\/\/optiboard.de\/produkt\/fuss-s\/","url":"https:\/\/optiboard.de\/produkt\/fuss-s\/","name":"Fuss S - Optiboard - Premium Schneidebretter aus Kunststoff","isPartOf":{"@id":"https:\/\/optiboard.de\/#website"},"primaryImageOfPage":{"@id":"https:\/\/optiboard.de\/produkt\/fuss-s\/#primaryimage"},"image":{"@id":"https:\/\/optiboard.de\/produkt\/fuss-s\/#primaryimage"},"thumbnailUrl":"https:\/\/optiboard.de\/wp-content\/uploads\/Fuss_S_Freisteller_20240515_110757_Webshop-1.jpg","datePublished":"2024-05-23T12:33:35+00:00","dateModified":"2024-06-11T11:15:35+00:00","breadcrumb":{"@id":"https:\/\/optiboard.de\/produkt\/fuss-s\/#breadcrumb"},"inLanguage":"it-IT","potentialAction":[{"@type":"ReadAction","target":["https:\/\/optiboard.de\/produkt\/fuss-s\/"]}]},{"@type":"ImageObject","inLanguage":"it-IT","@id":"https:\/\/optiboard.de\/produkt\/fuss-s\/#primaryimage","url":"https:\/\/optiboard.de\/wp-content\/uploads\/Fuss_S_Freisteller_20240515_110757_Webshop-1.jpg","contentUrl":"https:\/\/optiboard.de\/wp-content\/uploads\/Fuss_S_Freisteller_20240515_110757_Webshop-1.jpg","width":1528,"height":1528},{"@type":"BreadcrumbList","@id":"https:\/\/optiboard.de\/produkt\/fuss-s\/#breadcrumb","itemListElement":[{"@type":"ListItem","position":1,"name":"Startseite","item":"https:\/\/optiboard.de\/"},{"@type":"ListItem","position":2,"name":"Produkte","item":"https:\/\/optiboard.de\/shop__trashed\/"},{"@type":"ListItem","position":3,"name":"Fuss S"}]},{"@type":"WebSite","@id":"https:\/\/optiboard.de\/#website","url":"https:\/\/optiboard.de\/","name":"Optiboard - Premium Schneidebretter aus Kunststoff","description":"Das h\u00f6henverstellbare Schneidebrett aus Kunststoff f\u00fcr die Profik\u00fcche im Gastro Gewerbe","publisher":{"@id":"https:\/\/optiboard.de\/#organization"},"alternateName":"Gastro Profi K\u00fcchen Schneidebrett","potentialAction":[{"@type":"SearchAction","target":{"@type":"EntryPoint","urlTemplate":"https:\/\/optiboard.de\/?s={search_term_string}"},"query-input":{"@type":"PropertyValueSpecification","valueRequired":true,"valueName":"search_term_string"}}],"inLanguage":"it-IT"},{"@type":"Organization","@id":"https:\/\/optiboard.de\/#organization","name":"Optiboard by 1TECOplast GmbH Waldachtal","url":"https:\/\/optiboard.de\/","logo":{"@type":"ImageObject","inLanguage":"it-IT","@id":"https:\/\/optiboard.de\/#\/schema\/logo\/image\/","url":"https:\/\/optiboard.de\/wp-content\/uploads\/OPTIBOARD_LOGO_RGB-scaled.jpg","contentUrl":"https:\/\/optiboard.de\/wp-content\/uploads\/OPTIBOARD_LOGO_RGB-scaled.jpg","width":2560,"height":1810,"caption":"Optiboard by 1TECOplast GmbH Waldachtal"},"image":{"@id":"https:\/\/optiboard.de\/#\/schema\/logo\/image\/"},"sameAs":["https:\/\/www.facebook.com\/optiboard.de"]}]}},"_links":{"self":[{"href":"https:\/\/optiboard.de\/it\/wp-json\/wp\/v2\/product\/223140","targetHints":{"allow":["GET"]}}],"collection":[{"href":"https:\/\/optiboard.de\/it\/wp-json\/wp\/v2\/product"}],"about":[{"href":"https:\/\/optiboard.de\/it\/wp-json\/wp\/v2\/types\/product"}],"wp:featuredmedia":[{"embeddable":true,"href":"https:\/\/optiboard.de\/it\/wp-json\/wp\/v2\/media\/223158"}],"wp:attachment":[{"href":"https:\/\/optiboard.de\/it\/wp-json\/wp\/v2\/media?parent=223140"}],"wp:term":[{"taxonomy":"product_brand","embeddable":true,"href":"https:\/\/optiboard.de\/it\/wp-json\/wp\/v2\/product_brand?post=223140"},{"taxonomy":"product_cat","embeddable":true,"href":"https:\/\/optiboard.de\/it\/wp-json\/wp\/v2\/product_cat?post=223140"},{"taxonomy":"product_tag","embeddable":true,"href":"https:\/\/optiboard.de\/it\/wp-json\/wp\/v2\/product_tag?post=223140"}],"curies":[{"name":"wp","href":"https:\/\/api.w.org\/{rel}","templated":true}]}}