{"id":222778,"date":"2020-05-04T10:03:44","date_gmt":"2020-05-04T08:03:44","guid":{"rendered":"https:\/\/optiboard.server-sedv.de\/?post_type=product&#038;p=222778"},"modified":"2024-09-23T08:20:04","modified_gmt":"2024-09-23T06:20:04","slug":"optiboard-premium-2","status":"publish","type":"product","link":"https:\/\/optiboard.de\/it\/prodotto\/optiboard-premium-2\/","title":{"rendered":"OPTIBOARD Premium"},"content":{"rendered":"<div>Das Gr\u00f6\u00dfte im Team! Das Optiboard PREMIUM besticht durch seine gro\u00dfe Arbeitsfl\u00e4che und massive Dicke. Das qualitativ hochwertige Polyethylen verf\u00fcgt \u00fcber eine hohe Werkstoffdichte, was das Brett sehr schnittfest, schlagz\u00e4h und langlebig macht. Die rutschfesten Standf\u00fc\u00dfe k\u00f6nnen einzeln in der H\u00f6he reguliert und so an die ergonomischen Erfordernisse des Nutzers angepasst werden. Messer und g\u00e4ngige Schalen (GN-Beh\u00e4lter) k\u00f6nnen prozessoptimierend eingesetzt werden.<\/div>\n<p>&nbsp;<\/p>\n<div class=\"more-space\"><strong>Premium Schneidebretter von Optiboard <\/strong><\/div>\n<div class=\"text-content\">Sie sind leidenschaftlicher Koch oder leidenschaftliche K\u00f6chin und haben es satt, Ihr Brett nach nur kurzer Zeit wegen Sch\u00e4den wegschmei\u00dfen zu m\u00fcssen? Sie haben es satt, dass das Schneidebrett Kunststoff aus dem Supermarkt oder Einrichtungsladen nach wenigen Nutzungen verbogen, gebrochen oder zerkratzt ist oder anf\u00e4ngt komische Ger\u00fcche und Verf\u00e4rbungen zu haben? Dann sollten Sie auf Premium Bretter umsteigen! Die einmalige Investition in ein Schneidebrett Kunststoff mit hoher Lebensdauer und Qualit\u00e4t lohnt sich. Optiboard bietet Premium Bretter f\u00fcr den professionellen Gebrauch an. Aufgrund der hohen Werkstoffdichte sind diese Brettchen f\u00fcr den Profigebrauch zu Hundert Prozent schnittfest. Sie bestehen nicht aus Billigmaterial, sondern aus lebensmittelechtem Kunststoff aus PolyEthylen (PE) mit Zulassung gem\u00e4\u00df LMBG und EG-Verordnung 1935\/2004. Dieser ist ebenfalls FDA zertifiziert f\u00fcr Lebensmittel. Damit sind Sie f\u00fcr Gesundheitskontrollen in Ihrem Restaurant bestens ausgestattet. Aber auch Hobbyk\u00f6che und -K\u00f6chinnen sch\u00e4tzen dieses besonders hygienische und geruchsneutrale Material. Dar\u00fcber hinaus ist die Verwendung der Premium Bretter von Optiboard besonders angenehm. Eine flexible H\u00f6hen- und Neigungsverstellung erm\u00f6glicht ergonomisches Arbeiten. Dar\u00fcber hinaus ist das Schneidebrett mit Saftrille in jeden Fall stabil und rutschfest, wof\u00fcr ein Antirutschstand sorgt. Die Rillen mit Abflussm\u00f6glichkeit sowie die M\u00f6glichkeit, das Schneidebrett ganz bequem in der Sp\u00fclmaschine zu reinigen machen das gesamte Kocherlebnis noch angenehmer. Neben dem Gef\u00fchl beim Kochen spricht auch die Langlebigkeit dieses Schneidebrett mit Saftrille f\u00fcr die Schneidebretter von Optiboard. Sie sich bruchsicher und verbiegen sich nicht. Zudem sind sie formstabil und messerschonend. Das hochwertige Design erm\u00f6glicht es, das Brett nicht nur versteckt in der Profik\u00fcche zu nutzen, sondern es auch elegant auf einem Buffet zu platzieren. Das Design ist jedoch nicht nur sch\u00f6n, sondern auch praktisch: unter dem Optiboard kann man jegliche K\u00fcchenutensilien von Messer \u00fcber Sparsch\u00e4ler bis hin zu Scheren fast unsichtbar unterbringen, sodass der Platz, den das Brett einnimmt, nicht verloren ist. Au\u00dferdem k\u00f6nnen passende Beh\u00e4lter aus der Standardk\u00fcche genutzt werden, um sowohl das fertig geschnittene Obst und Gem\u00fcse als auch die Abf\u00e4lle ganz bequem vom Brett herunterschieben und an der richtigen Stelle sammeln zu k\u00f6nnen.Die Bretter f\u00fcr Kochprofis von Optiboard gibt es in drei verschiedenen Ausf\u00fchrungen und diese sind jeweils in verschiedenen Farben erh\u00e4ltlich. So ist f\u00fcr alle Bed\u00fcrfnisse und Geschm\u00e4cker etwas Passendes dabei!<\/div>\n<div><\/div>\n<p><strong>Merkmale<\/strong><\/p>\n<p>\u2022 schnittfest, schlagz\u00e4h, bruchsicher<br \/>\n\u2022 lebensmittelechter Kunststoff gem. LMBG, EG 1935\/ 2004, FDA-zertifiziert<br \/>\n\u2022 sp\u00fclmaschinenfest, geruchsneutral<br \/>\n\u2022 formstabil und messerschonend<br \/>\n\u2022 hohe Lebensdauer<br \/>\n\u2022 ergonomisch<br \/>\n\u2022 rutschfest<\/p>\n<p><strong>Produkt Spezifikation<\/strong><\/p>\n<p>Produktmodell: Premium<br \/>\nFarben: wei\u00df, schwarz, blau, gelb, rot<br \/>\nF\u00fc\u00dfe: L [verstellbar 5,6 &#8211; 8,3 cm]<br \/>\nProduktgewicht: 12.700 Gramm<br \/>\nProduktabmessungen: 66 (L) x 49 (B) x 4 (H) cm<\/p>\n<p>Kompatibilit\u00e4t F\u00fc\u00dfe: S, M, L<br \/>\nArbeitsh\u00f6he: min. 9,6 cm | max. 12,3 cm<br \/>\nSaftrille: ja<br \/>\nGN-Kompatibilit\u00e4t: 2\/3 Beh\u00e4lter &#8211; H\u00f6he 6,5 cm<br \/>\nMaterial: Polyethylen (made in Germany)<\/p>\n<p><strong>Pflegehinweise<\/strong><\/p>\n<p>\u2022 Das Brett muss nach jedem Gebrauch mit hei\u00dfem Wasser abgesp\u00fclt werden<br \/>\n\u2022 Verf\u00e4rbungen durch Lebensmittel k\u00f6nnen bei Bedarf mit gastronomie-geeigneten Reinigungsmitteln beseitigt werden<\/p>\n","protected":false},"excerpt":{"rendered":"<p>Optiboard Premium<\/p>","protected":false},"featured_media":223205,"template":"","meta":{"_et_pb_use_builder":"off","_et_pb_old_content":"<div class=\"more-space\"><strong>Premium Schneidebretter von Optiboard <\/strong><\/div>\r\n<div class=\"text-content\">\r\n\r\nSie sind leidenschaftlicher Koch oder leidenschaftliche K\u00f6chin und haben es satt, Ihr Brett nach nur kurzer Zeit wegen Sch\u00e4den wegschmei\u00dfen zu m\u00fcssen? Sie haben es satt, dass das Schneidebrett Kunststoff aus dem Supermarkt oder Einrichtungsladen nach wenigen Nutzungen verbogen, gebrochen oder zerkratzt ist oder anf\u00e4ngt komische Ger\u00fcche und Verf\u00e4rbungen zu haben? Dann sollten Sie auf Premium Bretter umsteigen! Die einmalige Investition in ein Schneidebrett Kunststoff mit hoher Lebensdauer und Qualit\u00e4t lohnt sich.\r\n\r\nOptiboard bietet Premium Bretter f\u00fcr den professionellen Gebrauch an. Aufgrund der hohen Werkstoffdichte sind diese Brettchen f\u00fcr den Profigebrauch zu Hundert Prozent schnittfest. Sie bestehen nicht aus Billigmaterial, sondern aus lebensmittelechtem Kunststoff aus PolyEthylen (PE) mit Zulassung gem\u00e4\u00df LMBG und EG-Verordnung 1935\/2004. Dieser ist ebenfalls FDA zertifiziert f\u00fcr Lebensmittel. Damit sind Sie f\u00fcr Gesundheitskontrollen in Ihrem Restaurant bestens ausgestattet. Aber auch Hobbyk\u00f6che und -K\u00f6chinnen sch\u00e4tzen dieses besonders hygienische und geruchsneutrale Material. Dar\u00fcber hinaus ist die Verwendung der Premium Bretter von Optiboard besonders angenehm. Eine flexible H\u00f6hen- und Neigungsverstellung erm\u00f6glicht ergonomisches Arbeiten. Dar\u00fcber hinaus ist das Schneidebrett mit Saftrille in jeden Fall stabil und rutschfest, wof\u00fcr ein Antirutschstand sorgt. Die Rillen mit Abflussm\u00f6glichkeit sowie die M\u00f6glichkeit, das Schneidebrett ganz bequem in der Sp\u00fclmaschine zu reinigen machen das gesamte Kocherlebnis noch angenehmer. Neben dem Gef\u00fchl beim Kochen spricht auch die Langlebigkeit dieses Schneidebrett mit Saftrille f\u00fcr die Schneidebretter von Optiboard. Sie sich bruchsicher und verbiegen sich nicht. Zudem sind sie formstabil und messerschonend. Das hochwertige Design erm\u00f6glicht es, das Brett nicht nur versteckt in der Profik\u00fcche zu nutzen, sondern es auch elegant auf einem Buffet zu platzieren. Das Design ist jedoch nicht nur sch\u00f6n, sondern auch praktisch: unter dem Optiboard kann man jegliche K\u00fcchenutensilien von Messer \u00fcber Sparsch\u00e4ler bis hin zu Scheren fast unsichtbar unterbringen, sodass der Platz, den das Brett einnimmt, nicht verloren ist. Au\u00dferdem k\u00f6nnen passende Beh\u00e4lter aus der Standardk\u00fcche genutzt werden, um sowohl das fertig geschnittene Obst und Gem\u00fcse als auch die Abf\u00e4lle ganz bequem vom Brett herunterschieben und an der richtigen Stelle sammeln zu k\u00f6nnen.Die Bretter f\u00fcr Kochprofis von Optiboard gibt es in drei verschiedenen Ausf\u00fchrungen und diese sind jeweils in verschiedenen Farben erh\u00e4ltlich. So ist f\u00fcr alle Bed\u00fcrfnisse und Geschm\u00e4cker etwas Passendes dabei!\r\n\r\n<\/div>\r\n<div><\/div>\r\n<div><strong>Premium<\/strong>\r\nF\u00fcr die K\u00f6chinnen und K\u00f6che, f\u00fcr die solche Bretter gar nicht gro\u00df und robust genug sein k\u00f6nnen, ist das Optiboard Premium die ideale L\u00f6sung. Seine Abmessungen betragen 66 cm in der L\u00e4nge, 49 cm in der Breite und 4 cm in der H\u00f6he. Auch dieses Schneidebrett Polyethylen von Optiboard ist h\u00f6henverstellbar. Die H\u00f6he und die Neigung sind sogar stufenlos von 9,6 cm bis auf 12,1 cm einstellbar. Das Gewicht des Optiboard Premium betr\u00e4gt inklusive der vier Stellf\u00fc\u00dfe ca. 12,7 Kilogramm und verf\u00fcgt ebenfalls \u00fcber eine gro\u00dfe Saftrille mit Abfluss. Ein solches h\u00f6henverstellbares Schneidebrett kostet 260 Euro \u2013 ein Preis, der nur ein einziges Mal gezahlt werden muss, weil dieses Brett ein Leben lang h\u00e4lt und auch ein Preis, den K\u00f6chinnen und K\u00f6che f\u00fcr diese Qualit\u00e4t und Funktionalit\u00e4t gerne zahlen. Anders als bei dem Optiboard Select und dem Optiboard Exclusive ist die Farbauswahl hier bei dem Optiboard Premium gr\u00f6\u00dfer. Neben Schwarz und Wei\u00df gibt es das h\u00f6henverstellbares Schneidebrett auch in Gr\u00fcn, Gelb, Blau und Rot. Die bunten Farben sorgen f\u00fcr besondere Akzente in der K\u00fcche und sind ein echter Hingucker.F\u00fcr alle drei Produkte von Optiboard gibt es ein paar Hinweise zu beachten, um eine m\u00f6glichst lange Lebensdauer zu gew\u00e4hrleisten. Dazu geh\u00f6rt zum einen die Verwendung geeigneter Reinigungsmittel. In den meisten F\u00e4llen sollte hei\u00dfes Wasser ausreichen. Wenn man zus\u00e4tzliche Reinigungsmittel ben\u00f6tigt, sollte man sich an die Vorgaben der Berufsgenossenschaft Nahrungsmittel und Gastst\u00e4tten halten. Das Brett kann, sofern es von der Gr\u00f6\u00dfe her passt, auch bei einer Mindesttemperatur von 75 Grad Celsius in der Sp\u00fclmaschine gereinigt werden. Um Verf\u00e4rbungen von sehr intensiven Lebensmitteln zu beseitigen, lohnt es sich auf Hausmittel, wie zum Beispiel Oliven\u00f6l zur\u00fcckzugreifen, welches man lange einzigen l\u00e4sst und dann mit einem geeigneten Sp\u00fclmittel abwaschen kann. Dar\u00fcber hinaus ist es wichtig, das Brett in trockenen R\u00e4umen zu lagern und vor direkter Sonneneinstrahlung sowie extremer K\u00e4lte zu sch\u00fctzen. Wenn man diese Hinweise befolgt kann man sicher sein, dass man an dem Brett \u2013 unabh\u00e4ngig von dem Modell \u2013 sehr lange Freude haben wird.<\/div>\r\nF\u00fcr h\u00f6chste Anspr\u00fcche. Meistert jede Anforderung bei der Arbeit.\r\n\r\n<strong>H\u00f6he und Neigung<\/strong> sind stufenlos von\u00a0 9,6 cm bis auf 12,1 cm einstellbar.\r\n\r\nGro\u00dfe <strong>Saftrille<\/strong> mit Abfluss.\r\n\r\n<strong>Farben:<\/strong> Wei\u00df, Gr\u00fcn, Gelb, Blau, Schwarz und Rot.\r\n\r\n<strong>\u200bGewicht:<\/strong> inkl. Stellf\u00fcsse ca. 12,7 kg\r\n\r\n<strong>Abmessungen:<\/strong> 66 x 49 x 4 cm (L x B x H)","_et_gb_content_width":""},"product_brand":[],"product_cat":[15],"product_tag":[],"class_list":{"0":"post-222778","1":"product","2":"type-product","3":"status-publish","4":"has-post-thumbnail","6":"product_cat-schneidebretter","7":"product_shipping_class-paket","9":"first","10":"instock","11":"taxable","12":"shipping-taxable","13":"purchasable","14":"product-type-variable","15":"has-default-attributes"},"yoast_head":"<!-- This site is optimized with the Yoast SEO plugin v27.3 - https:\/\/yoast.com\/product\/yoast-seo-wordpress\/ -->\n<title>OPTIBOARD Premium - Optiboard - Premium Schneidebretter aus Kunststoff<\/title>\n<meta name=\"robots\" content=\"index, follow, max-snippet:-1, max-image-preview:large, max-video-preview:-1\" \/>\n<link rel=\"canonical\" href=\"https:\/\/optiboard.de\/it\/prodotto\/optiboard-premium-2\/\" \/>\n<meta property=\"og:locale\" content=\"it_IT\" \/>\n<meta property=\"og:type\" content=\"article\" \/>\n<meta property=\"og:title\" content=\"OPTIBOARD Premium - Optiboard - Premium Schneidebretter aus Kunststoff\" \/>\n<meta property=\"og:description\" content=\"Optiboard Premium\" \/>\n<meta property=\"og:url\" content=\"https:\/\/optiboard.de\/it\/prodotto\/optiboard-premium-2\/\" \/>\n<meta property=\"og:site_name\" content=\"Optiboard - Premium Schneidebretter aus Kunststoff\" \/>\n<meta property=\"article:publisher\" content=\"https:\/\/www.facebook.com\/optiboard.de\" \/>\n<meta property=\"article:modified_time\" content=\"2024-09-23T06:20:04+00:00\" \/>\n<meta property=\"og:image\" content=\"https:\/\/optiboard.de\/wp-content\/uploads\/Frei_Premium_weiss_offene-Fuesse_Neigung_Spitze-vorne.png\" \/>\n\t<meta property=\"og:image:width\" content=\"3056\" \/>\n\t<meta property=\"og:image:height\" content=\"3056\" \/>\n\t<meta property=\"og:image:type\" content=\"image\/png\" \/>\n<meta name=\"twitter:label1\" content=\"Tempo di lettura stimato\" \/>\n\t<meta name=\"twitter:data1\" content=\"4 minuti\" \/>\n<script type=\"application\/ld+json\" class=\"yoast-schema-graph\">{\"@context\":\"https:\\\/\\\/schema.org\",\"@graph\":[{\"@type\":\"WebPage\",\"@id\":\"https:\\\/\\\/optiboard.de\\\/produkt\\\/optiboard-premium-2\\\/\",\"url\":\"https:\\\/\\\/optiboard.de\\\/produkt\\\/optiboard-premium-2\\\/\",\"name\":\"OPTIBOARD Premium - Optiboard - Premium Schneidebretter aus Kunststoff\",\"isPartOf\":{\"@id\":\"https:\\\/\\\/optiboard.de\\\/#website\"},\"primaryImageOfPage\":{\"@id\":\"https:\\\/\\\/optiboard.de\\\/produkt\\\/optiboard-premium-2\\\/#primaryimage\"},\"image\":{\"@id\":\"https:\\\/\\\/optiboard.de\\\/produkt\\\/optiboard-premium-2\\\/#primaryimage\"},\"thumbnailUrl\":\"https:\\\/\\\/optiboard.de\\\/wp-content\\\/uploads\\\/Frei_Premium_weiss_offene-Fuesse_Neigung_Spitze-vorne.png\",\"datePublished\":\"2020-05-04T08:03:44+00:00\",\"dateModified\":\"2024-09-23T06:20:04+00:00\",\"breadcrumb\":{\"@id\":\"https:\\\/\\\/optiboard.de\\\/produkt\\\/optiboard-premium-2\\\/#breadcrumb\"},\"inLanguage\":\"it-IT\",\"potentialAction\":[{\"@type\":\"ReadAction\",\"target\":[\"https:\\\/\\\/optiboard.de\\\/produkt\\\/optiboard-premium-2\\\/\"]}]},{\"@type\":\"ImageObject\",\"inLanguage\":\"it-IT\",\"@id\":\"https:\\\/\\\/optiboard.de\\\/produkt\\\/optiboard-premium-2\\\/#primaryimage\",\"url\":\"https:\\\/\\\/optiboard.de\\\/wp-content\\\/uploads\\\/Frei_Premium_weiss_offene-Fuesse_Neigung_Spitze-vorne.png\",\"contentUrl\":\"https:\\\/\\\/optiboard.de\\\/wp-content\\\/uploads\\\/Frei_Premium_weiss_offene-Fuesse_Neigung_Spitze-vorne.png\",\"width\":3056,\"height\":3056},{\"@type\":\"BreadcrumbList\",\"@id\":\"https:\\\/\\\/optiboard.de\\\/produkt\\\/optiboard-premium-2\\\/#breadcrumb\",\"itemListElement\":[{\"@type\":\"ListItem\",\"position\":1,\"name\":\"Startseite\",\"item\":\"https:\\\/\\\/optiboard.de\\\/\"},{\"@type\":\"ListItem\",\"position\":2,\"name\":\"Produkte\",\"item\":\"https:\\\/\\\/optiboard.de\\\/shop__trashed\\\/\"},{\"@type\":\"ListItem\",\"position\":3,\"name\":\"OPTIBOARD Premium\"}]},{\"@type\":\"WebSite\",\"@id\":\"https:\\\/\\\/optiboard.de\\\/#website\",\"url\":\"https:\\\/\\\/optiboard.de\\\/\",\"name\":\"Optiboard - Premium Schneidebretter aus Kunststoff\",\"description\":\"Das h\u00f6henverstellbare Schneidebrett aus Kunststoff f\u00fcr die Profik\u00fcche im Gastro Gewerbe\",\"publisher\":{\"@id\":\"https:\\\/\\\/optiboard.de\\\/#organization\"},\"alternateName\":\"Gastro Profi K\u00fcchen Schneidebrett\",\"potentialAction\":[{\"@type\":\"SearchAction\",\"target\":{\"@type\":\"EntryPoint\",\"urlTemplate\":\"https:\\\/\\\/optiboard.de\\\/?s={search_term_string}\"},\"query-input\":{\"@type\":\"PropertyValueSpecification\",\"valueRequired\":true,\"valueName\":\"search_term_string\"}}],\"inLanguage\":\"it-IT\"},{\"@type\":\"Organization\",\"@id\":\"https:\\\/\\\/optiboard.de\\\/#organization\",\"name\":\"Optiboard by 1TECOplast GmbH Waldachtal\",\"url\":\"https:\\\/\\\/optiboard.de\\\/\",\"logo\":{\"@type\":\"ImageObject\",\"inLanguage\":\"it-IT\",\"@id\":\"https:\\\/\\\/optiboard.de\\\/#\\\/schema\\\/logo\\\/image\\\/\",\"url\":\"https:\\\/\\\/optiboard.de\\\/wp-content\\\/uploads\\\/OPTIBOARD_LOGO_RGB-scaled.jpg\",\"contentUrl\":\"https:\\\/\\\/optiboard.de\\\/wp-content\\\/uploads\\\/OPTIBOARD_LOGO_RGB-scaled.jpg\",\"width\":2560,\"height\":1810,\"caption\":\"Optiboard by 1TECOplast GmbH Waldachtal\"},\"image\":{\"@id\":\"https:\\\/\\\/optiboard.de\\\/#\\\/schema\\\/logo\\\/image\\\/\"},\"sameAs\":[\"https:\\\/\\\/www.facebook.com\\\/optiboard.de\"]}]}<\/script>\n<!-- \/ Yoast SEO plugin. -->","yoast_head_json":{"title":"OPTIBOARD Premium - Optiboard - Premium Schneidebretter aus Kunststoff","robots":{"index":"index","follow":"follow","max-snippet":"max-snippet:-1","max-image-preview":"max-image-preview:large","max-video-preview":"max-video-preview:-1"},"canonical":"https:\/\/optiboard.de\/it\/prodotto\/optiboard-premium-2\/","og_locale":"it_IT","og_type":"article","og_title":"OPTIBOARD Premium - Optiboard - Premium Schneidebretter aus Kunststoff","og_description":"Optiboard Premium","og_url":"https:\/\/optiboard.de\/it\/prodotto\/optiboard-premium-2\/","og_site_name":"Optiboard - Premium Schneidebretter aus Kunststoff","article_publisher":"https:\/\/www.facebook.com\/optiboard.de","article_modified_time":"2024-09-23T06:20:04+00:00","og_image":[{"width":3056,"height":3056,"url":"https:\/\/optiboard.de\/wp-content\/uploads\/Frei_Premium_weiss_offene-Fuesse_Neigung_Spitze-vorne.png","type":"image\/png"}],"twitter_misc":{"Tempo di lettura stimato":"4 minuti"},"schema":{"@context":"https:\/\/schema.org","@graph":[{"@type":"WebPage","@id":"https:\/\/optiboard.de\/produkt\/optiboard-premium-2\/","url":"https:\/\/optiboard.de\/produkt\/optiboard-premium-2\/","name":"OPTIBOARD Premium - Optiboard - Premium Schneidebretter aus Kunststoff","isPartOf":{"@id":"https:\/\/optiboard.de\/#website"},"primaryImageOfPage":{"@id":"https:\/\/optiboard.de\/produkt\/optiboard-premium-2\/#primaryimage"},"image":{"@id":"https:\/\/optiboard.de\/produkt\/optiboard-premium-2\/#primaryimage"},"thumbnailUrl":"https:\/\/optiboard.de\/wp-content\/uploads\/Frei_Premium_weiss_offene-Fuesse_Neigung_Spitze-vorne.png","datePublished":"2020-05-04T08:03:44+00:00","dateModified":"2024-09-23T06:20:04+00:00","breadcrumb":{"@id":"https:\/\/optiboard.de\/produkt\/optiboard-premium-2\/#breadcrumb"},"inLanguage":"it-IT","potentialAction":[{"@type":"ReadAction","target":["https:\/\/optiboard.de\/produkt\/optiboard-premium-2\/"]}]},{"@type":"ImageObject","inLanguage":"it-IT","@id":"https:\/\/optiboard.de\/produkt\/optiboard-premium-2\/#primaryimage","url":"https:\/\/optiboard.de\/wp-content\/uploads\/Frei_Premium_weiss_offene-Fuesse_Neigung_Spitze-vorne.png","contentUrl":"https:\/\/optiboard.de\/wp-content\/uploads\/Frei_Premium_weiss_offene-Fuesse_Neigung_Spitze-vorne.png","width":3056,"height":3056},{"@type":"BreadcrumbList","@id":"https:\/\/optiboard.de\/produkt\/optiboard-premium-2\/#breadcrumb","itemListElement":[{"@type":"ListItem","position":1,"name":"Startseite","item":"https:\/\/optiboard.de\/"},{"@type":"ListItem","position":2,"name":"Produkte","item":"https:\/\/optiboard.de\/shop__trashed\/"},{"@type":"ListItem","position":3,"name":"OPTIBOARD Premium"}]},{"@type":"WebSite","@id":"https:\/\/optiboard.de\/#website","url":"https:\/\/optiboard.de\/","name":"Optiboard - Premium Schneidebretter aus Kunststoff","description":"Das h\u00f6henverstellbare Schneidebrett aus Kunststoff f\u00fcr die Profik\u00fcche im Gastro Gewerbe","publisher":{"@id":"https:\/\/optiboard.de\/#organization"},"alternateName":"Gastro Profi K\u00fcchen Schneidebrett","potentialAction":[{"@type":"SearchAction","target":{"@type":"EntryPoint","urlTemplate":"https:\/\/optiboard.de\/?s={search_term_string}"},"query-input":{"@type":"PropertyValueSpecification","valueRequired":true,"valueName":"search_term_string"}}],"inLanguage":"it-IT"},{"@type":"Organization","@id":"https:\/\/optiboard.de\/#organization","name":"Optiboard by 1TECOplast GmbH Waldachtal","url":"https:\/\/optiboard.de\/","logo":{"@type":"ImageObject","inLanguage":"it-IT","@id":"https:\/\/optiboard.de\/#\/schema\/logo\/image\/","url":"https:\/\/optiboard.de\/wp-content\/uploads\/OPTIBOARD_LOGO_RGB-scaled.jpg","contentUrl":"https:\/\/optiboard.de\/wp-content\/uploads\/OPTIBOARD_LOGO_RGB-scaled.jpg","width":2560,"height":1810,"caption":"Optiboard by 1TECOplast GmbH Waldachtal"},"image":{"@id":"https:\/\/optiboard.de\/#\/schema\/logo\/image\/"},"sameAs":["https:\/\/www.facebook.com\/optiboard.de"]}]}},"_links":{"self":[{"href":"https:\/\/optiboard.de\/it\/wp-json\/wp\/v2\/product\/222778","targetHints":{"allow":["GET"]}}],"collection":[{"href":"https:\/\/optiboard.de\/it\/wp-json\/wp\/v2\/product"}],"about":[{"href":"https:\/\/optiboard.de\/it\/wp-json\/wp\/v2\/types\/product"}],"wp:featuredmedia":[{"embeddable":true,"href":"https:\/\/optiboard.de\/it\/wp-json\/wp\/v2\/media\/223205"}],"wp:attachment":[{"href":"https:\/\/optiboard.de\/it\/wp-json\/wp\/v2\/media?parent=222778"}],"wp:term":[{"taxonomy":"product_brand","embeddable":true,"href":"https:\/\/optiboard.de\/it\/wp-json\/wp\/v2\/product_brand?post=222778"},{"taxonomy":"product_cat","embeddable":true,"href":"https:\/\/optiboard.de\/it\/wp-json\/wp\/v2\/product_cat?post=222778"},{"taxonomy":"product_tag","embeddable":true,"href":"https:\/\/optiboard.de\/it\/wp-json\/wp\/v2\/product_tag?post=222778"}],"curies":[{"name":"wp","href":"https:\/\/api.w.org\/{rel}","templated":true}]}}