{"id":222886,"date":"2022-03-01T15:15:20","date_gmt":"2022-03-01T14:15:20","guid":{"rendered":"https:\/\/optiboard.server-sedv.de\/?page_id=222886"},"modified":"2022-03-10T10:50:24","modified_gmt":"2022-03-10T09:50:24","slug":"versandkosten","status":"publish","type":"page","link":"https:\/\/optiboard.de\/it\/versandkosten\/","title":{"rendered":"Spese di spedizione"},"content":{"rendered":"<p>[et_pb_section fb_built=&#8220;1&#8243; _builder_version=&#8220;4.14.8&#8243; _module_preset=&#8220;default&#8220; global_colors_info=&#8220;{}&#8220;][et_pb_row _builder_version=&#8220;4.14.8&#8243; _module_preset=&#8220;default&#8220; global_colors_info=&#8220;{}&#8220;][et_pb_column type=&#8220;4_4&#8243; _builder_version=&#8220;4.14.8&#8243; _module_preset=&#8220;default&#8220; global_colors_info=&#8220;{}&#8220;][et_pb_text _builder_version=&#8220;4.14.8&#8243; _module_preset=&#8220;default&#8220; text_font=&#8220;Lato||||||||&#8220; custom_margin=&#8220;2px|||||&#8220; hover_enabled=&#8220;0&#8243; global_module=&#8220;222664&#8243; saved_tabs=&#8220;all&#8220; locked=&#8220;off&#8220; global_colors_info=&#8220;{}&#8220; sticky_enabled=&#8220;0&#8243; text_font_size=&#8220;18px&#8220;]<\/p>\n<div class=\"fusion-text fusion-text-1\">\n<div class=\"fusion-text fusion-text-1\">\n<p>\u200bDie H\u00f6he der Versandkosten ist abh\u00e4ngig von dem Gesamtgewicht Deiner Bestellung und dem Lieferort.<\/p>\n<p>Innerhalb Deutschlands versenden wir versandkostenfrei !! Au\u00dfer Inseln und Sonderanschriften.<span style=\"font-size: 15px;\">\u00a0<\/span><\/p>\n<p>&nbsp;<\/p>\n<\/div>\n<div class=\"table-1 fusion-no-small-visibility versandtabelle\">\n<table width=\"100%\">\n<thead>\n<tr>\n<th align=\"left\">VERSANDKOSTEN<br \/>INS AUSLAND<\/th>\n<th align=\"left\">0-5\u00a0KG<\/th>\n<th align=\"left\">6-10\u00a0KG<\/th>\n<th align=\"left\">10-15\u00a0KG<\/th>\n<th align=\"left\">16-30\u00a0KG<\/th>\n<th align=\"left\">\u00dcBER 31\u00a0KG<\/th>\n<\/tr>\n<\/thead>\n<tbody>\n<tr>\n<td align=\"left\">EU<\/td>\n<td align=\"left\">14,90\u00a0\u20ac<\/td>\n<td align=\"left\">19,90\u00a0\u20ac<\/td>\n<td align=\"left\">24,90\u00a0\u20ac<\/td>\n<td align=\"left\">49,80\u00a0\u20ac<\/td>\n<td align=\"left\">69,90\u00a0\u20ac<\/td>\n<\/tr>\n<tr>\n<td align=\"left\">Schweiz<br \/>Liechtenstein<\/td>\n<td align=\"left\">40,00\u00a0\u20ac<\/td>\n<td align=\"left\">43,00\u00a0\u20ac<\/td>\n<td align=\"left\">44,00\u00a0\u20ac<\/td>\n<td align=\"left\">50,00\u00a0\u20ac<\/td>\n<td align=\"left\">74,00 \u20ac<br \/>(jeweils inkl. Verzollung)<\/td>\n<\/tr>\n<\/tbody>\n<\/table>\n<\/div>\n<div class=\"fusion-sep-clear\"><\/div>\n<div class=\"fusion-separator fusion-full-width-sep\"><\/div>\n<div class=\"fusion-sep-clear\"><\/div>\n<div class=\"fusion-text fusion-text-2\">\n<p>Weitere L\u00e4nder auf Anfrage.<\/p>\n<p>\u200bAb 1.000 \u20ac Warenwert liefern wir auch innerhalb Europas versandkostenfrei!!!!<\/p>\n<\/div>\n<\/div>\n<p>[\/et_pb_text][\/et_pb_column][\/et_pb_row][et_pb_row _builder_version=&#8220;4.14.8&#8243; _module_preset=&#8220;default&#8220; global_colors_info=&#8220;{}&#8220;][et_pb_column type=&#8220;4_4&#8243; _builder_version=&#8220;4.14.8&#8243; _module_preset=&#8220;default&#8220; global_colors_info=&#8220;{}&#8220;][et_pb_text _builder_version=&#8220;4.14.8&#8243; _module_preset=&#8220;default&#8220; text_font=&#8220;Lato||||||||&#8220; text_text_color=&#8220;gcid-d7db1e9e-1560-46c5-994c-de891539e1c9&#8243; header_font=&#8220;Lato|700|||||||&#8220; header_text_align=&#8220;center&#8220; header_text_color=&#8220;gcid-d7db1e9e-1560-46c5-994c-de891539e1c9&#8243; header_font_size=&#8220;26px&#8220; header_3_font=&#8220;Lato|700|||||||&#8220; header_3_text_color=&#8220;gcid-d7db1e9e-1560-46c5-994c-de891539e1c9&#8243; header_3_font_size=&#8220;20px&#8220; global_colors_info=&#8220;{%22gcid-d7db1e9e-1560-46c5-994c-de891539e1c9%22:%91%22text_text_color%22,%22header_text_color%22,%22header_3_text_color%22%93}&#8220;]<\/p>\n<h1 class=\"fusion-responsive-typography-calculated uppercase\" data-fontsize=\"48\" data-lineheight=\"67.2px\" style=\"text-align: left;\"><span><strong>BEI GR\u00d6SSEREN ST\u00dcCKZAHLEN AB CA. 5 OPTIBOARDS KONTAKTIERE UNS BITTE <a href=\"https:\/\/optiboard.de\/kontakt\/\" target=\"_blank\" rel=\"noopener\">\u00dcBER DAS KONTAKTFORMULAR!<\/a><\/strong><\/span><\/h1>\n<p><span><strong><\/strong><\/span><\/p>\n<p>[\/et_pb_text][et_pb_button button_url=&#8220;@ET-DC@eyJkeW5hbWljIjp0cnVlLCJjb250ZW50IjoicG9zdF9saW5rX3VybF9wYWdlIiwic2V0dGluZ3MiOnsicG9zdF9pZCI6IjIyMjY3OSJ9fQ==@&#8220; button_text=&#8220;Kontaktformular&#8220; button_alignment=&#8220;center&#8220; _builder_version=&#8220;4.14.8&#8243; _dynamic_attributes=&#8220;button_url&#8220; _module_preset=&#8220;default&#8220; custom_button=&#8220;on&#8220; button_text_color=&#8220;gcid-d7db1e9e-1560-46c5-994c-de891539e1c9&#8243; button_icon=&#8220;&#x24;||divi||400&#8243; button_icon_color=&#8220;gcid-d7db1e9e-1560-46c5-994c-de891539e1c9&#8243; global_colors_info=&#8220;{%22gcid-d7db1e9e-1560-46c5-994c-de891539e1c9%22:%91%22button_text_color%22,%22button_icon_color%22%93}&#8220;][\/et_pb_button][\/et_pb_column][\/et_pb_row][et_pb_row _builder_version=&#8220;4.14.8&#8243; _module_preset=&#8220;default&#8220; global_colors_info=&#8220;{}&#8220;][et_pb_column type=&#8220;4_4&#8243; _builder_version=&#8220;4.14.8&#8243; _module_preset=&#8220;default&#8220; global_colors_info=&#8220;{}&#8220;][et_pb_text _builder_version=&#8220;4.14.8&#8243; _module_preset=&#8220;default&#8220; text_font=&#8220;Lato||||||||&#8220; text_font_size=&#8220;18px&#8220; custom_margin=&#8220;2px|||||&#8220; hover_enabled=&#8220;0&#8243; global_module=&#8220;222664&#8243; saved_tabs=&#8220;all&#8220; locked=&#8220;off&#8220; global_colors_info=&#8220;{}&#8220; sticky_enabled=&#8220;0&#8243;]<\/p>\n<div class=\"fusion-text fusion-text-1\">\n<p>Bei Lieferungen in das Nicht-EU Ausland fallen zus\u00e4tzliche Z\u00f6lle, Steuern und Geb\u00fchren an.<\/p>\n<p>Der Standardversand erfolgt \u00fcber DPD oder Spedition und dauert innerhalb Deutschlands ca. 3 Werktage, in die EU ca. 7 Werktage.\u00a0 In Nicht-EU L\u00e4nder auf Anfrage. Diese Laufzeiten sind unverbindliche Regelzeiten unseres Paketdienstes.<\/p>\n<\/div>\n<div class=\"fusion-text fusion-text-2\"><\/div>\n<p>[\/et_pb_text][\/et_pb_column][\/et_pb_row][\/et_pb_section]<\/p>\n","protected":false},"excerpt":{"rendered":"<p>\u200bDie H\u00f6he der Versandkosten ist abh\u00e4ngig von dem Gesamtgewicht Deiner Bestellung und dem Lieferort. Innerhalb Deutschlands versenden wir versandkostenfrei !! Au\u00dfer Inseln und Sonderanschriften.\u00a0 &nbsp; VERSANDKOSTENINS AUSLAND 0-5\u00a0KG 6-10\u00a0KG 10-15\u00a0KG 16-30\u00a0KG \u00dcBER 31\u00a0KG EU 14,90\u00a0\u20ac 19,90\u00a0\u20ac 24,90\u00a0\u20ac 49,80\u00a0\u20ac 69,90\u00a0\u20ac SchweizLiechtenstein 40,00\u00a0\u20ac 43,00\u00a0\u20ac 44,00\u00a0\u20ac 50,00\u00a0\u20ac 74,00 \u20ac(jeweils inkl. Verzollung) Weitere L\u00e4nder auf Anfrage. \u200bAb 1.000 \u20ac [&hellip;]<\/p>\n","protected":false},"author":11,"featured_media":0,"parent":0,"menu_order":0,"comment_status":"closed","ping_status":"closed","template":"","meta":{"_et_pb_use_builder":"on","_et_pb_old_content":"","_et_gb_content_width":"","footnotes":""},"class_list":["post-222886","page","type-page","status-publish","hentry"],"yoast_head":"<!-- This site is optimized with the Yoast SEO plugin v27.3 - https:\/\/yoast.com\/product\/yoast-seo-wordpress\/ -->\n<title>Versandkosten - Optiboard - Premium Schneidebretter aus Kunststoff<\/title>\n<meta name=\"robots\" content=\"index, follow, max-snippet:-1, max-image-preview:large, max-video-preview:-1\" \/>\n<link rel=\"canonical\" href=\"https:\/\/optiboard.de\/it\/versandkosten\/\" \/>\n<meta property=\"og:locale\" content=\"it_IT\" \/>\n<meta property=\"og:type\" content=\"article\" \/>\n<meta property=\"og:title\" content=\"Versandkosten - Optiboard - Premium Schneidebretter aus Kunststoff\" \/>\n<meta property=\"og:description\" content=\"\u200bDie H\u00f6he der Versandkosten ist abh\u00e4ngig von dem Gesamtgewicht Deiner Bestellung und dem Lieferort. Innerhalb Deutschlands versenden wir versandkostenfrei !! Au\u00dfer Inseln und Sonderanschriften.\u00a0 &nbsp; VERSANDKOSTENINS AUSLAND 0-5\u00a0KG 6-10\u00a0KG 10-15\u00a0KG 16-30\u00a0KG \u00dcBER 31\u00a0KG EU 14,90\u00a0\u20ac 19,90\u00a0\u20ac 24,90\u00a0\u20ac 49,80\u00a0\u20ac 69,90\u00a0\u20ac SchweizLiechtenstein 40,00\u00a0\u20ac 43,00\u00a0\u20ac 44,00\u00a0\u20ac 50,00\u00a0\u20ac 74,00 \u20ac(jeweils inkl. Verzollung) Weitere L\u00e4nder auf Anfrage. \u200bAb 1.000 \u20ac [&hellip;]\" \/>\n<meta property=\"og:url\" content=\"https:\/\/optiboard.de\/it\/versandkosten\/\" \/>\n<meta property=\"og:site_name\" content=\"Optiboard - Premium Schneidebretter aus Kunststoff\" \/>\n<meta property=\"article:publisher\" content=\"https:\/\/www.facebook.com\/optiboard.de\" \/>\n<meta property=\"article:modified_time\" content=\"2022-03-10T09:50:24+00:00\" \/>\n<meta property=\"og:image\" content=\"https:\/\/optiboard.de\/wp-content\/uploads\/scene01.jpg\" \/>\n\t<meta property=\"og:image:width\" content=\"2200\" \/>\n\t<meta property=\"og:image:height\" content=\"1656\" \/>\n\t<meta property=\"og:image:type\" content=\"image\/jpeg\" \/>\n<script type=\"application\/ld+json\" class=\"yoast-schema-graph\">{\"@context\":\"https:\\\/\\\/schema.org\",\"@graph\":[{\"@type\":\"WebPage\",\"@id\":\"https:\\\/\\\/optiboard.de\\\/versandkosten\\\/\",\"url\":\"https:\\\/\\\/optiboard.de\\\/versandkosten\\\/\",\"name\":\"Versandkosten - Optiboard - Premium Schneidebretter aus Kunststoff\",\"isPartOf\":{\"@id\":\"https:\\\/\\\/optiboard.de\\\/#website\"},\"datePublished\":\"2022-03-01T14:15:20+00:00\",\"dateModified\":\"2022-03-10T09:50:24+00:00\",\"breadcrumb\":{\"@id\":\"https:\\\/\\\/optiboard.de\\\/versandkosten\\\/#breadcrumb\"},\"inLanguage\":\"it-IT\",\"potentialAction\":[{\"@type\":\"ReadAction\",\"target\":[\"https:\\\/\\\/optiboard.de\\\/versandkosten\\\/\"]}]},{\"@type\":\"BreadcrumbList\",\"@id\":\"https:\\\/\\\/optiboard.de\\\/versandkosten\\\/#breadcrumb\",\"itemListElement\":[{\"@type\":\"ListItem\",\"position\":1,\"name\":\"Startseite\",\"item\":\"https:\\\/\\\/optiboard.de\\\/\"},{\"@type\":\"ListItem\",\"position\":2,\"name\":\"Versandkosten\"}]},{\"@type\":\"WebSite\",\"@id\":\"https:\\\/\\\/optiboard.de\\\/#website\",\"url\":\"https:\\\/\\\/optiboard.de\\\/\",\"name\":\"Optiboard - Premium Schneidebretter aus Kunststoff\",\"description\":\"Das h\u00f6henverstellbare Schneidebrett aus Kunststoff f\u00fcr die Profik\u00fcche im Gastro Gewerbe\",\"publisher\":{\"@id\":\"https:\\\/\\\/optiboard.de\\\/#organization\"},\"alternateName\":\"Gastro Profi K\u00fcchen Schneidebrett\",\"potentialAction\":[{\"@type\":\"SearchAction\",\"target\":{\"@type\":\"EntryPoint\",\"urlTemplate\":\"https:\\\/\\\/optiboard.de\\\/?s={search_term_string}\"},\"query-input\":{\"@type\":\"PropertyValueSpecification\",\"valueRequired\":true,\"valueName\":\"search_term_string\"}}],\"inLanguage\":\"it-IT\"},{\"@type\":\"Organization\",\"@id\":\"https:\\\/\\\/optiboard.de\\\/#organization\",\"name\":\"Optiboard by 1TECOplast GmbH Waldachtal\",\"url\":\"https:\\\/\\\/optiboard.de\\\/\",\"logo\":{\"@type\":\"ImageObject\",\"inLanguage\":\"it-IT\",\"@id\":\"https:\\\/\\\/optiboard.de\\\/#\\\/schema\\\/logo\\\/image\\\/\",\"url\":\"https:\\\/\\\/optiboard.de\\\/wp-content\\\/uploads\\\/OPTIBOARD_LOGO_RGB-scaled.jpg\",\"contentUrl\":\"https:\\\/\\\/optiboard.de\\\/wp-content\\\/uploads\\\/OPTIBOARD_LOGO_RGB-scaled.jpg\",\"width\":2560,\"height\":1810,\"caption\":\"Optiboard by 1TECOplast GmbH Waldachtal\"},\"image\":{\"@id\":\"https:\\\/\\\/optiboard.de\\\/#\\\/schema\\\/logo\\\/image\\\/\"},\"sameAs\":[\"https:\\\/\\\/www.facebook.com\\\/optiboard.de\"]}]}<\/script>\n<!-- \/ Yoast SEO plugin. -->","yoast_head_json":{"title":"Versandkosten - Optiboard - Premium Schneidebretter aus Kunststoff","robots":{"index":"index","follow":"follow","max-snippet":"max-snippet:-1","max-image-preview":"max-image-preview:large","max-video-preview":"max-video-preview:-1"},"canonical":"https:\/\/optiboard.de\/it\/versandkosten\/","og_locale":"it_IT","og_type":"article","og_title":"Versandkosten - Optiboard - Premium Schneidebretter aus Kunststoff","og_description":"\u200bDie H\u00f6he der Versandkosten ist abh\u00e4ngig von dem Gesamtgewicht Deiner Bestellung und dem Lieferort. Innerhalb Deutschlands versenden wir versandkostenfrei !! Au\u00dfer Inseln und Sonderanschriften.\u00a0 &nbsp; VERSANDKOSTENINS AUSLAND 0-5\u00a0KG 6-10\u00a0KG 10-15\u00a0KG 16-30\u00a0KG \u00dcBER 31\u00a0KG EU 14,90\u00a0\u20ac 19,90\u00a0\u20ac 24,90\u00a0\u20ac 49,80\u00a0\u20ac 69,90\u00a0\u20ac SchweizLiechtenstein 40,00\u00a0\u20ac 43,00\u00a0\u20ac 44,00\u00a0\u20ac 50,00\u00a0\u20ac 74,00 \u20ac(jeweils inkl. Verzollung) Weitere L\u00e4nder auf Anfrage. \u200bAb 1.000 \u20ac [&hellip;]","og_url":"https:\/\/optiboard.de\/it\/versandkosten\/","og_site_name":"Optiboard - Premium Schneidebretter aus Kunststoff","article_publisher":"https:\/\/www.facebook.com\/optiboard.de","article_modified_time":"2022-03-10T09:50:24+00:00","og_image":[{"width":2200,"height":1656,"url":"https:\/\/optiboard.de\/wp-content\/uploads\/scene01.jpg","type":"image\/jpeg"}],"schema":{"@context":"https:\/\/schema.org","@graph":[{"@type":"WebPage","@id":"https:\/\/optiboard.de\/versandkosten\/","url":"https:\/\/optiboard.de\/versandkosten\/","name":"Versandkosten - Optiboard - Premium Schneidebretter aus Kunststoff","isPartOf":{"@id":"https:\/\/optiboard.de\/#website"},"datePublished":"2022-03-01T14:15:20+00:00","dateModified":"2022-03-10T09:50:24+00:00","breadcrumb":{"@id":"https:\/\/optiboard.de\/versandkosten\/#breadcrumb"},"inLanguage":"it-IT","potentialAction":[{"@type":"ReadAction","target":["https:\/\/optiboard.de\/versandkosten\/"]}]},{"@type":"BreadcrumbList","@id":"https:\/\/optiboard.de\/versandkosten\/#breadcrumb","itemListElement":[{"@type":"ListItem","position":1,"name":"Startseite","item":"https:\/\/optiboard.de\/"},{"@type":"ListItem","position":2,"name":"Versandkosten"}]},{"@type":"WebSite","@id":"https:\/\/optiboard.de\/#website","url":"https:\/\/optiboard.de\/","name":"Optiboard - Premium Schneidebretter aus Kunststoff","description":"Das h\u00f6henverstellbare Schneidebrett aus Kunststoff f\u00fcr die Profik\u00fcche im Gastro Gewerbe","publisher":{"@id":"https:\/\/optiboard.de\/#organization"},"alternateName":"Gastro Profi K\u00fcchen Schneidebrett","potentialAction":[{"@type":"SearchAction","target":{"@type":"EntryPoint","urlTemplate":"https:\/\/optiboard.de\/?s={search_term_string}"},"query-input":{"@type":"PropertyValueSpecification","valueRequired":true,"valueName":"search_term_string"}}],"inLanguage":"it-IT"},{"@type":"Organization","@id":"https:\/\/optiboard.de\/#organization","name":"Optiboard by 1TECOplast GmbH Waldachtal","url":"https:\/\/optiboard.de\/","logo":{"@type":"ImageObject","inLanguage":"it-IT","@id":"https:\/\/optiboard.de\/#\/schema\/logo\/image\/","url":"https:\/\/optiboard.de\/wp-content\/uploads\/OPTIBOARD_LOGO_RGB-scaled.jpg","contentUrl":"https:\/\/optiboard.de\/wp-content\/uploads\/OPTIBOARD_LOGO_RGB-scaled.jpg","width":2560,"height":1810,"caption":"Optiboard by 1TECOplast GmbH Waldachtal"},"image":{"@id":"https:\/\/optiboard.de\/#\/schema\/logo\/image\/"},"sameAs":["https:\/\/www.facebook.com\/optiboard.de"]}]}},"_links":{"self":[{"href":"https:\/\/optiboard.de\/it\/wp-json\/wp\/v2\/pages\/222886","targetHints":{"allow":["GET"]}}],"collection":[{"href":"https:\/\/optiboard.de\/it\/wp-json\/wp\/v2\/pages"}],"about":[{"href":"https:\/\/optiboard.de\/it\/wp-json\/wp\/v2\/types\/page"}],"author":[{"embeddable":true,"href":"https:\/\/optiboard.de\/it\/wp-json\/wp\/v2\/users\/11"}],"replies":[{"embeddable":true,"href":"https:\/\/optiboard.de\/it\/wp-json\/wp\/v2\/comments?post=222886"}],"version-history":[{"count":5,"href":"https:\/\/optiboard.de\/it\/wp-json\/wp\/v2\/pages\/222886\/revisions"}],"predecessor-version":[{"id":222924,"href":"https:\/\/optiboard.de\/it\/wp-json\/wp\/v2\/pages\/222886\/revisions\/222924"}],"wp:attachment":[{"href":"https:\/\/optiboard.de\/it\/wp-json\/wp\/v2\/media?parent=222886"}],"curies":[{"name":"wp","href":"https:\/\/api.w.org\/{rel}","templated":true}]}}