{"id":222660,"date":"2021-12-14T15:55:29","date_gmt":"2021-12-14T14:55:29","guid":{"rendered":"https:\/\/optiboard.server-sedv.de\/?page_id=222660"},"modified":"2024-03-22T08:24:34","modified_gmt":"2024-03-22T07:24:34","slug":"bedienhinweise","status":"publish","type":"page","link":"https:\/\/optiboard.de\/it\/bedienhinweise\/","title":{"rendered":"Istruzioni per l'uso"},"content":{"rendered":"<p>[et_pb_section fb_built=&#8220;1&#8243; _builder_version=&#8220;4.16&#8243; _module_preset=&#8220;default&#8220; global_colors_info=&#8220;{}&#8220;][et_pb_row _builder_version=&#8220;4.16&#8243; _module_preset=&#8220;default&#8220; global_colors_info=&#8220;{}&#8220;][et_pb_column type=&#8220;4_4&#8243; _builder_version=&#8220;4.16&#8243; _module_preset=&#8220;default&#8220; global_colors_info=&#8220;{}&#8220;][et_pb_text _builder_version=&#8220;4.16&#8243; _module_preset=&#8220;default&#8220; text_font=&#8220;Lato||||||||&#8220; text_text_color=&#8220;gcid-d7db1e9e-1560-46c5-994c-de891539e1c9&#8243; header_font=&#8220;Lato|700|||||||&#8220; header_text_align=&#8220;left&#8220; header_text_color=&#8220;gcid-d7db1e9e-1560-46c5-994c-de891539e1c9&#8243; header_font_size=&#8220;26px&#8220; global_colors_info=&#8220;{%22gcid-d7db1e9e-1560-46c5-994c-de891539e1c9%22:%91%22text_text_color%22,%22header_text_color%22%93}&#8220;]<\/p>\n<h1>Optiboard \u2013 das K\u00fcchenbrett f\u00fcr Profis<\/h1>\n<p>[\/et_pb_text][et_pb_text _builder_version=&#8220;4.16&#8243; _module_preset=&#8220;default&#8220; text_font=&#8220;Lato||||||||&#8220; text_line_height=&#8220;2.9em&#8220; global_colors_info=&#8220;{}&#8220;]<\/p>\n<p><strong>Wenn Sie das Schneidbrett immer in der richtigen Weise benutzen und pflegen, so wird es Ihnen viele Jahre lang dienen.<\/strong><\/p>\n<ol>\n<li>Vor Gebrauch entfernen Sie bitte vorsichtig die Transportverpackung und entsorgen Sie diese bitte durch Zuf\u00fchrung zum Wertstoffkreislauf oder Recycling.<\/li>\n<li>Entfernen Sie die Schutzfolie auf der Schneidoberfl\u00e4che.<\/li>\n<li>Achten Sie beim Transport des Schneidbrettes auf sicheren Halt und lassen Sie das Schneidbrett nicht auf den Boden fallen. Das Schneidbrett k\u00f6nnte besch\u00e4digt werden und Sie k\u00f6nnten sich verletzen.<\/li>\n<li>Stellen Sie das Schneidbrett auf eine Tisch- oder Arbeitsplatte und drehen Sie die Stellf\u00fcsse an allen 4 Seiten auf die gew\u00fcnschte H\u00f6he und Neigung.<\/li>\n<li>Nach dem Gebrauch reinigen Sie bitte das Schneidbrett mit Reinigungsmitteln, welche durch die (BGN) Berufsgenossenschaft Nahrungsmittel und Gastst\u00e4tten im Bereich Lebensmittel Zubereitung zugelassen und empfohlen sind. Die Reinigung mit Wasser ist meist ausreichend. Sofern die Gr\u00f6\u00dfe ausreichend ist, kann das Schneidbrett auch in gro\u00dfen Sp\u00fclmaschinen gewaschen werden. Die Temperatur sollte hierbei 75\u00b0 C betragen um absolute Hygiene zu erreichen.<br \/>Verf\u00e4rbungen z. B.\u00a0 durch schneiden von Rote Beete k\u00f6nnen Sie durch leichtes auftragen von Speise-, Salat- oder Oliven\u00f6l einige Minuten einwirken lassen. Danach das Brett mit geeignetem Sp\u00fclmittel und warmem Wasser absp\u00fclen.<br \/>Reinigen Sie das Schneidbrett gr\u00fcndlich, wenn unterschiedliche Lebensmittel wie Fleisch, Fisch oder z.B. Gem\u00fcse wechselnd zubereitet werden.<\/li>\n<li>Beachten Sie die Hinweise der deutschen Gesetzlichen Unfallversicherung, Berufsgenossenschaft und Arbeitssicherheit:<br \/>GUV-R 111 \/ Regel \u2013 Arbeiten in K\u00fcchenbetrieben<br \/>BGR 111 \u201eArbeiten in K\u00fcchenbetrieben<br \/>ASI 8.20\/04 \u201eHygiene in K\u00fcchen\u201c<br \/>Leitlinie f\u00fcr eine gute Hygienepraxis in der Gastronomie (DEHOGA)<br \/>Eine HACCP Konzept oder Zertifizierung wird f\u00fcr die Verarbeitung von Lebensmitteln empfohlen.<\/li>\n<li>Lagern Sie das Schneidbrett m\u00f6glichst in trocken R\u00e4umen, setzen Sie das Schneidbrett nicht dauerhaft Minusgraden oder direkter Sonnenbestrahlung aus.<\/li>\n<li>Aus Erfahrung hat das Schneidbrett eine lange Lebensdauer. Sollte die Oberfl\u00e4che durch massiven Dauergebrauch wider Erwarten doch besch\u00e4digt werden, so k\u00f6nnen leichtere Sch\u00e4den mit einem Schleifschwamm korrigiert werden, bzw. schwerere Sch\u00e4den (tiefe Einkerbungen) durch Abhobeln beim Tischler oder Schreiner, oder durch \u00dcberfr\u00e4sen der Oberfl\u00e4che.<\/li>\n<li>Die Stellf\u00fcsse k\u00f6nnen abgeschraubt werden.<\/li>\n<li>Als Rutschsicherung sind im unteren Teil des Stellfusses Gummiringe eingelassen.<\/li>\n<\/ol>\n<p>Diese Ausf\u00fchrungen erheben keinen Anspruch auf Vollst\u00e4ndigkeit.<\/p>\n<p>[\/et_pb_text][\/et_pb_column][\/et_pb_row][\/et_pb_section][et_pb_section fb_built=&#8220;1&#8243; _builder_version=&#8220;4.16&#8243; _module_preset=&#8220;default&#8220; background_color=&#8220;#333333&#8243; min_height=&#8220;187.4px&#8220; global_colors_info=&#8220;{}&#8220;][et_pb_row _builder_version=&#8220;4.16&#8243; _module_preset=&#8220;default&#8220; global_colors_info=&#8220;{}&#8220;][et_pb_column type=&#8220;4_4&#8243; _builder_version=&#8220;4.16&#8243; _module_preset=&#8220;default&#8220; global_colors_info=&#8220;{}&#8220;][et_pb_text _builder_version=&#8220;4.16&#8243; _module_preset=&#8220;default&#8220; text_font=&#8220;|700|||||||&#8220; text_text_color=&#8220;gcid-bbbb153d-88b9-449c-975e-14eb571e88d6&#8243; text_font_size=&#8220;18px&#8220; custom_margin=&#8220;||-4px|||&#8220; global_colors_info=&#8220;{%22gcid-bbbb153d-88b9-449c-975e-14eb571e88d6%22:%91%22text_text_color%22%93}&#8220;]<\/p>\n<p style=\"text-align: center;\">WIR W\u00dcNSCHEN IHNEN VIEL FREUDE UND GUTES GELINGEN MIT DEM OPTIBOARD SCHNEIDBRETT.<\/p>\n<p style=\"text-align: center;\">[\/et_pb_text][et_pb_divider color=&#8220;gcid-bbbb153d-88b9-449c-975e-14eb571e88d6&#8243; _builder_version=&#8220;4.16&#8243; _module_preset=&#8220;default&#8220; global_colors_info=&#8220;{%22gcid-bbbb153d-88b9-449c-975e-14eb571e88d6%22:%91%22color%22%93}&#8220;][\/et_pb_divider][\/et_pb_column][\/et_pb_row][\/et_pb_section][et_pb_section fb_built=&#8220;1&#8243; _builder_version=&#8220;4.16&#8243; _module_preset=&#8220;default&#8220; global_colors_info=&#8220;{}&#8220;][et_pb_row column_structure=&#8220;1_2,1_2&#8243; _builder_version=&#8220;4.16&#8243; _module_preset=&#8220;default&#8220; global_colors_info=&#8220;{}&#8220;][et_pb_column type=&#8220;1_2&#8243; _builder_version=&#8220;4.16&#8243; _module_preset=&#8220;default&#8220; global_colors_info=&#8220;{}&#8220;][et_pb_text _builder_version=&#8220;4.16&#8243; _module_preset=&#8220;default&#8220; text_font=&#8220;Lato||||||||&#8220; text_text_color=&#8220;gcid-d7db1e9e-1560-46c5-994c-de891539e1c9&#8243; header_font=&#8220;Lato|700|||||||&#8220; header_text_align=&#8220;center&#8220; header_text_color=&#8220;gcid-d7db1e9e-1560-46c5-994c-de891539e1c9&#8243; header_font_size=&#8220;26px&#8220; header_3_font=&#8220;Lato|700|||||||&#8220; header_3_text_color=&#8220;gcid-d7db1e9e-1560-46c5-994c-de891539e1c9&#8243; header_3_font_size=&#8220;20px&#8220; custom_margin=&#8220;||9px|||&#8220; global_colors_info=&#8220;{%22gcid-d7db1e9e-1560-46c5-994c-de891539e1c9%22:%91%22text_text_color%22,%22header_text_color%22,%22header_3_text_color%22%93}&#8220;]<\/p>\n<h3>DER WERKSTOFF<\/h3>\n<p>[\/et_pb_text][et_pb_text _builder_version=&#8220;4.16&#8243; _module_preset=&#8220;default&#8220; text_font=&#8220;Lato||||||||&#8220; text_font_size=&#8220;15px&#8220; custom_margin=&#8220;2px|||||&#8220; saved_tabs=&#8220;all&#8220; locked=&#8220;off&#8220; global_colors_info=&#8220;{}&#8220;]F\u00fcr die Herstellung unserer Schneidbretter verwenden wir nur Werkstoffe aus hochmolekularem PolyEthylen  mit einer Dichte  ( g\/cm3 ) von 0,93 und 0,95 nach DIN EN ISO 1183.\u200b<br \/>\nDas Material entspricht der Lebensmittelkonformit\u00e4t EU und FDA bei Farbe \u201cwei\u00df\/natur\/gr\u00fcn. F\u00fcr die Farben schwarz, blau, rot und gelb gilt die EU-Lebensmittelkonformit\u00e4t. \u200b[\/et_pb_text][\/et_pb_column][et_pb_column type=&#8220;1_2&#8243; _builder_version=&#8220;4.16&#8243; _module_preset=&#8220;default&#8220; global_colors_info=&#8220;{}&#8220;][et_pb_text _builder_version=&#8220;4.16&#8243; _module_preset=&#8220;default&#8220; text_font=&#8220;Lato||||||||&#8220; text_font_size=&#8220;15px&#8220; custom_margin=&#8220;2px|||||&#8220; custom_padding=&#8220;38px|||||&#8220; locked=&#8220;off&#8220; global_colors_info=&#8220;{}&#8220;]F\u00fcr die Herstellung unserer Schneidbretter verwenden wir nur Werkstoffe aus hochmolekularem PolyEthylen  mit einer Dichte  ( g\/cm3 ) von 0,93 und 0,95 nach DIN EN ISO 1183.\u200b<br \/>\nDas Material entspricht der Lebensmittelkonformit\u00e4t EU und FDA bei Farbe \u201cwei\u00df\/natur\/gr\u00fcn. F\u00fcr die Farben schwarz, blau, rot und gelb gilt die EU-Lebensmittelkonformit\u00e4t. \u200b[\/et_pb_text][\/et_pb_column][\/et_pb_row][\/et_pb_section]<\/p>\n","protected":false},"excerpt":{"rendered":"<p>Optiboard \u2013 das K\u00fcchenbrett f\u00fcr ProfisWenn Sie das Schneidbrett immer in der richtigen Weise benutzen und pflegen, so wird es Ihnen viele Jahre lang dienen. Vor Gebrauch entfernen Sie bitte vorsichtig die Transportverpackung und entsorgen Sie diese bitte durch Zuf\u00fchrung zum Wertstoffkreislauf oder Recycling. Entfernen Sie die Schutzfolie auf der Schneidoberfl\u00e4che. Achten Sie beim Transport [&hellip;]<\/p>\n","protected":false},"author":11,"featured_media":0,"parent":0,"menu_order":0,"comment_status":"closed","ping_status":"closed","template":"","meta":{"_et_pb_use_builder":"on","_et_pb_old_content":"","_et_gb_content_width":"","footnotes":""},"class_list":["post-222660","page","type-page","status-publish","hentry"],"yoast_head":"<!-- This site is optimized with the Yoast SEO plugin v27.3 - https:\/\/yoast.com\/product\/yoast-seo-wordpress\/ -->\n<title>Bedienhinweise - Optiboard - Premium Schneidebretter aus Kunststoff<\/title>\n<meta name=\"robots\" content=\"index, follow, max-snippet:-1, max-image-preview:large, max-video-preview:-1\" \/>\n<link rel=\"canonical\" href=\"https:\/\/optiboard.de\/it\/bedienhinweise\/\" \/>\n<meta property=\"og:locale\" content=\"it_IT\" \/>\n<meta property=\"og:type\" content=\"article\" \/>\n<meta property=\"og:title\" content=\"Bedienhinweise - Optiboard - Premium Schneidebretter aus Kunststoff\" \/>\n<meta property=\"og:description\" content=\"Optiboard \u2013 das K\u00fcchenbrett f\u00fcr ProfisWenn Sie das Schneidbrett immer in der richtigen Weise benutzen und pflegen, so wird es Ihnen viele Jahre lang dienen. Vor Gebrauch entfernen Sie bitte vorsichtig die Transportverpackung und entsorgen Sie diese bitte durch Zuf\u00fchrung zum Wertstoffkreislauf oder Recycling. Entfernen Sie die Schutzfolie auf der Schneidoberfl\u00e4che. Achten Sie beim Transport [&hellip;]\" \/>\n<meta property=\"og:url\" content=\"https:\/\/optiboard.de\/it\/bedienhinweise\/\" \/>\n<meta property=\"og:site_name\" content=\"Optiboard - Premium Schneidebretter aus Kunststoff\" \/>\n<meta property=\"article:publisher\" content=\"https:\/\/www.facebook.com\/optiboard.de\" \/>\n<meta property=\"article:modified_time\" content=\"2024-03-22T07:24:34+00:00\" \/>\n<meta property=\"og:image\" content=\"https:\/\/optiboard.de\/wp-content\/uploads\/scene01.jpg\" \/>\n\t<meta property=\"og:image:width\" content=\"2200\" \/>\n\t<meta property=\"og:image:height\" content=\"1656\" \/>\n\t<meta property=\"og:image:type\" content=\"image\/jpeg\" \/>\n<meta name=\"twitter:label1\" content=\"Tempo di lettura stimato\" \/>\n\t<meta name=\"twitter:data1\" content=\"5 minuti\" \/>\n<script type=\"application\/ld+json\" class=\"yoast-schema-graph\">{\"@context\":\"https:\\\/\\\/schema.org\",\"@graph\":[{\"@type\":\"WebPage\",\"@id\":\"https:\\\/\\\/optiboard.de\\\/bedienhinweise\\\/\",\"url\":\"https:\\\/\\\/optiboard.de\\\/bedienhinweise\\\/\",\"name\":\"Bedienhinweise - Optiboard - Premium Schneidebretter aus Kunststoff\",\"isPartOf\":{\"@id\":\"https:\\\/\\\/optiboard.de\\\/#website\"},\"datePublished\":\"2021-12-14T14:55:29+00:00\",\"dateModified\":\"2024-03-22T07:24:34+00:00\",\"breadcrumb\":{\"@id\":\"https:\\\/\\\/optiboard.de\\\/bedienhinweise\\\/#breadcrumb\"},\"inLanguage\":\"it-IT\",\"potentialAction\":[{\"@type\":\"ReadAction\",\"target\":[\"https:\\\/\\\/optiboard.de\\\/bedienhinweise\\\/\"]}]},{\"@type\":\"BreadcrumbList\",\"@id\":\"https:\\\/\\\/optiboard.de\\\/bedienhinweise\\\/#breadcrumb\",\"itemListElement\":[{\"@type\":\"ListItem\",\"position\":1,\"name\":\"Startseite\",\"item\":\"https:\\\/\\\/optiboard.de\\\/\"},{\"@type\":\"ListItem\",\"position\":2,\"name\":\"Bedienhinweise\"}]},{\"@type\":\"WebSite\",\"@id\":\"https:\\\/\\\/optiboard.de\\\/#website\",\"url\":\"https:\\\/\\\/optiboard.de\\\/\",\"name\":\"Optiboard - Premium Schneidebretter aus Kunststoff\",\"description\":\"Das h\u00f6henverstellbare Schneidebrett aus Kunststoff f\u00fcr die Profik\u00fcche im Gastro Gewerbe\",\"publisher\":{\"@id\":\"https:\\\/\\\/optiboard.de\\\/#organization\"},\"alternateName\":\"Gastro Profi K\u00fcchen Schneidebrett\",\"potentialAction\":[{\"@type\":\"SearchAction\",\"target\":{\"@type\":\"EntryPoint\",\"urlTemplate\":\"https:\\\/\\\/optiboard.de\\\/?s={search_term_string}\"},\"query-input\":{\"@type\":\"PropertyValueSpecification\",\"valueRequired\":true,\"valueName\":\"search_term_string\"}}],\"inLanguage\":\"it-IT\"},{\"@type\":\"Organization\",\"@id\":\"https:\\\/\\\/optiboard.de\\\/#organization\",\"name\":\"Optiboard by 1TECOplast GmbH Waldachtal\",\"url\":\"https:\\\/\\\/optiboard.de\\\/\",\"logo\":{\"@type\":\"ImageObject\",\"inLanguage\":\"it-IT\",\"@id\":\"https:\\\/\\\/optiboard.de\\\/#\\\/schema\\\/logo\\\/image\\\/\",\"url\":\"https:\\\/\\\/optiboard.de\\\/wp-content\\\/uploads\\\/OPTIBOARD_LOGO_RGB-scaled.jpg\",\"contentUrl\":\"https:\\\/\\\/optiboard.de\\\/wp-content\\\/uploads\\\/OPTIBOARD_LOGO_RGB-scaled.jpg\",\"width\":2560,\"height\":1810,\"caption\":\"Optiboard by 1TECOplast GmbH Waldachtal\"},\"image\":{\"@id\":\"https:\\\/\\\/optiboard.de\\\/#\\\/schema\\\/logo\\\/image\\\/\"},\"sameAs\":[\"https:\\\/\\\/www.facebook.com\\\/optiboard.de\"]}]}<\/script>\n<!-- \/ Yoast SEO plugin. -->","yoast_head_json":{"title":"Bedienhinweise - Optiboard - Premium Schneidebretter aus Kunststoff","robots":{"index":"index","follow":"follow","max-snippet":"max-snippet:-1","max-image-preview":"max-image-preview:large","max-video-preview":"max-video-preview:-1"},"canonical":"https:\/\/optiboard.de\/it\/bedienhinweise\/","og_locale":"it_IT","og_type":"article","og_title":"Bedienhinweise - Optiboard - Premium Schneidebretter aus Kunststoff","og_description":"Optiboard \u2013 das K\u00fcchenbrett f\u00fcr ProfisWenn Sie das Schneidbrett immer in der richtigen Weise benutzen und pflegen, so wird es Ihnen viele Jahre lang dienen. Vor Gebrauch entfernen Sie bitte vorsichtig die Transportverpackung und entsorgen Sie diese bitte durch Zuf\u00fchrung zum Wertstoffkreislauf oder Recycling. Entfernen Sie die Schutzfolie auf der Schneidoberfl\u00e4che. Achten Sie beim Transport [&hellip;]","og_url":"https:\/\/optiboard.de\/it\/bedienhinweise\/","og_site_name":"Optiboard - Premium Schneidebretter aus Kunststoff","article_publisher":"https:\/\/www.facebook.com\/optiboard.de","article_modified_time":"2024-03-22T07:24:34+00:00","og_image":[{"width":2200,"height":1656,"url":"https:\/\/optiboard.de\/wp-content\/uploads\/scene01.jpg","type":"image\/jpeg"}],"twitter_misc":{"Tempo di lettura stimato":"5 minuti"},"schema":{"@context":"https:\/\/schema.org","@graph":[{"@type":"WebPage","@id":"https:\/\/optiboard.de\/bedienhinweise\/","url":"https:\/\/optiboard.de\/bedienhinweise\/","name":"Bedienhinweise - Optiboard - Premium Schneidebretter aus Kunststoff","isPartOf":{"@id":"https:\/\/optiboard.de\/#website"},"datePublished":"2021-12-14T14:55:29+00:00","dateModified":"2024-03-22T07:24:34+00:00","breadcrumb":{"@id":"https:\/\/optiboard.de\/bedienhinweise\/#breadcrumb"},"inLanguage":"it-IT","potentialAction":[{"@type":"ReadAction","target":["https:\/\/optiboard.de\/bedienhinweise\/"]}]},{"@type":"BreadcrumbList","@id":"https:\/\/optiboard.de\/bedienhinweise\/#breadcrumb","itemListElement":[{"@type":"ListItem","position":1,"name":"Startseite","item":"https:\/\/optiboard.de\/"},{"@type":"ListItem","position":2,"name":"Bedienhinweise"}]},{"@type":"WebSite","@id":"https:\/\/optiboard.de\/#website","url":"https:\/\/optiboard.de\/","name":"Optiboard - Premium Schneidebretter aus Kunststoff","description":"Das h\u00f6henverstellbare Schneidebrett aus Kunststoff f\u00fcr die Profik\u00fcche im Gastro Gewerbe","publisher":{"@id":"https:\/\/optiboard.de\/#organization"},"alternateName":"Gastro Profi K\u00fcchen Schneidebrett","potentialAction":[{"@type":"SearchAction","target":{"@type":"EntryPoint","urlTemplate":"https:\/\/optiboard.de\/?s={search_term_string}"},"query-input":{"@type":"PropertyValueSpecification","valueRequired":true,"valueName":"search_term_string"}}],"inLanguage":"it-IT"},{"@type":"Organization","@id":"https:\/\/optiboard.de\/#organization","name":"Optiboard by 1TECOplast GmbH Waldachtal","url":"https:\/\/optiboard.de\/","logo":{"@type":"ImageObject","inLanguage":"it-IT","@id":"https:\/\/optiboard.de\/#\/schema\/logo\/image\/","url":"https:\/\/optiboard.de\/wp-content\/uploads\/OPTIBOARD_LOGO_RGB-scaled.jpg","contentUrl":"https:\/\/optiboard.de\/wp-content\/uploads\/OPTIBOARD_LOGO_RGB-scaled.jpg","width":2560,"height":1810,"caption":"Optiboard by 1TECOplast GmbH Waldachtal"},"image":{"@id":"https:\/\/optiboard.de\/#\/schema\/logo\/image\/"},"sameAs":["https:\/\/www.facebook.com\/optiboard.de"]}]}},"_links":{"self":[{"href":"https:\/\/optiboard.de\/it\/wp-json\/wp\/v2\/pages\/222660","targetHints":{"allow":["GET"]}}],"collection":[{"href":"https:\/\/optiboard.de\/it\/wp-json\/wp\/v2\/pages"}],"about":[{"href":"https:\/\/optiboard.de\/it\/wp-json\/wp\/v2\/types\/page"}],"author":[{"embeddable":true,"href":"https:\/\/optiboard.de\/it\/wp-json\/wp\/v2\/users\/11"}],"replies":[{"embeddable":true,"href":"https:\/\/optiboard.de\/it\/wp-json\/wp\/v2\/comments?post=222660"}],"version-history":[{"count":7,"href":"https:\/\/optiboard.de\/it\/wp-json\/wp\/v2\/pages\/222660\/revisions"}],"predecessor-version":[{"id":223098,"href":"https:\/\/optiboard.de\/it\/wp-json\/wp\/v2\/pages\/222660\/revisions\/223098"}],"wp:attachment":[{"href":"https:\/\/optiboard.de\/it\/wp-json\/wp\/v2\/media?parent=222660"}],"curies":[{"name":"wp","href":"https:\/\/api.w.org\/{rel}","templated":true}]}}