{"id":222652,"date":"2021-12-14T15:46:13","date_gmt":"2021-12-14T14:46:13","guid":{"rendered":"https:\/\/optiboard.server-sedv.de\/?page_id=222652"},"modified":"2022-01-04T17:10:19","modified_gmt":"2022-01-04T16:10:19","slug":"produktinformationen","status":"publish","type":"page","link":"https:\/\/optiboard.de\/it\/produktinformationen\/","title":{"rendered":"informazioni sul prodotto"},"content":{"rendered":"\n[et_pb_section fb_built=&#8220;1&#8243; _builder_version=&#8220;4.14.2&#8243; _module_preset=&#8220;default&#8220; global_colors_info=&#8220;{}&#8220;][et_pb_row _builder_version=&#8220;4.14.2&#8243; _module_preset=&#8220;default&#8220; global_colors_info=&#8220;{}&#8220;][et_pb_column type=&#8220;4_4&#8243; _builder_version=&#8220;4.14.2&#8243; _module_preset=&#8220;default&#8220; global_colors_info=&#8220;{}&#8220;][et_pb_text _builder_version=&#8220;4.14.2&#8243; _module_preset=&#8220;default&#8220; text_font=&#8220;Lato||||||||&#8220; text_text_color=&#8220;gcid-d7db1e9e-1560-46c5-994c-de891539e1c9&#8243; header_font=&#8220;Lato|700|||||||&#8220; header_text_align=&#8220;center&#8220; header_text_color=&#8220;gcid-d7db1e9e-1560-46c5-994c-de891539e1c9&#8243; header_font_size=&#8220;26px&#8220; global_colors_info=&#8220;{%22gcid-d7db1e9e-1560-46c5-994c-de891539e1c9%22:%91%22text_text_color%22,%22header_text_color%22%93}&#8220;]<h1>DEIN OPTIBOARD F\u00dcR R\u00dcCKENSCHONENDES UND ERGONOMISCHES ARBEITEN<\/h1>[\/et_pb_text][\/et_pb_column][\/et_pb_row][\/et_pb_section][et_pb_section fb_built=&#8220;1&#8243; _builder_version=&#8220;4.14.2&#8243; _module_preset=&#8220;default&#8220; custom_margin=&#8220;-60px|||||&#8220; custom_padding=&#8220;4px|||||&#8220; global_colors_info=&#8220;{}&#8220;][et_pb_row column_structure=&#8220;1_2,1_2&#8243; _builder_version=&#8220;4.14.2&#8243; _module_preset=&#8220;default&#8220; global_colors_info=&#8220;{}&#8220;][et_pb_column type=&#8220;1_2&#8243; _builder_version=&#8220;4.14.2&#8243; _module_preset=&#8220;default&#8220; global_colors_info=&#8220;{}&#8220;][et_pb_text _builder_version=&#8220;4.14.2&#8243; _module_preset=&#8220;default&#8220; text_font=&#8220;Lato||||||||&#8220; text_font_size=&#8220;15px&#8220; global_colors_info=&#8220;{}&#8220;]<p><strong>In Zusammenarbeit mit Spitzenk\u00f6chen haben wir das Optiboard entwickelt. Die optimale Schneidbrettl\u00f6sung f\u00fcr den tagt\u00e4glichen Einsatz und f\u00fcr h\u00f6chste Anspr\u00fcche.<\/strong><\/p>\n<p><strong>Extrem ergonomisch:<\/strong> Passe die Arbeitsh\u00f6he im Handumdrehen exakt auf Deine individuelle K\u00f6rpergr\u00f6\u00dfe an. Stelle die Neigung so ein, dass Dir die Arbeit mit einem sicheren und optimalen Schneidwinkel m\u00fchelos von der Hand geht.<\/p>\n<p><strong>Super stabil und sicher:<\/strong> Je nach Gr\u00f6\u00dfe wiegt Dein Optiboard zwischen knapp 5 und gut 12 Kilogramm. Es wackelt und verrutscht nicht und steht auf speziellen F\u00fc\u00dfen bombenfest auf Deiner Arbeitsfl\u00e4che.<\/p>[\/et_pb_text][\/et_pb_column][et_pb_column type=&#8220;1_2&#8243; _builder_version=&#8220;4.14.2&#8243; _module_preset=&#8220;default&#8220; global_colors_info=&#8220;{}&#8220;][et_pb_text _builder_version=&#8220;4.14.2&#8243; _module_preset=&#8220;default&#8220; text_font=&#8220;Lato||||||||&#8220; text_font_size=&#8220;15px&#8220; global_colors_info=&#8220;{}&#8220;]<p><strong>Unglaublich langlebig:<\/strong> Das hochdichte, lebensmittelechte Polyethylen (PEFood) mit optimaler H\u00e4rte hat eine au\u00dferordentlich hohe Standzeit. Gleichzeitig schont es Deine Arbeitsger\u00e4te und ist geschmacksneutral.<\/p>\n<p><strong>Einfach profi-praktisch:<\/strong> Unter dem Optiboard kannst Du Messer, Zubeh\u00f6r und sonstige Hilfsmittel fast unsichtbar unterbringen. Mit den passenden Beh\u00e4ltern aus der Standardk\u00fcche kannst Du sowohl fertig geschnittene Speisen als auch die Schnittabf\u00e4lle jeweils mit einer Messerbewegung vom Brett wegsortieren.<\/p>\n<p><strong>Klasse Design:<\/strong> Dein Optiboard ist hochwertig und solide verarbeitet, hat praktische und gleichzeitig gef\u00e4llige Proportionen und macht so auch auf dem Buffet immer eine gute Figur.<\/p>[\/et_pb_text][\/et_pb_column][\/et_pb_row][\/et_pb_section][et_pb_section fb_built=&#8220;1&#8243; _builder_version=&#8220;4.14.2&#8243; _module_preset=&#8220;default&#8220; background_color=&#8220;#333333&#8243; min_height=&#8220;187.4px&#8220; global_colors_info=&#8220;{}&#8220;][et_pb_row _builder_version=&#8220;4.14.2&#8243; _module_preset=&#8220;default&#8220; global_colors_info=&#8220;{}&#8220;][et_pb_column type=&#8220;4_4&#8243; _builder_version=&#8220;4.14.2&#8243; _module_preset=&#8220;default&#8220; global_colors_info=&#8220;{}&#8220;][et_pb_text _builder_version=&#8220;4.14.2&#8243; _module_preset=&#8220;default&#8220; text_font=&#8220;|700|||||||&#8220; text_text_color=&#8220;#b7b7b7&#8243; text_font_size=&#8220;18px&#8220; global_colors_info=&#8220;{}&#8220;]<p style=\"text-align: center;\">DAS OPTIBOARD WIRD EUROPAWEIT IN RENOMMIERTEN TOP-K\u00dcCHEN VERWENDET. DENN ES IST DIE PROFESSIONELLE L\u00d6SUNG F\u00dcR DAS SCHNEIDEN, TRANCHIEREN UND PR\u00c4SENTIEREN VON FISCH, FLEISCH, OBST, GEM\u00dcSE UND F\u00dcR FRONT- UND SHOWCOOKING.<\/p>[\/et_pb_text][\/et_pb_column][\/et_pb_row][\/et_pb_section][et_pb_section fb_built=&#8220;1&#8243; _builder_version=&#8220;4.14.2&#8243; _module_preset=&#8220;default&#8220; global_colors_info=&#8220;{}&#8220;][et_pb_row column_structure=&#8220;1_2,1_2&#8243; _builder_version=&#8220;4.14.2&#8243; _module_preset=&#8220;default&#8220; global_colors_info=&#8220;{}&#8220;][et_pb_column type=&#8220;1_2&#8243; _builder_version=&#8220;4.14.2&#8243; _module_preset=&#8220;default&#8220; global_colors_info=&#8220;{}&#8220;][et_pb_text _builder_version=&#8220;4.14.2&#8243; _module_preset=&#8220;default&#8220; text_font=&#8220;Lato||||||||&#8220; text_text_color=&#8220;gcid-d7db1e9e-1560-46c5-994c-de891539e1c9&#8243; header_font=&#8220;Lato|700|||||||&#8220; header_text_align=&#8220;center&#8220; header_text_color=&#8220;gcid-d7db1e9e-1560-46c5-994c-de891539e1c9&#8243; header_font_size=&#8220;26px&#8220; header_3_font=&#8220;Lato|700|||||||&#8220; header_3_text_color=&#8220;gcid-d7db1e9e-1560-46c5-994c-de891539e1c9&#8243; header_3_font_size=&#8220;20px&#8220; global_colors_info=&#8220;{%22gcid-d7db1e9e-1560-46c5-994c-de891539e1c9%22:%91%22text_text_color%22,%22header_text_color%22,%22header_3_text_color%22%93}&#8220;]<h3>Zus\u00e4tzlicher Platz f\u00fcr Schalen und Beh\u00e4ltnisse<\/h3>[\/et_pb_text][et_pb_image src=&#8220;https:\/\/optiboard.de\/wp-content\/uploads\/Brett_mit_Gemuese_V2.jpg&#8220; title_text=&#8220;Brett_mit_Gemuese_V2&#8243; _builder_version=&#8220;4.14.2&#8243; _module_preset=&#8220;default&#8220; global_colors_info=&#8220;{}&#8220;][\/et_pb_image][et_pb_text _builder_version=&#8220;4.14.2&#8243; _module_preset=&#8220;default&#8220; text_font=&#8220;Lato||||||||&#8220; text_font_size=&#8220;15px&#8220; locked=&#8220;off&#8220; global_colors_info=&#8220;{}&#8220;]Mit dem Optiboard Scheidbrett gewinnst Du zus\u00e4tzlichen Platz! Mit Schalen, Tellern oder anderen Beh\u00e4ltern unter dem Board geht\u2019s einfach schneller. Deine Messer parken bei Nichtgebrauch einfach darunter und sind so immer griffbereit.[\/et_pb_text][\/et_pb_column][et_pb_column type=&#8220;1_2&#8243; _builder_version=&#8220;4.14.2&#8243; _module_preset=&#8220;default&#8220; global_colors_info=&#8220;{}&#8220;][et_pb_text _builder_version=&#8220;4.14.2&#8243; _module_preset=&#8220;default&#8220; text_font=&#8220;Lato||||||||&#8220; text_text_color=&#8220;gcid-d7db1e9e-1560-46c5-994c-de891539e1c9&#8243; header_font=&#8220;Lato|700|||||||&#8220; header_text_align=&#8220;center&#8220; header_text_color=&#8220;gcid-d7db1e9e-1560-46c5-994c-de891539e1c9&#8243; header_font_size=&#8220;26px&#8220; header_3_font=&#8220;Lato|700|||||||&#8220; header_3_text_color=&#8220;gcid-d7db1e9e-1560-46c5-994c-de891539e1c9&#8243; header_3_font_size=&#8220;20px&#8220; locked=&#8220;off&#8220; global_colors_info=&#8220;{%22gcid-d7db1e9e-1560-46c5-994c-de891539e1c9%22:%91%22text_text_color%22,%22header_text_color%22,%22header_3_text_color%22%93}&#8220;]<h3>Show- und Frontcooking gelingt besser\n<\/h3>[\/et_pb_text][et_pb_image src=&#8220;https:\/\/optiboard.de\/wp-content\/uploads\/bad_example02.jpg&#8220; title_text=&#8220;bad_example02&#8243; _builder_version=&#8220;4.14.2&#8243; _module_preset=&#8220;default&#8220; locked=&#8220;off&#8220; global_colors_info=&#8220;{}&#8220;][\/et_pb_image][et_pb_text _builder_version=&#8220;4.14.2&#8243; _module_preset=&#8220;default&#8220; text_font=&#8220;Lato||||||||&#8220; text_font_size=&#8220;15px&#8220; locked=&#8220;off&#8220; global_colors_info=&#8220;{}&#8220;]Pr\u00e4sentiere Dich Deinen G\u00e4sten mit optimalen Arbeitsmitteln, die super-hygienisch aussehen und Deine Kreationen hervorheben.[\/et_pb_text][\/et_pb_column][\/et_pb_row][\/et_pb_section][et_pb_section fb_built=&#8220;1&#8243; _builder_version=&#8220;4.14.2&#8243; _module_preset=&#8220;default&#8220; custom_padding=&#8220;2px|||||&#8220; global_colors_info=&#8220;{}&#8220; custom_margin=&#8220;||-109px|||&#8220;][et_pb_row _builder_version=&#8220;4.14.2&#8243; _module_preset=&#8220;default&#8220; global_colors_info=&#8220;{}&#8220;][et_pb_column type=&#8220;4_4&#8243; _builder_version=&#8220;4.14.2&#8243; _module_preset=&#8220;default&#8220; global_colors_info=&#8220;{}&#8220;][et_pb_text _builder_version=&#8220;4.14.2&#8243; _module_preset=&#8220;default&#8220; text_font=&#8220;Lato||||||||&#8220; text_text_color=&#8220;gcid-d7db1e9e-1560-46c5-994c-de891539e1c9&#8243; header_font=&#8220;Lato|700|||||||&#8220; header_text_align=&#8220;center&#8220; header_text_color=&#8220;gcid-d7db1e9e-1560-46c5-994c-de891539e1c9&#8243; header_font_size=&#8220;24px&#8220; locked=&#8220;off&#8220; global_colors_info=&#8220;{%22gcid-d7db1e9e-1560-46c5-994c-de891539e1c9%22:%91%22text_text_color%22,%22header_text_color%22%93}&#8220;]<h1>H\u00d6HENVERSTELLBARE OPTIBOARD SCHNEIDBRETTER MINDERN DIE GEFAHR VON R\u00dcCKENPROBLEMEN UND REDUZIEREN DIE UNFALLGEFAHR DURCH SCHNITTVERLETZUNGEN.<\/h1>[\/et_pb_text][\/et_pb_column][\/et_pb_row][\/et_pb_section][et_pb_section fb_built=&#8220;1&#8243; theme_builder_area=&#8220;post_content&#8220; _builder_version=&#8220;4.14.2&#8243; _module_preset=&#8220;default&#8220;][et_pb_row _builder_version=&#8220;4.14.2&#8243; _module_preset=&#8220;default&#8220; theme_builder_area=&#8220;post_content&#8220; column_structure=&#8220;1_2,1_2&#8243;][et_pb_column _builder_version=&#8220;4.14.2&#8243; _module_preset=&#8220;default&#8220; type=&#8220;1_2&#8243; theme_builder_area=&#8220;post_content&#8220;][et_pb_text _builder_version=&#8220;4.14.2&#8243; _module_preset=&#8220;default&#8220; text_font=&#8220;Lato||||||||&#8220; text_font_size=&#8220;15px&#8220; hover_enabled=&#8220;0&#8243; locked=&#8220;off&#8220; global_colors_info=&#8220;{}&#8220; theme_builder_area=&#8220;post_content&#8220; sticky_enabled=&#8220;0&#8243;]Eine falsche Haltung und langes Stehen mit gebeugtem Oberk\u00f6rper f\u00fchrt fr\u00fcher oder sp\u00e4ter zu schmerzhaften R\u00fcckenbeschwerden.\u200b Sie sind die dritth\u00e4ufigste Ursache f\u00fcr Krankmeldungen.\n\nEin gerader Oberk\u00f6rper und ein lockerer Stand sind optimal. Durch leichtes Aufst\u00fctzen werden die oberen K\u00f6rperpartien entlastet und die ungesunde Rundr\u00fcckenhaltung wird vermieden.\u200b\n\nDas Optiboard Schneidbrett wurde entwickelt, um die unterschiedlichen H\u00f6hen von Arbeitspl\u00e4tzen und unterschiedliche K\u00f6rpergr\u00f6\u00dfen bestm\u00f6glich auszugleichen.[\/et_pb_text][\/et_pb_column][et_pb_column _builder_version=&#8220;4.14.2&#8243; _module_preset=&#8220;default&#8220; type=&#8220;1_2&#8243; theme_builder_area=&#8220;post_content&#8220;][et_pb_text _builder_version=&#8220;4.14.2&#8243; _module_preset=&#8220;default&#8220; text_font=&#8220;Lato||||||||&#8220; text_font_size=&#8220;15px&#8220; hover_enabled=&#8220;0&#8243; locked=&#8220;off&#8220; global_colors_info=&#8220;{}&#8220; theme_builder_area=&#8220;post_content&#8220; sticky_enabled=&#8220;0&#8243;]Das Schneidbrett ist daher mit 4 stabilen Stellf\u00fcssen sowohl in der H\u00f6he als auch in der Neigung verstellbar. \u200b\n\nUnzureichende Arbeitsh\u00f6hen k\u00f6nnen auch in urs\u00e4chlichem Zusammenhang mit Schnittverletzungen stehen. Bei nicht optimalen Arbeitsh\u00f6hen stellt das Schneiden mit Messern ein wesentliches Risiko dar, denn ein rechtwinkliges F\u00fchren der Messerscheide ist bei zu niedriger Arbeitsh\u00f6he nicht m\u00f6glich. Dem wirken die Optiboards mit ihren Eigenschaften entgegen.[\/et_pb_text][\/et_pb_column][\/et_pb_row][\/et_pb_section]\n","protected":false},"excerpt":{"rendered":"<p>DEIN OPTIBOARD F\u00dcR R\u00dcCKENSCHONENDES UND ERGONOMISCHES ARBEITENIn Zusammenarbeit mit Spitzenk\u00f6chen haben wir das Optiboard entwickelt. Die optimale Schneidbrettl\u00f6sung f\u00fcr den tagt\u00e4glichen Einsatz und f\u00fcr h\u00f6chste Anspr\u00fcche. Extrem ergonomisch: Passe die Arbeitsh\u00f6he im Handumdrehen exakt auf Deine individuelle K\u00f6rpergr\u00f6\u00dfe an. Stelle die Neigung so ein, dass Dir die Arbeit mit einem sicheren und optimalen Schneidwinkel m\u00fchelos [&hellip;]<\/p>\n","protected":false},"author":11,"featured_media":0,"parent":0,"menu_order":0,"comment_status":"closed","ping_status":"closed","template":"","meta":{"_et_pb_use_builder":"on","_et_pb_old_content":"","_et_gb_content_width":"","footnotes":""},"class_list":["post-222652","page","type-page","status-publish","hentry"],"yoast_head":"<!-- This site is optimized with the Yoast SEO plugin v27.3 - https:\/\/yoast.com\/product\/yoast-seo-wordpress\/ -->\n<title>Produktinformationen - Optiboard - Premium Schneidebretter aus Kunststoff<\/title>\n<meta name=\"robots\" content=\"index, follow, max-snippet:-1, max-image-preview:large, max-video-preview:-1\" \/>\n<link rel=\"canonical\" href=\"https:\/\/optiboard.de\/it\/produktinformationen\/\" \/>\n<meta property=\"og:locale\" content=\"it_IT\" \/>\n<meta property=\"og:type\" content=\"article\" \/>\n<meta property=\"og:title\" content=\"Produktinformationen - Optiboard - Premium Schneidebretter aus Kunststoff\" \/>\n<meta property=\"og:description\" content=\"DEIN OPTIBOARD F\u00dcR R\u00dcCKENSCHONENDES UND ERGONOMISCHES ARBEITENIn Zusammenarbeit mit Spitzenk\u00f6chen haben wir das Optiboard entwickelt. Die optimale Schneidbrettl\u00f6sung f\u00fcr den tagt\u00e4glichen Einsatz und f\u00fcr h\u00f6chste Anspr\u00fcche. Extrem ergonomisch: Passe die Arbeitsh\u00f6he im Handumdrehen exakt auf Deine individuelle K\u00f6rpergr\u00f6\u00dfe an. Stelle die Neigung so ein, dass Dir die Arbeit mit einem sicheren und optimalen Schneidwinkel m\u00fchelos [&hellip;]\" \/>\n<meta property=\"og:url\" content=\"https:\/\/optiboard.de\/it\/produktinformationen\/\" \/>\n<meta property=\"og:site_name\" content=\"Optiboard - Premium Schneidebretter aus Kunststoff\" \/>\n<meta property=\"article:publisher\" content=\"https:\/\/www.facebook.com\/optiboard.de\" \/>\n<meta property=\"article:modified_time\" content=\"2022-01-04T16:10:19+00:00\" \/>\n<meta property=\"og:image\" content=\"https:\/\/optiboard.de\/wp-content\/uploads\/scene01.jpg\" \/>\n\t<meta property=\"og:image:width\" content=\"2200\" \/>\n\t<meta property=\"og:image:height\" content=\"1656\" \/>\n\t<meta property=\"og:image:type\" content=\"image\/jpeg\" \/>\n<meta name=\"twitter:label1\" content=\"Tempo di lettura stimato\" \/>\n\t<meta name=\"twitter:data1\" content=\"4 minuti\" \/>\n<script type=\"application\/ld+json\" class=\"yoast-schema-graph\">{\"@context\":\"https:\\\/\\\/schema.org\",\"@graph\":[{\"@type\":\"WebPage\",\"@id\":\"https:\\\/\\\/optiboard.de\\\/produktinformationen\\\/\",\"url\":\"https:\\\/\\\/optiboard.de\\\/produktinformationen\\\/\",\"name\":\"Produktinformationen - Optiboard - Premium Schneidebretter aus Kunststoff\",\"isPartOf\":{\"@id\":\"https:\\\/\\\/optiboard.de\\\/#website\"},\"datePublished\":\"2021-12-14T14:46:13+00:00\",\"dateModified\":\"2022-01-04T16:10:19+00:00\",\"breadcrumb\":{\"@id\":\"https:\\\/\\\/optiboard.de\\\/produktinformationen\\\/#breadcrumb\"},\"inLanguage\":\"it-IT\",\"potentialAction\":[{\"@type\":\"ReadAction\",\"target\":[\"https:\\\/\\\/optiboard.de\\\/produktinformationen\\\/\"]}]},{\"@type\":\"BreadcrumbList\",\"@id\":\"https:\\\/\\\/optiboard.de\\\/produktinformationen\\\/#breadcrumb\",\"itemListElement\":[{\"@type\":\"ListItem\",\"position\":1,\"name\":\"Startseite\",\"item\":\"https:\\\/\\\/optiboard.de\\\/\"},{\"@type\":\"ListItem\",\"position\":2,\"name\":\"Produktinformationen\"}]},{\"@type\":\"WebSite\",\"@id\":\"https:\\\/\\\/optiboard.de\\\/#website\",\"url\":\"https:\\\/\\\/optiboard.de\\\/\",\"name\":\"Optiboard - Premium Schneidebretter aus Kunststoff\",\"description\":\"Das h\u00f6henverstellbare Schneidebrett aus Kunststoff f\u00fcr die Profik\u00fcche im Gastro Gewerbe\",\"publisher\":{\"@id\":\"https:\\\/\\\/optiboard.de\\\/#organization\"},\"alternateName\":\"Gastro Profi K\u00fcchen Schneidebrett\",\"potentialAction\":[{\"@type\":\"SearchAction\",\"target\":{\"@type\":\"EntryPoint\",\"urlTemplate\":\"https:\\\/\\\/optiboard.de\\\/?s={search_term_string}\"},\"query-input\":{\"@type\":\"PropertyValueSpecification\",\"valueRequired\":true,\"valueName\":\"search_term_string\"}}],\"inLanguage\":\"it-IT\"},{\"@type\":\"Organization\",\"@id\":\"https:\\\/\\\/optiboard.de\\\/#organization\",\"name\":\"Optiboard by 1TECOplast GmbH Waldachtal\",\"url\":\"https:\\\/\\\/optiboard.de\\\/\",\"logo\":{\"@type\":\"ImageObject\",\"inLanguage\":\"it-IT\",\"@id\":\"https:\\\/\\\/optiboard.de\\\/#\\\/schema\\\/logo\\\/image\\\/\",\"url\":\"https:\\\/\\\/optiboard.de\\\/wp-content\\\/uploads\\\/OPTIBOARD_LOGO_RGB-scaled.jpg\",\"contentUrl\":\"https:\\\/\\\/optiboard.de\\\/wp-content\\\/uploads\\\/OPTIBOARD_LOGO_RGB-scaled.jpg\",\"width\":2560,\"height\":1810,\"caption\":\"Optiboard by 1TECOplast GmbH Waldachtal\"},\"image\":{\"@id\":\"https:\\\/\\\/optiboard.de\\\/#\\\/schema\\\/logo\\\/image\\\/\"},\"sameAs\":[\"https:\\\/\\\/www.facebook.com\\\/optiboard.de\"]}]}<\/script>\n<!-- \/ Yoast SEO plugin. -->","yoast_head_json":{"title":"Produktinformationen - Optiboard - Premium Schneidebretter aus Kunststoff","robots":{"index":"index","follow":"follow","max-snippet":"max-snippet:-1","max-image-preview":"max-image-preview:large","max-video-preview":"max-video-preview:-1"},"canonical":"https:\/\/optiboard.de\/it\/produktinformationen\/","og_locale":"it_IT","og_type":"article","og_title":"Produktinformationen - Optiboard - Premium Schneidebretter aus Kunststoff","og_description":"DEIN OPTIBOARD F\u00dcR R\u00dcCKENSCHONENDES UND ERGONOMISCHES ARBEITENIn Zusammenarbeit mit Spitzenk\u00f6chen haben wir das Optiboard entwickelt. Die optimale Schneidbrettl\u00f6sung f\u00fcr den tagt\u00e4glichen Einsatz und f\u00fcr h\u00f6chste Anspr\u00fcche. Extrem ergonomisch: Passe die Arbeitsh\u00f6he im Handumdrehen exakt auf Deine individuelle K\u00f6rpergr\u00f6\u00dfe an. Stelle die Neigung so ein, dass Dir die Arbeit mit einem sicheren und optimalen Schneidwinkel m\u00fchelos [&hellip;]","og_url":"https:\/\/optiboard.de\/it\/produktinformationen\/","og_site_name":"Optiboard - Premium Schneidebretter aus Kunststoff","article_publisher":"https:\/\/www.facebook.com\/optiboard.de","article_modified_time":"2022-01-04T16:10:19+00:00","og_image":[{"width":2200,"height":1656,"url":"https:\/\/optiboard.de\/wp-content\/uploads\/scene01.jpg","type":"image\/jpeg"}],"twitter_misc":{"Tempo di lettura stimato":"4 minuti"},"schema":{"@context":"https:\/\/schema.org","@graph":[{"@type":"WebPage","@id":"https:\/\/optiboard.de\/produktinformationen\/","url":"https:\/\/optiboard.de\/produktinformationen\/","name":"Produktinformationen - Optiboard - Premium Schneidebretter aus Kunststoff","isPartOf":{"@id":"https:\/\/optiboard.de\/#website"},"datePublished":"2021-12-14T14:46:13+00:00","dateModified":"2022-01-04T16:10:19+00:00","breadcrumb":{"@id":"https:\/\/optiboard.de\/produktinformationen\/#breadcrumb"},"inLanguage":"it-IT","potentialAction":[{"@type":"ReadAction","target":["https:\/\/optiboard.de\/produktinformationen\/"]}]},{"@type":"BreadcrumbList","@id":"https:\/\/optiboard.de\/produktinformationen\/#breadcrumb","itemListElement":[{"@type":"ListItem","position":1,"name":"Startseite","item":"https:\/\/optiboard.de\/"},{"@type":"ListItem","position":2,"name":"Produktinformationen"}]},{"@type":"WebSite","@id":"https:\/\/optiboard.de\/#website","url":"https:\/\/optiboard.de\/","name":"Optiboard - Premium Schneidebretter aus Kunststoff","description":"Das h\u00f6henverstellbare Schneidebrett aus Kunststoff f\u00fcr die Profik\u00fcche im Gastro Gewerbe","publisher":{"@id":"https:\/\/optiboard.de\/#organization"},"alternateName":"Gastro Profi K\u00fcchen Schneidebrett","potentialAction":[{"@type":"SearchAction","target":{"@type":"EntryPoint","urlTemplate":"https:\/\/optiboard.de\/?s={search_term_string}"},"query-input":{"@type":"PropertyValueSpecification","valueRequired":true,"valueName":"search_term_string"}}],"inLanguage":"it-IT"},{"@type":"Organization","@id":"https:\/\/optiboard.de\/#organization","name":"Optiboard by 1TECOplast GmbH Waldachtal","url":"https:\/\/optiboard.de\/","logo":{"@type":"ImageObject","inLanguage":"it-IT","@id":"https:\/\/optiboard.de\/#\/schema\/logo\/image\/","url":"https:\/\/optiboard.de\/wp-content\/uploads\/OPTIBOARD_LOGO_RGB-scaled.jpg","contentUrl":"https:\/\/optiboard.de\/wp-content\/uploads\/OPTIBOARD_LOGO_RGB-scaled.jpg","width":2560,"height":1810,"caption":"Optiboard by 1TECOplast GmbH Waldachtal"},"image":{"@id":"https:\/\/optiboard.de\/#\/schema\/logo\/image\/"},"sameAs":["https:\/\/www.facebook.com\/optiboard.de"]}]}},"_links":{"self":[{"href":"https:\/\/optiboard.de\/it\/wp-json\/wp\/v2\/pages\/222652","targetHints":{"allow":["GET"]}}],"collection":[{"href":"https:\/\/optiboard.de\/it\/wp-json\/wp\/v2\/pages"}],"about":[{"href":"https:\/\/optiboard.de\/it\/wp-json\/wp\/v2\/types\/page"}],"author":[{"embeddable":true,"href":"https:\/\/optiboard.de\/it\/wp-json\/wp\/v2\/users\/11"}],"replies":[{"embeddable":true,"href":"https:\/\/optiboard.de\/it\/wp-json\/wp\/v2\/comments?post=222652"}],"version-history":[{"count":7,"href":"https:\/\/optiboard.de\/it\/wp-json\/wp\/v2\/pages\/222652\/revisions"}],"predecessor-version":[{"id":222770,"href":"https:\/\/optiboard.de\/it\/wp-json\/wp\/v2\/pages\/222652\/revisions\/222770"}],"wp:attachment":[{"href":"https:\/\/optiboard.de\/it\/wp-json\/wp\/v2\/media?parent=222652"}],"curies":[{"name":"wp","href":"https:\/\/api.w.org\/{rel}","templated":true}]}}