{"id":2156,"date":"2020-10-02T15:52:28","date_gmt":"2020-10-02T13:52:28","guid":{"rendered":"https:\/\/optiboard.de\/?page_id=2156"},"modified":"2022-03-01T17:16:27","modified_gmt":"2022-03-01T16:16:27","slug":"mehrwertsteuer","status":"publish","type":"page","link":"https:\/\/optiboard.de\/it\/mehrwertsteuer\/","title":{"rendered":"IVA"},"content":{"rendered":"<p>[et_pb_section fb_built=&#8220;1&#8243; _builder_version=&#8220;3.22&#8243; global_colors_info=&#8220;{}&#8220;][et_pb_row _builder_version=&#8220;4.14.8&#8243; _module_preset=&#8220;default&#8220; global_colors_info=&#8220;{}&#8220;][et_pb_column type=&#8220;4_4&#8243; _builder_version=&#8220;4.14.8&#8243; _module_preset=&#8220;default&#8220; global_colors_info=&#8220;{}&#8220;][et_pb_text _builder_version=&#8220;4.14.8&#8243; _module_preset=&#8220;default&#8220; text_font=&#8220;Lato||||||||&#8220; text_font_size=&#8220;15px&#8220; custom_margin=&#8220;2px|||||&#8220; global_module=&#8220;222664&#8243; saved_tabs=&#8220;all&#8220; locked=&#8220;off&#8220; global_colors_info=&#8220;{}&#8220;]<\/p>\n<div id=\"SITE_ROOT\" class=\"SITE_ROOT\" aria-hidden=\"false\">\n<div id=\"masterPage\" class=\"mesh-layout\" data-mesh-layout=\"grid\">\n<div id=\"PAGES_CONTAINERcenteredContent\" class=\"pc1centeredContent\">\n<div id=\"PAGES_CONTAINERinlineContent\" class=\"pc1inlineContent\">\n<div>\n<div id=\"x4se4\" class=\"style-k7lzirss2\" data-ismobile=\"false\" data-is-mesh-layout=\"true\">\n<div id=\"x4se4inlineContent\" class=\"style-k7lzirss2inlineContent\">\n<div id=\"x4se4inlineContent-gridWrapper\" data-mesh-internal=\"true\">\n<div id=\"x4se4inlineContent-gridContainer\" data-mesh-internal=\"true\">\n<div id=\"comp-k7ov1o7y\" class=\"txtNew\" data-packed=\"true\" data-vertical-text=\"false\">\n<p class=\"font_8\">Die jeweilige in Deutschland geltende MwSt. wird bei Lieferungen nach Deutschland und in die EU &#8211; L\u00e4nder dem Nettopreis hinzugef\u00fcgt. Unternehmen k\u00f6nnen die MwSt. nach den in Ihrem Land geltenden Bestimmungen \u00fcber die Umsatzsteuererkl\u00e4rung als Vorsteuer zur Erstattung geltend machen. Dies gilt nicht f\u00fcr Sendungen in die Schweiz und Lichtenstein oder andere nicht EU-Staaten, hier gelten die jeweiligen Zollbestimmungen zur Ein- und Ausfuhr ins Empf\u00e4ngerland.<\/p>\n<\/div>\n<\/div>\n<\/div>\n<\/div>\n<\/div>\n<\/div>\n<\/div>\n<\/div>\n<\/div>\n<\/div>\n<p>[\/et_pb_text][\/et_pb_column][\/et_pb_row][\/et_pb_section]<\/p>\n","protected":false},"excerpt":{"rendered":"<p>Die jeweilige in Deutschland geltende MwSt. wird bei Lieferungen nach Deutschland und in die EU &#8211; L\u00e4nder dem Nettopreis hinzugef\u00fcgt. Unternehmen k\u00f6nnen die MwSt. nach den in Ihrem Land geltenden Bestimmungen \u00fcber die Umsatzsteuererkl\u00e4rung als Vorsteuer zur Erstattung geltend machen. Dies gilt nicht f\u00fcr Sendungen in die Schweiz und Lichtenstein oder andere nicht EU-Staaten, hier [&hellip;]<\/p>\n","protected":false},"author":10,"featured_media":0,"parent":0,"menu_order":0,"comment_status":"closed","ping_status":"closed","template":"","meta":{"_et_pb_use_builder":"on","_et_pb_old_content":"<div id=\"SITE_ROOT\" class=\"SITE_ROOT\" aria-hidden=\"false\">\n<div id=\"masterPage\" class=\"mesh-layout\" data-mesh-layout=\"grid\">\n<div id=\"PAGES_CONTAINERcenteredContent\" class=\"pc1centeredContent\">\n<div id=\"PAGES_CONTAINERinlineContent\" class=\"pc1inlineContent\">\n<div>\n<div id=\"x4se4\" class=\"style-k7lzirss2\" data-ismobile=\"false\" data-is-mesh-layout=\"true\">\n<div id=\"x4se4inlineContent\" class=\"style-k7lzirss2inlineContent\">\n<div id=\"x4se4inlineContent-gridWrapper\" data-mesh-internal=\"true\">\n<div id=\"x4se4inlineContent-gridContainer\" data-mesh-internal=\"true\">\n<div id=\"comp-k7ov1o7y\" class=\"txtNew\" data-packed=\"true\" data-vertical-text=\"false\">\n<p class=\"font_8\">Die jeweilige in Deutschland geltende MwSt. wird bei Lieferungen nach Deutschland und in die EU - L\u00e4nder dem Nettopreis hinzugef\u00fcgt. Unternehmen k\u00f6nnen die MwSt. nach den in Ihrem Land geltenden Bestimmungen \u00fcber die Umsatzsteuererkl\u00e4rung als Vorsteuer zur Erstattung geltend machen. Dies gilt nicht f\u00fcr Sendungen in die Schweiz und Lichtenstein oder andere\nnicht EU-Staaten, hier gelten die jeweiligen Zollbestimmungen zur Ein- und Ausfuhr ins Empf\u00e4ngerland.<\/p>\n\n<\/div>\n<\/div>\n<\/div>\n<\/div>\n<\/div>\n<\/div>\n<\/div>\n<\/div>\n<\/div>\n<\/div>","_et_gb_content_width":"","footnotes":""},"class_list":["post-2156","page","type-page","status-publish","hentry"],"yoast_head":"<!-- This site is optimized with the Yoast SEO plugin v27.3 - https:\/\/yoast.com\/product\/yoast-seo-wordpress\/ -->\n<title>Mehrwertsteuer - Optiboard - Premium Schneidebretter aus Kunststoff<\/title>\n<meta name=\"robots\" content=\"index, follow, max-snippet:-1, max-image-preview:large, max-video-preview:-1\" \/>\n<link rel=\"canonical\" href=\"https:\/\/optiboard.de\/it\/mehrwertsteuer\/\" \/>\n<meta property=\"og:locale\" content=\"it_IT\" \/>\n<meta property=\"og:type\" content=\"article\" \/>\n<meta property=\"og:title\" content=\"Mehrwertsteuer - Optiboard - Premium Schneidebretter aus Kunststoff\" \/>\n<meta property=\"og:description\" content=\"Die jeweilige in Deutschland geltende MwSt. wird bei Lieferungen nach Deutschland und in die EU - L\u00e4nder dem Nettopreis hinzugef\u00fcgt. Unternehmen k\u00f6nnen die MwSt. nach den in Ihrem Land geltenden Bestimmungen \u00fcber die Umsatzsteuererkl\u00e4rung als Vorsteuer zur Erstattung geltend machen. Dies gilt nicht f\u00fcr Sendungen in die Schweiz und Lichtenstein oder andere nicht EU-Staaten, hier [&hellip;]\" \/>\n<meta property=\"og:url\" content=\"https:\/\/optiboard.de\/it\/mehrwertsteuer\/\" \/>\n<meta property=\"og:site_name\" content=\"Optiboard - Premium Schneidebretter aus Kunststoff\" \/>\n<meta property=\"article:publisher\" content=\"https:\/\/www.facebook.com\/optiboard.de\" \/>\n<meta property=\"article:modified_time\" content=\"2022-03-01T16:16:27+00:00\" \/>\n<meta property=\"og:image\" content=\"https:\/\/optiboard.de\/wp-content\/uploads\/scene01.jpg\" \/>\n\t<meta property=\"og:image:width\" content=\"2200\" \/>\n\t<meta property=\"og:image:height\" content=\"1656\" \/>\n\t<meta property=\"og:image:type\" content=\"image\/jpeg\" \/>\n<meta name=\"twitter:label1\" content=\"Tempo di lettura stimato\" \/>\n\t<meta name=\"twitter:data1\" content=\"1 minuto\" \/>\n<script type=\"application\/ld+json\" class=\"yoast-schema-graph\">{\"@context\":\"https:\\\/\\\/schema.org\",\"@graph\":[{\"@type\":\"WebPage\",\"@id\":\"https:\\\/\\\/optiboard.de\\\/mehrwertsteuer\\\/\",\"url\":\"https:\\\/\\\/optiboard.de\\\/mehrwertsteuer\\\/\",\"name\":\"Mehrwertsteuer - Optiboard - Premium Schneidebretter aus Kunststoff\",\"isPartOf\":{\"@id\":\"https:\\\/\\\/optiboard.de\\\/#website\"},\"datePublished\":\"2020-10-02T13:52:28+00:00\",\"dateModified\":\"2022-03-01T16:16:27+00:00\",\"breadcrumb\":{\"@id\":\"https:\\\/\\\/optiboard.de\\\/mehrwertsteuer\\\/#breadcrumb\"},\"inLanguage\":\"it-IT\",\"potentialAction\":[{\"@type\":\"ReadAction\",\"target\":[\"https:\\\/\\\/optiboard.de\\\/mehrwertsteuer\\\/\"]}]},{\"@type\":\"BreadcrumbList\",\"@id\":\"https:\\\/\\\/optiboard.de\\\/mehrwertsteuer\\\/#breadcrumb\",\"itemListElement\":[{\"@type\":\"ListItem\",\"position\":1,\"name\":\"Startseite\",\"item\":\"https:\\\/\\\/optiboard.de\\\/\"},{\"@type\":\"ListItem\",\"position\":2,\"name\":\"Mehrwertsteuer\"}]},{\"@type\":\"WebSite\",\"@id\":\"https:\\\/\\\/optiboard.de\\\/#website\",\"url\":\"https:\\\/\\\/optiboard.de\\\/\",\"name\":\"Optiboard - Premium Schneidebretter aus Kunststoff\",\"description\":\"Das h\u00f6henverstellbare Schneidebrett aus Kunststoff f\u00fcr die Profik\u00fcche im Gastro Gewerbe\",\"publisher\":{\"@id\":\"https:\\\/\\\/optiboard.de\\\/#organization\"},\"alternateName\":\"Gastro Profi K\u00fcchen Schneidebrett\",\"potentialAction\":[{\"@type\":\"SearchAction\",\"target\":{\"@type\":\"EntryPoint\",\"urlTemplate\":\"https:\\\/\\\/optiboard.de\\\/?s={search_term_string}\"},\"query-input\":{\"@type\":\"PropertyValueSpecification\",\"valueRequired\":true,\"valueName\":\"search_term_string\"}}],\"inLanguage\":\"it-IT\"},{\"@type\":\"Organization\",\"@id\":\"https:\\\/\\\/optiboard.de\\\/#organization\",\"name\":\"Optiboard by 1TECOplast GmbH Waldachtal\",\"url\":\"https:\\\/\\\/optiboard.de\\\/\",\"logo\":{\"@type\":\"ImageObject\",\"inLanguage\":\"it-IT\",\"@id\":\"https:\\\/\\\/optiboard.de\\\/#\\\/schema\\\/logo\\\/image\\\/\",\"url\":\"https:\\\/\\\/optiboard.de\\\/wp-content\\\/uploads\\\/OPTIBOARD_LOGO_RGB-scaled.jpg\",\"contentUrl\":\"https:\\\/\\\/optiboard.de\\\/wp-content\\\/uploads\\\/OPTIBOARD_LOGO_RGB-scaled.jpg\",\"width\":2560,\"height\":1810,\"caption\":\"Optiboard by 1TECOplast GmbH Waldachtal\"},\"image\":{\"@id\":\"https:\\\/\\\/optiboard.de\\\/#\\\/schema\\\/logo\\\/image\\\/\"},\"sameAs\":[\"https:\\\/\\\/www.facebook.com\\\/optiboard.de\"]}]}<\/script>\n<!-- \/ Yoast SEO plugin. -->","yoast_head_json":{"title":"Mehrwertsteuer - Optiboard - Premium Schneidebretter aus Kunststoff","robots":{"index":"index","follow":"follow","max-snippet":"max-snippet:-1","max-image-preview":"max-image-preview:large","max-video-preview":"max-video-preview:-1"},"canonical":"https:\/\/optiboard.de\/it\/mehrwertsteuer\/","og_locale":"it_IT","og_type":"article","og_title":"Mehrwertsteuer - Optiboard - Premium Schneidebretter aus Kunststoff","og_description":"Die jeweilige in Deutschland geltende MwSt. wird bei Lieferungen nach Deutschland und in die EU - L\u00e4nder dem Nettopreis hinzugef\u00fcgt. Unternehmen k\u00f6nnen die MwSt. nach den in Ihrem Land geltenden Bestimmungen \u00fcber die Umsatzsteuererkl\u00e4rung als Vorsteuer zur Erstattung geltend machen. Dies gilt nicht f\u00fcr Sendungen in die Schweiz und Lichtenstein oder andere nicht EU-Staaten, hier [&hellip;]","og_url":"https:\/\/optiboard.de\/it\/mehrwertsteuer\/","og_site_name":"Optiboard - Premium Schneidebretter aus Kunststoff","article_publisher":"https:\/\/www.facebook.com\/optiboard.de","article_modified_time":"2022-03-01T16:16:27+00:00","og_image":[{"width":2200,"height":1656,"url":"https:\/\/optiboard.de\/wp-content\/uploads\/scene01.jpg","type":"image\/jpeg"}],"twitter_misc":{"Tempo di lettura stimato":"1 minuto"},"schema":{"@context":"https:\/\/schema.org","@graph":[{"@type":"WebPage","@id":"https:\/\/optiboard.de\/mehrwertsteuer\/","url":"https:\/\/optiboard.de\/mehrwertsteuer\/","name":"Mehrwertsteuer - Optiboard - Premium Schneidebretter aus Kunststoff","isPartOf":{"@id":"https:\/\/optiboard.de\/#website"},"datePublished":"2020-10-02T13:52:28+00:00","dateModified":"2022-03-01T16:16:27+00:00","breadcrumb":{"@id":"https:\/\/optiboard.de\/mehrwertsteuer\/#breadcrumb"},"inLanguage":"it-IT","potentialAction":[{"@type":"ReadAction","target":["https:\/\/optiboard.de\/mehrwertsteuer\/"]}]},{"@type":"BreadcrumbList","@id":"https:\/\/optiboard.de\/mehrwertsteuer\/#breadcrumb","itemListElement":[{"@type":"ListItem","position":1,"name":"Startseite","item":"https:\/\/optiboard.de\/"},{"@type":"ListItem","position":2,"name":"Mehrwertsteuer"}]},{"@type":"WebSite","@id":"https:\/\/optiboard.de\/#website","url":"https:\/\/optiboard.de\/","name":"Optiboard - Premium Schneidebretter aus Kunststoff","description":"Das h\u00f6henverstellbare Schneidebrett aus Kunststoff f\u00fcr die Profik\u00fcche im Gastro Gewerbe","publisher":{"@id":"https:\/\/optiboard.de\/#organization"},"alternateName":"Gastro Profi K\u00fcchen Schneidebrett","potentialAction":[{"@type":"SearchAction","target":{"@type":"EntryPoint","urlTemplate":"https:\/\/optiboard.de\/?s={search_term_string}"},"query-input":{"@type":"PropertyValueSpecification","valueRequired":true,"valueName":"search_term_string"}}],"inLanguage":"it-IT"},{"@type":"Organization","@id":"https:\/\/optiboard.de\/#organization","name":"Optiboard by 1TECOplast GmbH Waldachtal","url":"https:\/\/optiboard.de\/","logo":{"@type":"ImageObject","inLanguage":"it-IT","@id":"https:\/\/optiboard.de\/#\/schema\/logo\/image\/","url":"https:\/\/optiboard.de\/wp-content\/uploads\/OPTIBOARD_LOGO_RGB-scaled.jpg","contentUrl":"https:\/\/optiboard.de\/wp-content\/uploads\/OPTIBOARD_LOGO_RGB-scaled.jpg","width":2560,"height":1810,"caption":"Optiboard by 1TECOplast GmbH Waldachtal"},"image":{"@id":"https:\/\/optiboard.de\/#\/schema\/logo\/image\/"},"sameAs":["https:\/\/www.facebook.com\/optiboard.de"]}]}},"_links":{"self":[{"href":"https:\/\/optiboard.de\/it\/wp-json\/wp\/v2\/pages\/2156","targetHints":{"allow":["GET"]}}],"collection":[{"href":"https:\/\/optiboard.de\/it\/wp-json\/wp\/v2\/pages"}],"about":[{"href":"https:\/\/optiboard.de\/it\/wp-json\/wp\/v2\/types\/page"}],"author":[{"embeddable":true,"href":"https:\/\/optiboard.de\/it\/wp-json\/wp\/v2\/users\/10"}],"replies":[{"embeddable":true,"href":"https:\/\/optiboard.de\/it\/wp-json\/wp\/v2\/comments?post=2156"}],"version-history":[{"count":6,"href":"https:\/\/optiboard.de\/it\/wp-json\/wp\/v2\/pages\/2156\/revisions"}],"predecessor-version":[{"id":222897,"href":"https:\/\/optiboard.de\/it\/wp-json\/wp\/v2\/pages\/2156\/revisions\/222897"}],"wp:attachment":[{"href":"https:\/\/optiboard.de\/it\/wp-json\/wp\/v2\/media?parent=2156"}],"curies":[{"name":"wp","href":"https:\/\/api.w.org\/{rel}","templated":true}]}}