{"id":1479,"date":"2020-02-06T15:23:50","date_gmt":"2020-02-06T14:23:50","guid":{"rendered":"https:\/\/optiboard.de.w01a0c7e.kasserver.com\/bezahlmoeglichkeiten\/"},"modified":"2022-03-01T15:09:52","modified_gmt":"2022-03-01T14:09:52","slug":"bezahlmoeglichkeiten","status":"publish","type":"page","link":"https:\/\/optiboard.de\/it\/bezahlmoeglichkeiten\/","title":{"rendered":"Metodo di pagamento"},"content":{"rendered":"<p>[et_pb_section fb_built=&#8220;1&#8243; _builder_version=&#8220;3.22&#8243; global_colors_info=&#8220;{}&#8220;][et_pb_row _builder_version=&#8220;3.25&#8243; background_size=&#8220;initial&#8220; background_position=&#8220;top_left&#8220; background_repeat=&#8220;repeat&#8220; global_colors_info=&#8220;{}&#8220;][et_pb_column type=&#8220;4_4&#8243; _builder_version=&#8220;3.25&#8243; custom_padding=&#8220;|||&#8220; global_colors_info=&#8220;{}&#8220; custom_padding__hover=&#8220;|||&#8220;][et_pb_text _builder_version=&#8220;3.27.4&#8243; background_size=&#8220;initial&#8220; background_position=&#8220;top_left&#8220; background_repeat=&#8220;repeat&#8220; global_colors_info=&#8220;{}&#8220;]<\/p>\n<div class=\"fusion-flexslider flexslider post-slideshow\">\n<p><a title=\"\" href=\"https:\/\/optiboard.de\/wp-content\/uploads\/Paypal.png\" data-rel=\"iLightbox[gallery1479]\" data-title=\"Paypal\" data-caption=\"\"><img decoding=\"async\" draggable=\"false\" src=\"https:\/\/optiboard.de\/wp-content\/uploads\/Paypal.png\" alt=\"\" \/><\/a><\/p>\n<\/div>\n<div class=\"post-content\">\n<div class=\"fusion-fullwidth fullwidth-box fusion-builder-row-1 nonhundred-percent-fullwidth non-hundred-percent-height-scrolling\">\n<div class=\"fusion-builder-row fusion-row\">\n<div class=\"fusion-layout-column fusion_builder_column fusion-builder-column-0 fusion_builder_column_1_1 1_1 fusion-one-full fusion-column-first fusion-column-last\">\n<div class=\"fusion-column-wrapper fusion-flex-column-wrapper-legacy\">\n<div class=\"fusion-text fusion-text-1\">\n<p>Die Zahlung wird bequem \u00fcber PayPal-Plus abgewickelt. (PayPal-Konto, Sepa-Lastschrift oder Kreditkarte)<\/p>\n<p>Die Sepa-Lastschrift (au\u00dfer Schweiz und Liechtenstein) und die Kreditkartenzahlung sind ein PayPal-Service. Hier ben\u00f6tigst Du kein eigenes PayPal-Konto.<\/p>\n<\/div>\n<\/div>\n<\/div>\n<\/div>\n<\/div>\n<\/div>\n<p>[\/et_pb_text][\/et_pb_column][\/et_pb_row][\/et_pb_section]<\/p>\n","protected":false},"excerpt":{"rendered":"<p>Die Zahlung wird bequem \u00fcber PayPal-Plus abgewickelt. (PayPal-Konto, Sepa-Lastschrift oder Kreditkarte) Die Sepa-Lastschrift (au\u00dfer Schweiz und Liechtenstein) und die Kreditkartenzahlung sind ein PayPal-Service. Hier ben\u00f6tigst Du kein eigenes PayPal-Konto.<\/p>","protected":false},"author":10,"featured_media":1731,"parent":0,"menu_order":0,"comment_status":"closed","ping_status":"closed","template":"","meta":{"_et_pb_use_builder":"on","_et_pb_old_content":"<div class=\"fusion-flexslider flexslider post-slideshow\">\n\n<a title=\"\" href=\"https:\/\/optiboard.de\/wp-content\/uploads\/Paypal.png\" data-rel=\"iLightbox[gallery1479]\" data-title=\"Paypal\" data-caption=\"\"><img draggable=\"false\" src=\"https:\/\/optiboard.de\/wp-content\/uploads\/Paypal.png\" alt=\"\"><\/a>\n\n<\/div>\n<div class=\"post-content\">\n<div class=\"fusion-fullwidth fullwidth-box fusion-builder-row-1 nonhundred-percent-fullwidth non-hundred-percent-height-scrolling\">\n<div class=\"fusion-builder-row fusion-row\">\n<div class=\"fusion-layout-column fusion_builder_column fusion-builder-column-0 fusion_builder_column_1_1 1_1 fusion-one-full fusion-column-first fusion-column-last\">\n<div class=\"fusion-column-wrapper fusion-flex-column-wrapper-legacy\">\n<div class=\"fusion-text fusion-text-1\">\n\nDie Zahlung wird bequem \u00fcber PayPal-Plus abgewickelt. (PayPal-Konto, Sepa-Lastschrift oder Kreditkarte)\n\nDie Sepa-Lastschrift (au\u00dfer Schweiz und Liechtenstein) und die Kreditkartenzahlung sind ein PayPal-Service. Hier ben\u00f6tigst Du kein eigenes PayPal-Konto.\n\n<\/div>\n<\/div>\n<\/div>\n<\/div>\n<\/div>\n<\/div>","_et_gb_content_width":"","footnotes":""},"class_list":["post-1479","page","type-page","status-publish","has-post-thumbnail","hentry"],"yoast_head":"<!-- This site is optimized with the Yoast SEO plugin v27.3 - https:\/\/yoast.com\/product\/yoast-seo-wordpress\/ -->\n<title>Zahlungsarten - Optiboard - Premium Schneidebretter aus Kunststoff<\/title>\n<meta name=\"robots\" content=\"index, follow, max-snippet:-1, max-image-preview:large, max-video-preview:-1\" \/>\n<link rel=\"canonical\" href=\"https:\/\/optiboard.de\/it\/bezahlmoeglichkeiten\/\" \/>\n<meta property=\"og:locale\" content=\"it_IT\" \/>\n<meta property=\"og:type\" content=\"article\" \/>\n<meta property=\"og:title\" content=\"Zahlungsarten - Optiboard - Premium Schneidebretter aus Kunststoff\" \/>\n<meta property=\"og:description\" content=\"Die Zahlung wird bequem \u00fcber PayPal-Plus abgewickelt. (PayPal-Konto, Sepa-Lastschrift oder Kreditkarte) Die Sepa-Lastschrift (au\u00dfer Schweiz und Liechtenstein) und die Kreditkartenzahlung sind ein PayPal-Service. Hier ben\u00f6tigst Du kein eigenes PayPal-Konto.\" \/>\n<meta property=\"og:url\" content=\"https:\/\/optiboard.de\/it\/bezahlmoeglichkeiten\/\" \/>\n<meta property=\"og:site_name\" content=\"Optiboard - Premium Schneidebretter aus Kunststoff\" \/>\n<meta property=\"article:publisher\" content=\"https:\/\/www.facebook.com\/optiboard.de\" \/>\n<meta property=\"article:modified_time\" content=\"2022-03-01T14:09:52+00:00\" \/>\n<meta property=\"og:image\" content=\"https:\/\/optiboard.de\/wp-content\/uploads\/Paypal.png\" \/>\n\t<meta property=\"og:image:width\" content=\"300\" \/>\n\t<meta property=\"og:image:height\" content=\"168\" \/>\n\t<meta property=\"og:image:type\" content=\"image\/jpeg\" \/>\n<meta name=\"twitter:label1\" content=\"Tempo di lettura stimato\" \/>\n\t<meta name=\"twitter:data1\" content=\"1 minuto\" \/>\n<script type=\"application\/ld+json\" class=\"yoast-schema-graph\">{\"@context\":\"https:\\\/\\\/schema.org\",\"@graph\":[{\"@type\":\"WebPage\",\"@id\":\"https:\\\/\\\/optiboard.de\\\/bezahlmoeglichkeiten\\\/\",\"url\":\"https:\\\/\\\/optiboard.de\\\/bezahlmoeglichkeiten\\\/\",\"name\":\"Zahlungsarten - Optiboard - Premium Schneidebretter aus Kunststoff\",\"isPartOf\":{\"@id\":\"https:\\\/\\\/optiboard.de\\\/#website\"},\"primaryImageOfPage\":{\"@id\":\"https:\\\/\\\/optiboard.de\\\/bezahlmoeglichkeiten\\\/#primaryimage\"},\"image\":{\"@id\":\"https:\\\/\\\/optiboard.de\\\/bezahlmoeglichkeiten\\\/#primaryimage\"},\"thumbnailUrl\":\"https:\\\/\\\/optiboard.de\\\/wp-content\\\/uploads\\\/Paypal.png\",\"datePublished\":\"2020-02-06T14:23:50+00:00\",\"dateModified\":\"2022-03-01T14:09:52+00:00\",\"breadcrumb\":{\"@id\":\"https:\\\/\\\/optiboard.de\\\/bezahlmoeglichkeiten\\\/#breadcrumb\"},\"inLanguage\":\"it-IT\",\"potentialAction\":[{\"@type\":\"ReadAction\",\"target\":[\"https:\\\/\\\/optiboard.de\\\/bezahlmoeglichkeiten\\\/\"]}]},{\"@type\":\"ImageObject\",\"inLanguage\":\"it-IT\",\"@id\":\"https:\\\/\\\/optiboard.de\\\/bezahlmoeglichkeiten\\\/#primaryimage\",\"url\":\"https:\\\/\\\/optiboard.de\\\/wp-content\\\/uploads\\\/Paypal.png\",\"contentUrl\":\"https:\\\/\\\/optiboard.de\\\/wp-content\\\/uploads\\\/Paypal.png\",\"width\":300,\"height\":168},{\"@type\":\"BreadcrumbList\",\"@id\":\"https:\\\/\\\/optiboard.de\\\/bezahlmoeglichkeiten\\\/#breadcrumb\",\"itemListElement\":[{\"@type\":\"ListItem\",\"position\":1,\"name\":\"Startseite\",\"item\":\"https:\\\/\\\/optiboard.de\\\/\"},{\"@type\":\"ListItem\",\"position\":2,\"name\":\"Zahlungsarten\"}]},{\"@type\":\"WebSite\",\"@id\":\"https:\\\/\\\/optiboard.de\\\/#website\",\"url\":\"https:\\\/\\\/optiboard.de\\\/\",\"name\":\"Optiboard - Premium Schneidebretter aus Kunststoff\",\"description\":\"Das h\u00f6henverstellbare Schneidebrett aus Kunststoff f\u00fcr die Profik\u00fcche im Gastro Gewerbe\",\"publisher\":{\"@id\":\"https:\\\/\\\/optiboard.de\\\/#organization\"},\"alternateName\":\"Gastro Profi K\u00fcchen Schneidebrett\",\"potentialAction\":[{\"@type\":\"SearchAction\",\"target\":{\"@type\":\"EntryPoint\",\"urlTemplate\":\"https:\\\/\\\/optiboard.de\\\/?s={search_term_string}\"},\"query-input\":{\"@type\":\"PropertyValueSpecification\",\"valueRequired\":true,\"valueName\":\"search_term_string\"}}],\"inLanguage\":\"it-IT\"},{\"@type\":\"Organization\",\"@id\":\"https:\\\/\\\/optiboard.de\\\/#organization\",\"name\":\"Optiboard by 1TECOplast GmbH Waldachtal\",\"url\":\"https:\\\/\\\/optiboard.de\\\/\",\"logo\":{\"@type\":\"ImageObject\",\"inLanguage\":\"it-IT\",\"@id\":\"https:\\\/\\\/optiboard.de\\\/#\\\/schema\\\/logo\\\/image\\\/\",\"url\":\"https:\\\/\\\/optiboard.de\\\/wp-content\\\/uploads\\\/OPTIBOARD_LOGO_RGB-scaled.jpg\",\"contentUrl\":\"https:\\\/\\\/optiboard.de\\\/wp-content\\\/uploads\\\/OPTIBOARD_LOGO_RGB-scaled.jpg\",\"width\":2560,\"height\":1810,\"caption\":\"Optiboard by 1TECOplast GmbH Waldachtal\"},\"image\":{\"@id\":\"https:\\\/\\\/optiboard.de\\\/#\\\/schema\\\/logo\\\/image\\\/\"},\"sameAs\":[\"https:\\\/\\\/www.facebook.com\\\/optiboard.de\"]}]}<\/script>\n<!-- \/ Yoast SEO plugin. -->","yoast_head_json":{"title":"Zahlungsarten - Optiboard - Premium Schneidebretter aus Kunststoff","robots":{"index":"index","follow":"follow","max-snippet":"max-snippet:-1","max-image-preview":"max-image-preview:large","max-video-preview":"max-video-preview:-1"},"canonical":"https:\/\/optiboard.de\/it\/bezahlmoeglichkeiten\/","og_locale":"it_IT","og_type":"article","og_title":"Zahlungsarten - Optiboard - Premium Schneidebretter aus Kunststoff","og_description":"Die Zahlung wird bequem \u00fcber PayPal-Plus abgewickelt. (PayPal-Konto, Sepa-Lastschrift oder Kreditkarte) Die Sepa-Lastschrift (au\u00dfer Schweiz und Liechtenstein) und die Kreditkartenzahlung sind ein PayPal-Service. Hier ben\u00f6tigst Du kein eigenes PayPal-Konto.","og_url":"https:\/\/optiboard.de\/it\/bezahlmoeglichkeiten\/","og_site_name":"Optiboard - Premium Schneidebretter aus Kunststoff","article_publisher":"https:\/\/www.facebook.com\/optiboard.de","article_modified_time":"2022-03-01T14:09:52+00:00","og_image":[{"width":300,"height":168,"url":"https:\/\/optiboard.de\/wp-content\/uploads\/Paypal.png","type":"image\/jpeg"}],"twitter_misc":{"Tempo di lettura stimato":"1 minuto"},"schema":{"@context":"https:\/\/schema.org","@graph":[{"@type":"WebPage","@id":"https:\/\/optiboard.de\/bezahlmoeglichkeiten\/","url":"https:\/\/optiboard.de\/bezahlmoeglichkeiten\/","name":"Zahlungsarten - Optiboard - Premium Schneidebretter aus Kunststoff","isPartOf":{"@id":"https:\/\/optiboard.de\/#website"},"primaryImageOfPage":{"@id":"https:\/\/optiboard.de\/bezahlmoeglichkeiten\/#primaryimage"},"image":{"@id":"https:\/\/optiboard.de\/bezahlmoeglichkeiten\/#primaryimage"},"thumbnailUrl":"https:\/\/optiboard.de\/wp-content\/uploads\/Paypal.png","datePublished":"2020-02-06T14:23:50+00:00","dateModified":"2022-03-01T14:09:52+00:00","breadcrumb":{"@id":"https:\/\/optiboard.de\/bezahlmoeglichkeiten\/#breadcrumb"},"inLanguage":"it-IT","potentialAction":[{"@type":"ReadAction","target":["https:\/\/optiboard.de\/bezahlmoeglichkeiten\/"]}]},{"@type":"ImageObject","inLanguage":"it-IT","@id":"https:\/\/optiboard.de\/bezahlmoeglichkeiten\/#primaryimage","url":"https:\/\/optiboard.de\/wp-content\/uploads\/Paypal.png","contentUrl":"https:\/\/optiboard.de\/wp-content\/uploads\/Paypal.png","width":300,"height":168},{"@type":"BreadcrumbList","@id":"https:\/\/optiboard.de\/bezahlmoeglichkeiten\/#breadcrumb","itemListElement":[{"@type":"ListItem","position":1,"name":"Startseite","item":"https:\/\/optiboard.de\/"},{"@type":"ListItem","position":2,"name":"Zahlungsarten"}]},{"@type":"WebSite","@id":"https:\/\/optiboard.de\/#website","url":"https:\/\/optiboard.de\/","name":"Optiboard - Premium Schneidebretter aus Kunststoff","description":"Das h\u00f6henverstellbare Schneidebrett aus Kunststoff f\u00fcr die Profik\u00fcche im Gastro Gewerbe","publisher":{"@id":"https:\/\/optiboard.de\/#organization"},"alternateName":"Gastro Profi K\u00fcchen Schneidebrett","potentialAction":[{"@type":"SearchAction","target":{"@type":"EntryPoint","urlTemplate":"https:\/\/optiboard.de\/?s={search_term_string}"},"query-input":{"@type":"PropertyValueSpecification","valueRequired":true,"valueName":"search_term_string"}}],"inLanguage":"it-IT"},{"@type":"Organization","@id":"https:\/\/optiboard.de\/#organization","name":"Optiboard by 1TECOplast GmbH Waldachtal","url":"https:\/\/optiboard.de\/","logo":{"@type":"ImageObject","inLanguage":"it-IT","@id":"https:\/\/optiboard.de\/#\/schema\/logo\/image\/","url":"https:\/\/optiboard.de\/wp-content\/uploads\/OPTIBOARD_LOGO_RGB-scaled.jpg","contentUrl":"https:\/\/optiboard.de\/wp-content\/uploads\/OPTIBOARD_LOGO_RGB-scaled.jpg","width":2560,"height":1810,"caption":"Optiboard by 1TECOplast GmbH Waldachtal"},"image":{"@id":"https:\/\/optiboard.de\/#\/schema\/logo\/image\/"},"sameAs":["https:\/\/www.facebook.com\/optiboard.de"]}]}},"_links":{"self":[{"href":"https:\/\/optiboard.de\/it\/wp-json\/wp\/v2\/pages\/1479","targetHints":{"allow":["GET"]}}],"collection":[{"href":"https:\/\/optiboard.de\/it\/wp-json\/wp\/v2\/pages"}],"about":[{"href":"https:\/\/optiboard.de\/it\/wp-json\/wp\/v2\/types\/page"}],"author":[{"embeddable":true,"href":"https:\/\/optiboard.de\/it\/wp-json\/wp\/v2\/users\/10"}],"replies":[{"embeddable":true,"href":"https:\/\/optiboard.de\/it\/wp-json\/wp\/v2\/comments?post=1479"}],"version-history":[{"count":11,"href":"https:\/\/optiboard.de\/it\/wp-json\/wp\/v2\/pages\/1479\/revisions"}],"predecessor-version":[{"id":222884,"href":"https:\/\/optiboard.de\/it\/wp-json\/wp\/v2\/pages\/1479\/revisions\/222884"}],"wp:featuredmedia":[{"embeddable":true,"href":"https:\/\/optiboard.de\/it\/wp-json\/wp\/v2\/media\/1731"}],"wp:attachment":[{"href":"https:\/\/optiboard.de\/it\/wp-json\/wp\/v2\/media?parent=1479"}],"curies":[{"name":"wp","href":"https:\/\/api.w.org\/{rel}","templated":true}]}}