{"id":1475,"date":"2020-02-06T15:23:50","date_gmt":"2020-02-06T14:23:50","guid":{"rendered":"https:\/\/optiboard.de.w01a0c7e.kasserver.com\/impressum\/"},"modified":"2025-08-25T11:18:29","modified_gmt":"2025-08-25T09:18:29","slug":"impressum","status":"publish","type":"page","link":"https:\/\/optiboard.de\/it\/impressum\/","title":{"rendered":"Impronta"},"content":{"rendered":"<h3>Informazioni secondo il \u00a7 5 TMG<\/h3>\n<p>Optiboard by 1TECOplast GmbH<br \/>\nSchlattweg 10<br \/>\n72178 Waldachtal<\/p>\n<p>Registro commerciale: HRB 440556<br \/>\nTribunale del registro: Stoccarda<\/p>\n<p><strong>Rappresentato da:<\/strong><br \/>\nWalter Wollensak<br \/>\nThomas Wollensak<br \/>\nPascal Blum<\/p>\n<h2>Contatto<\/h2>\n<p>Telefono: 07486 9790 35<br \/>\nFax: 07486 9790 59<br \/>\nE-Mail: info@optiboard.de<\/p>\n<h2>PARTITA IVA<\/h2>\n<p>Numero di identificazione dell'imposta sulle vendite secondo il \u00a7 27 a Umsatzsteuergesetz:<br \/>\nDE812245250<\/p>\n<h2>Risoluzione delle controversie UE<\/h2>\n<p>La Commissione europea fornisce una piattaforma per la risoluzione delle controversie online (OS): <a href=\"https:\/\/ec.europa.eu\/consumers\/odr\" target=\"_blank\" rel=\"noopener noreferrer\">https:\/\/ec.europa.eu\/consumers\/odr<\/a>.<br \/>\nPotete trovare il nostro indirizzo e-mail nell'impronta qui sopra.<\/p>\n<h2>Verbraucher\u00adstreit\u00adbeilegung \/ Universal\u00adschlichtungs\u00adstelle<\/h2>\n<p>Non siamo disposti o obbligati a partecipare a un procedimento di risoluzione delle controversie davanti a una commissione di arbitrato dei consumatori.<\/p>\n<h3>Responsabilit\u00e0 per i contenuti<\/h3>\n<p>In qualit\u00e0 di fornitore di servizi, siamo responsabili dei nostri contenuti su queste pagine in conformit\u00e0 alla legislazione generale ai sensi del paragrafo 7 comma 1 della legge tedesca sui media telematici (TMG). Tuttavia, secondo i \u00a7\u00a7 8 a 10 TMG, non siamo obbligati come fornitore di servizi a controllare le informazioni di terzi trasmesse o memorizzate o a indagare su circostanze che indicano attivit\u00e0 illegali.<\/p>\n<p>Gli obblighi di rimuovere o bloccare l'uso di informazioni in conformit\u00e0 con le leggi generali rimangono inalterati da questo. Tuttavia, la responsabilit\u00e0 in questo senso \u00e8 possibile solo a partire dal momento in cui una violazione concreta della legge diventa nota. Se veniamo a conoscenza di tali violazioni, rimuoveremo immediatamente il relativo contenuto.<\/p>\n<h3>Responsabilit\u00e0 per i link<\/h3>\n<p>Il nostro sito web contiene link a siti esterni di terzi sul cui contenuto non abbiamo alcuna influenza. Pertanto, non possiamo assumere alcuna responsabilit\u00e0 per questi contenuti esterni. Il rispettivo fornitore o operatore delle pagine \u00e8 sempre responsabile del contenuto delle pagine collegate. Le pagine collegate sono state controllate per eventuali violazioni legali al momento del collegamento. I contenuti illegali non erano riconoscibili al momento del collegamento.<\/p>\n<p>Tuttavia, il monitoraggio permanente del contenuto delle pagine collegate non \u00e8 ragionevole senza indicazioni concrete di una violazione legale. Se veniamo a conoscenza di violazioni della legge, rimuoveremo immediatamente tali link.<\/p>\n<h3>Copyright<\/h3>\n<p>Die durch die Seitenbetreiber erstellten Inhalte und Werke auf diesen Seiten unterliegen dem deutschen Urheberrecht. Die Vervielf\u00e4ltigung, Bearbeitung, Verbreitung und jede Art der Verwertung au\u00dferhalb der Grenzen des Urheberrechtes bed\u00fcrfen der schriftlichen Zustimmung des jeweiligen Autors bzw. Erstellers. Downloads und Kopien dieser Seite sind nur f\u00fcr den privaten, nicht kommerziellen Gebrauch gestattet.<\/p>\n<p>I contenuti e le opere su queste pagine create dagli operatori del sito sono soggetti al diritto d'autore tedesco. La duplicazione, l'elaborazione, la distribuzione e qualsiasi tipo di sfruttamento al di fuori dei limiti del copyright richiedono il consenso scritto del rispettivo autore o creatore. I download e le copie di questo sito sono consentiti solo per uso privato e non commerciale.<br \/>\n<div class=\"woocommerce woocommerce-gzd woocommerce-gzd-complaints-shortcode\">\n\t\t\t<h3>Alternative Dispute Resolution in accordance with Art. 14 (1) ODR-VO and \u00a7 36 VSBG:<\/h3>\n\t\nZur Teilnahme an einem Streitbeilegungsverfahren vor einer Verbraucherschlichtungsstelle sind wir nicht verpflichtet und nicht bereit.<\/div><\/p>","protected":false},"excerpt":{"rendered":"<p>Angaben gem\u00e4\u00df \u00a7 5 TMG Optiboard by 1TECOplast GmbH Schlattweg 10 72178 Waldachtal Handelsregister: HRB 440556 Registergericht: Stuttgart Vertreten durch: Walter Wollensak Thomas Wollensak Pascal Blum Kontakt Telefon: 07486 9790 35 Telefax: 07486 9790 59 E-Mail: info@optiboard.de Umsatzsteuer-ID Umsatzsteuer-Identifikationsnummer gem\u00e4\u00df \u00a7 27 a Umsatzsteuergesetz: DE812245250 EU-Streitschlichtung Die Europ\u00e4ische Kommission stellt eine Plattform zur Online-Streitbeilegung (OS) [&hellip;]<\/p>\n","protected":false},"author":10,"featured_media":0,"parent":0,"menu_order":0,"comment_status":"closed","ping_status":"closed","template":"","meta":{"_et_pb_use_builder":"off","_et_pb_old_content":"<h3>Angaben gem\u00e4\u00df \u00a7 5 TMG<\/h3>\r\nOptiboard by 1TECOplast GmbH\r\nSchlattweg 10\r\n72178 Waldachtal\r\n\r\nHandelsregister: HRB 440556\r\nRegistergericht: Stuttgart\r\n\r\n<strong>Vertreten durch:<\/strong>\r\nWalter Wollensak\r\n<h2>Kontakt<\/h2>\r\nTelefon: 07486 9790 35\r\nTelefax: 07486 9790 59\r\nE-Mail: info@optiboard.de\r\n<h2>Umsatzsteuer-ID<\/h2>\r\nUmsatzsteuer-Identifikationsnummer gem\u00e4\u00df \u00a7 27 a Umsatzsteuergesetz:\r\nDE812245250\r\n<h2>EU-Streitschlichtung<\/h2>\r\nDie Europ\u00e4ische Kommission stellt eine Plattform zur Online-Streitbeilegung (OS) bereit: <a href=\"https:\/\/ec.europa.eu\/consumers\/odr\" target=\"_blank\" rel=\"noopener noreferrer\">https:\/\/ec.europa.eu\/consumers\/odr<\/a>.\r\nUnsere E-Mail-Adresse finden Sie oben im Impressum.\r\n<h2>Verbraucher\u00adstreit\u00adbeilegung\/Universal\u00adschlichtungs\u00adstelle<\/h2>\r\nWir sind nicht bereit oder verpflichtet, an Streitbeilegungsverfahren vor einer Verbraucherschlichtungsstelle teilzunehmen.\r\n<h3>Haftung f\u00fcr Inhalte<\/h3>\r\nAls Diensteanbieter sind wir gem\u00e4\u00df \u00a7 7 Abs.1 TMG f\u00fcr eigene Inhalte auf diesen Seiten nach den allgemeinen Gesetzen verantwortlich. Nach \u00a7\u00a7 8 bis 10 TMG sind wir als Diensteanbieter jedoch nicht verpflichtet, \u00fcbermittelte oder gespeicherte fremde Informationen zu \u00fcberwachen oder nach Umst\u00e4nden zu forschen, die auf eine rechtswidrige T\u00e4tigkeit hinweisen.\r\n\r\nVerpflichtungen zur Entfernung oder Sperrung der Nutzung von Informationen nach den allgemeinen Gesetzen bleiben hiervon unber\u00fchrt. Eine diesbez\u00fcgliche Haftung ist jedoch erst ab dem Zeitpunkt der Kenntnis einer konkreten Rechtsverletzung m\u00f6glich. Bei Bekanntwerden von entsprechenden Rechtsverletzungen werden wir diese Inhalte umgehend entfernen.\r\n<h3>Haftung f\u00fcr Links<\/h3>\r\nUnser Angebot enth\u00e4lt Links zu externen Websites Dritter, auf deren Inhalte wir keinen Einfluss haben. Deshalb k\u00f6nnen wir f\u00fcr diese fremden Inhalte auch keine Gew\u00e4hr \u00fcbernehmen. F\u00fcr die Inhalte der verlinkten Seiten ist stets der jeweilige Anbieter oder Betreiber der Seiten verantwortlich. Die verlinkten Seiten wurden zum Zeitpunkt der Verlinkung auf m\u00f6gliche Rechtsverst\u00f6\u00dfe \u00fcberpr\u00fcft. Rechtswidrige Inhalte waren zum Zeitpunkt der Verlinkung nicht erkennbar.\r\n\r\nEine permanente inhaltliche Kontrolle der verlinkten Seiten ist jedoch ohne konkrete Anhaltspunkte einer Rechtsverletzung nicht zumutbar. Bei Bekanntwerden von Rechtsverletzungen werden wir derartige Links umgehend entfernen.\r\n<h3>Urheberrecht<\/h3>\r\nDie durch die Seitenbetreiber erstellten Inhalte und Werke auf diesen Seiten unterliegen dem deutschen Urheberrecht. Die Vervielf\u00e4ltigung, Bearbeitung, Verbreitung und jede Art der Verwertung au\u00dferhalb der Grenzen des Urheberrechtes bed\u00fcrfen der schriftlichen Zustimmung des jeweiligen Autors bzw. Erstellers. Downloads und Kopien dieser Seite sind nur f\u00fcr den privaten, nicht kommerziellen Gebrauch gestattet.\r\n\r\nSoweit die Inhalte auf dieser Seite nicht vom Betreiber erstellt wurden, werden die Urheberrechte Dritter beachtet. Insbesondere werden Inhalte Dritter als solche gekennzeichnet. Sollten Sie trotzdem auf eine Urheberrechtsverletzung aufmerksam werden, bitten wir um einen entsprechenden Hinweis. Bei Bekanntwerden von Rechtsverletzungen werden wir derartige Inhalte umgehend entfernen.","_et_gb_content_width":"","footnotes":""},"class_list":["post-1475","page","type-page","status-publish","hentry"],"yoast_head":"<!-- This site is optimized with the Yoast SEO plugin v27.3 - https:\/\/yoast.com\/product\/yoast-seo-wordpress\/ -->\n<title>Impressum - Optiboard - Premium Schneidebretter aus Kunststoff<\/title>\n<meta name=\"robots\" content=\"index, follow, max-snippet:-1, max-image-preview:large, max-video-preview:-1\" \/>\n<link rel=\"canonical\" href=\"https:\/\/optiboard.de\/it\/impressum\/\" \/>\n<meta property=\"og:locale\" content=\"it_IT\" \/>\n<meta property=\"og:type\" content=\"article\" \/>\n<meta property=\"og:title\" content=\"Impressum - Optiboard - Premium Schneidebretter aus Kunststoff\" \/>\n<meta property=\"og:description\" content=\"Angaben gem\u00e4\u00df \u00a7 5 TMG Optiboard by 1TECOplast GmbH Schlattweg 10 72178 Waldachtal Handelsregister: HRB 440556 Registergericht: Stuttgart Vertreten durch: Walter Wollensak Thomas Wollensak Pascal Blum Kontakt Telefon: 07486 9790 35 Telefax: 07486 9790 59 E-Mail: info@optiboard.de Umsatzsteuer-ID Umsatzsteuer-Identifikationsnummer gem\u00e4\u00df \u00a7 27 a Umsatzsteuergesetz: DE812245250 EU-Streitschlichtung Die Europ\u00e4ische Kommission stellt eine Plattform zur Online-Streitbeilegung (OS) [&hellip;]\" \/>\n<meta property=\"og:url\" content=\"https:\/\/optiboard.de\/it\/impressum\/\" \/>\n<meta property=\"og:site_name\" content=\"Optiboard - Premium Schneidebretter aus Kunststoff\" \/>\n<meta property=\"article:publisher\" content=\"https:\/\/www.facebook.com\/optiboard.de\" \/>\n<meta property=\"article:modified_time\" content=\"2025-08-25T09:18:29+00:00\" \/>\n<meta property=\"og:image\" content=\"https:\/\/optiboard.de\/wp-content\/uploads\/scene01.jpg\" \/>\n\t<meta property=\"og:image:width\" content=\"2200\" \/>\n\t<meta property=\"og:image:height\" content=\"1656\" \/>\n\t<meta property=\"og:image:type\" content=\"image\/jpeg\" \/>\n<meta name=\"twitter:label1\" content=\"Tempo di lettura stimato\" \/>\n\t<meta name=\"twitter:data1\" content=\"1 minuto\" \/>\n<script type=\"application\/ld+json\" class=\"yoast-schema-graph\">{\"@context\":\"https:\\\/\\\/schema.org\",\"@graph\":[{\"@type\":\"WebPage\",\"@id\":\"https:\\\/\\\/optiboard.de\\\/impressum\\\/\",\"url\":\"https:\\\/\\\/optiboard.de\\\/impressum\\\/\",\"name\":\"Impressum - Optiboard - Premium Schneidebretter aus Kunststoff\",\"isPartOf\":{\"@id\":\"https:\\\/\\\/optiboard.de\\\/#website\"},\"datePublished\":\"2020-02-06T14:23:50+00:00\",\"dateModified\":\"2025-08-25T09:18:29+00:00\",\"breadcrumb\":{\"@id\":\"https:\\\/\\\/optiboard.de\\\/impressum\\\/#breadcrumb\"},\"inLanguage\":\"it-IT\",\"potentialAction\":[{\"@type\":\"ReadAction\",\"target\":[\"https:\\\/\\\/optiboard.de\\\/impressum\\\/\"]}]},{\"@type\":\"BreadcrumbList\",\"@id\":\"https:\\\/\\\/optiboard.de\\\/impressum\\\/#breadcrumb\",\"itemListElement\":[{\"@type\":\"ListItem\",\"position\":1,\"name\":\"Startseite\",\"item\":\"https:\\\/\\\/optiboard.de\\\/\"},{\"@type\":\"ListItem\",\"position\":2,\"name\":\"Impressum\"}]},{\"@type\":\"WebSite\",\"@id\":\"https:\\\/\\\/optiboard.de\\\/#website\",\"url\":\"https:\\\/\\\/optiboard.de\\\/\",\"name\":\"Optiboard - Premium Schneidebretter aus Kunststoff\",\"description\":\"Das h\u00f6henverstellbare Schneidebrett aus Kunststoff f\u00fcr die Profik\u00fcche im Gastro Gewerbe\",\"publisher\":{\"@id\":\"https:\\\/\\\/optiboard.de\\\/#organization\"},\"alternateName\":\"Gastro Profi K\u00fcchen Schneidebrett\",\"potentialAction\":[{\"@type\":\"SearchAction\",\"target\":{\"@type\":\"EntryPoint\",\"urlTemplate\":\"https:\\\/\\\/optiboard.de\\\/?s={search_term_string}\"},\"query-input\":{\"@type\":\"PropertyValueSpecification\",\"valueRequired\":true,\"valueName\":\"search_term_string\"}}],\"inLanguage\":\"it-IT\"},{\"@type\":\"Organization\",\"@id\":\"https:\\\/\\\/optiboard.de\\\/#organization\",\"name\":\"Optiboard by 1TECOplast GmbH Waldachtal\",\"url\":\"https:\\\/\\\/optiboard.de\\\/\",\"logo\":{\"@type\":\"ImageObject\",\"inLanguage\":\"it-IT\",\"@id\":\"https:\\\/\\\/optiboard.de\\\/#\\\/schema\\\/logo\\\/image\\\/\",\"url\":\"https:\\\/\\\/optiboard.de\\\/wp-content\\\/uploads\\\/OPTIBOARD_LOGO_RGB-scaled.jpg\",\"contentUrl\":\"https:\\\/\\\/optiboard.de\\\/wp-content\\\/uploads\\\/OPTIBOARD_LOGO_RGB-scaled.jpg\",\"width\":2560,\"height\":1810,\"caption\":\"Optiboard by 1TECOplast GmbH Waldachtal\"},\"image\":{\"@id\":\"https:\\\/\\\/optiboard.de\\\/#\\\/schema\\\/logo\\\/image\\\/\"},\"sameAs\":[\"https:\\\/\\\/www.facebook.com\\\/optiboard.de\"]}]}<\/script>\n<!-- \/ Yoast SEO plugin. -->","yoast_head_json":{"title":"Impressum - Optiboard - Premium Schneidebretter aus Kunststoff","robots":{"index":"index","follow":"follow","max-snippet":"max-snippet:-1","max-image-preview":"max-image-preview:large","max-video-preview":"max-video-preview:-1"},"canonical":"https:\/\/optiboard.de\/it\/impressum\/","og_locale":"it_IT","og_type":"article","og_title":"Impressum - Optiboard - Premium Schneidebretter aus Kunststoff","og_description":"Angaben gem\u00e4\u00df \u00a7 5 TMG Optiboard by 1TECOplast GmbH Schlattweg 10 72178 Waldachtal Handelsregister: HRB 440556 Registergericht: Stuttgart Vertreten durch: Walter Wollensak Thomas Wollensak Pascal Blum Kontakt Telefon: 07486 9790 35 Telefax: 07486 9790 59 E-Mail: info@optiboard.de Umsatzsteuer-ID Umsatzsteuer-Identifikationsnummer gem\u00e4\u00df \u00a7 27 a Umsatzsteuergesetz: DE812245250 EU-Streitschlichtung Die Europ\u00e4ische Kommission stellt eine Plattform zur Online-Streitbeilegung (OS) [&hellip;]","og_url":"https:\/\/optiboard.de\/it\/impressum\/","og_site_name":"Optiboard - Premium Schneidebretter aus Kunststoff","article_publisher":"https:\/\/www.facebook.com\/optiboard.de","article_modified_time":"2025-08-25T09:18:29+00:00","og_image":[{"width":2200,"height":1656,"url":"https:\/\/optiboard.de\/wp-content\/uploads\/scene01.jpg","type":"image\/jpeg"}],"twitter_misc":{"Tempo di lettura stimato":"1 minuto"},"schema":{"@context":"https:\/\/schema.org","@graph":[{"@type":"WebPage","@id":"https:\/\/optiboard.de\/impressum\/","url":"https:\/\/optiboard.de\/impressum\/","name":"Impressum - Optiboard - Premium Schneidebretter aus Kunststoff","isPartOf":{"@id":"https:\/\/optiboard.de\/#website"},"datePublished":"2020-02-06T14:23:50+00:00","dateModified":"2025-08-25T09:18:29+00:00","breadcrumb":{"@id":"https:\/\/optiboard.de\/impressum\/#breadcrumb"},"inLanguage":"it-IT","potentialAction":[{"@type":"ReadAction","target":["https:\/\/optiboard.de\/impressum\/"]}]},{"@type":"BreadcrumbList","@id":"https:\/\/optiboard.de\/impressum\/#breadcrumb","itemListElement":[{"@type":"ListItem","position":1,"name":"Startseite","item":"https:\/\/optiboard.de\/"},{"@type":"ListItem","position":2,"name":"Impressum"}]},{"@type":"WebSite","@id":"https:\/\/optiboard.de\/#website","url":"https:\/\/optiboard.de\/","name":"Optiboard - Premium Schneidebretter aus Kunststoff","description":"Das h\u00f6henverstellbare Schneidebrett aus Kunststoff f\u00fcr die Profik\u00fcche im Gastro Gewerbe","publisher":{"@id":"https:\/\/optiboard.de\/#organization"},"alternateName":"Gastro Profi K\u00fcchen Schneidebrett","potentialAction":[{"@type":"SearchAction","target":{"@type":"EntryPoint","urlTemplate":"https:\/\/optiboard.de\/?s={search_term_string}"},"query-input":{"@type":"PropertyValueSpecification","valueRequired":true,"valueName":"search_term_string"}}],"inLanguage":"it-IT"},{"@type":"Organization","@id":"https:\/\/optiboard.de\/#organization","name":"Optiboard by 1TECOplast GmbH Waldachtal","url":"https:\/\/optiboard.de\/","logo":{"@type":"ImageObject","inLanguage":"it-IT","@id":"https:\/\/optiboard.de\/#\/schema\/logo\/image\/","url":"https:\/\/optiboard.de\/wp-content\/uploads\/OPTIBOARD_LOGO_RGB-scaled.jpg","contentUrl":"https:\/\/optiboard.de\/wp-content\/uploads\/OPTIBOARD_LOGO_RGB-scaled.jpg","width":2560,"height":1810,"caption":"Optiboard by 1TECOplast GmbH Waldachtal"},"image":{"@id":"https:\/\/optiboard.de\/#\/schema\/logo\/image\/"},"sameAs":["https:\/\/www.facebook.com\/optiboard.de"]}]}},"_links":{"self":[{"href":"https:\/\/optiboard.de\/it\/wp-json\/wp\/v2\/pages\/1475","targetHints":{"allow":["GET"]}}],"collection":[{"href":"https:\/\/optiboard.de\/it\/wp-json\/wp\/v2\/pages"}],"about":[{"href":"https:\/\/optiboard.de\/it\/wp-json\/wp\/v2\/types\/page"}],"author":[{"embeddable":true,"href":"https:\/\/optiboard.de\/it\/wp-json\/wp\/v2\/users\/10"}],"replies":[{"embeddable":true,"href":"https:\/\/optiboard.de\/it\/wp-json\/wp\/v2\/comments?post=1475"}],"version-history":[{"count":8,"href":"https:\/\/optiboard.de\/it\/wp-json\/wp\/v2\/pages\/1475\/revisions"}],"predecessor-version":[{"id":223288,"href":"https:\/\/optiboard.de\/it\/wp-json\/wp\/v2\/pages\/1475\/revisions\/223288"}],"wp:attachment":[{"href":"https:\/\/optiboard.de\/it\/wp-json\/wp\/v2\/media?parent=1475"}],"curies":[{"name":"wp","href":"https:\/\/api.w.org\/{rel}","templated":true}]}}