{"id":223146,"date":"2024-05-23T14:46:08","date_gmt":"2024-05-23T12:46:08","guid":{"rendered":"https:\/\/optiboard.de\/?post_type=product&#038;p=223146"},"modified":"2024-06-11T13:16:43","modified_gmt":"2024-06-11T11:16:43","slug":"fuss-l","status":"publish","type":"product","link":"https:\/\/optiboard.de\/en\/product\/fuss-l\/","title":{"rendered":"Fuss L"},"content":{"rendered":"<div class=\"more-space\">\n<p>Das gro\u00dfe Stellfuss-Set f\u00fcr einen rutschfesten Stand und eine individuelle H\u00f6henverstellung!<\/p>\n<p>Our adjustable feet are fitted with a high-quality, seamless rubber seal, which is expertly embedded in the support surface using a special process. This prevents unwanted tearing or detachment of the rubber during use or recurring cleaning.<\/p>\n<p>All feet have screw sleeves that can be individually adjusted in height. This ensures that the cutting board is level and therefore easy to work on, even on uneven surfaces. Simply limitless and ready for use at any time!<\/p>\n<p>Raising the 5.6 cm high base by a further 2.7 cm also enables the process-optimized use of numerous gastronorm containers up to a total height of 6.5 cm.<\/p>\n<p>High-quality, food-safe polyethylene with a high material density and stainless steel screws not only meet the hygiene and food standards of the catering industry, but also guarantee consistent breakage and slip resistance throughout the entire product life of our height-adjustable chopping boards.<\/p>\n<p>So everything stays where it should be. In place to secure your work process and prevent negative work events.<\/p>\n<\/div>","protected":false},"excerpt":{"rendered":"<p>Das gro\u00dfe Stellfuss-Set f\u00fcr einen rutschfesten Stand und eine individuelle H\u00f6henverstellung! Unsere Stellf\u00fc\u00dfe werden mit einem hochwertigen, nahtlosen Dichtungsgummi ausgestattet, welches \u00fcber ein spezielles Verfahren in die Auflagefl\u00e4che fachm\u00e4nnisch eingelassen wird. Dadurch wird ein unerw\u00fcnschtes Rei\u00dfen oder Herausl\u00f6sen des Gummis w\u00e4hrend der Anwendung oder einer wiederkehrenden Reinigung verhindert. Alle F\u00fc\u00dfe verf\u00fcgen \u00fcber Schraubh\u00fclsen, welche in [&hellip;]<\/p>\n","protected":false},"featured_media":223156,"template":"","meta":{"_et_pb_use_builder":"","_et_pb_old_content":"","_et_gb_content_width":""},"product_brand":[],"product_cat":[153],"product_tag":[],"class_list":{"0":"post-223146","1":"product","2":"type-product","3":"status-publish","4":"has-post-thumbnail","6":"product_cat-zubehoer","8":"first","9":"instock","10":"taxable","11":"shipping-taxable","12":"purchasable","13":"product-type-variable","14":"has-default-attributes"},"yoast_head":"<!-- This site is optimized with the Yoast SEO plugin v27.3 - https:\/\/yoast.com\/product\/yoast-seo-wordpress\/ -->\n<title>Fuss L - Optiboard - Premium Schneidebretter aus Kunststoff<\/title>\n<meta name=\"robots\" content=\"index, follow, max-snippet:-1, max-image-preview:large, max-video-preview:-1\" \/>\n<link rel=\"canonical\" href=\"https:\/\/optiboard.de\/en\/product\/fuss-l\/\" \/>\n<meta property=\"og:locale\" content=\"en_US\" \/>\n<meta property=\"og:type\" content=\"article\" \/>\n<meta property=\"og:title\" content=\"Fuss L - Optiboard - Premium Schneidebretter aus Kunststoff\" \/>\n<meta property=\"og:description\" content=\"Das gro\u00dfe Stellfuss-Set f\u00fcr einen rutschfesten Stand und eine individuelle H\u00f6henverstellung! Unsere Stellf\u00fc\u00dfe werden mit einem hochwertigen, nahtlosen Dichtungsgummi ausgestattet, welches \u00fcber ein spezielles Verfahren in die Auflagefl\u00e4che fachm\u00e4nnisch eingelassen wird. Dadurch wird ein unerw\u00fcnschtes Rei\u00dfen oder Herausl\u00f6sen des Gummis w\u00e4hrend der Anwendung oder einer wiederkehrenden Reinigung verhindert. Alle F\u00fc\u00dfe verf\u00fcgen \u00fcber Schraubh\u00fclsen, welche in [&hellip;]\" \/>\n<meta property=\"og:url\" content=\"https:\/\/optiboard.de\/en\/product\/fuss-l\/\" \/>\n<meta property=\"og:site_name\" content=\"Optiboard - Premium Schneidebretter aus Kunststoff\" \/>\n<meta property=\"article:publisher\" content=\"https:\/\/www.facebook.com\/optiboard.de\" \/>\n<meta property=\"article:modified_time\" content=\"2024-06-11T11:16:43+00:00\" \/>\n<meta property=\"og:image\" content=\"https:\/\/optiboard.de\/wp-content\/uploads\/Fuss-L_Freisteller_20240515_105530_Webshop.jpg\" \/>\n\t<meta property=\"og:image:width\" content=\"1528\" \/>\n\t<meta property=\"og:image:height\" content=\"1528\" \/>\n\t<meta property=\"og:image:type\" content=\"image\/jpeg\" \/>\n<meta name=\"twitter:label1\" content=\"Est. reading time\" \/>\n\t<meta name=\"twitter:data1\" content=\"2 minutes\" \/>\n<script type=\"application\/ld+json\" class=\"yoast-schema-graph\">{\"@context\":\"https:\\\/\\\/schema.org\",\"@graph\":[{\"@type\":\"WebPage\",\"@id\":\"https:\\\/\\\/optiboard.de\\\/produkt\\\/fuss-l\\\/\",\"url\":\"https:\\\/\\\/optiboard.de\\\/produkt\\\/fuss-l\\\/\",\"name\":\"Fuss L - Optiboard - Premium Schneidebretter aus Kunststoff\",\"isPartOf\":{\"@id\":\"https:\\\/\\\/optiboard.de\\\/#website\"},\"primaryImageOfPage\":{\"@id\":\"https:\\\/\\\/optiboard.de\\\/produkt\\\/fuss-l\\\/#primaryimage\"},\"image\":{\"@id\":\"https:\\\/\\\/optiboard.de\\\/produkt\\\/fuss-l\\\/#primaryimage\"},\"thumbnailUrl\":\"https:\\\/\\\/optiboard.de\\\/wp-content\\\/uploads\\\/Fuss-L_Freisteller_20240515_105530_Webshop.jpg\",\"datePublished\":\"2024-05-23T12:46:08+00:00\",\"dateModified\":\"2024-06-11T11:16:43+00:00\",\"breadcrumb\":{\"@id\":\"https:\\\/\\\/optiboard.de\\\/produkt\\\/fuss-l\\\/#breadcrumb\"},\"inLanguage\":\"en-US\",\"potentialAction\":[{\"@type\":\"ReadAction\",\"target\":[\"https:\\\/\\\/optiboard.de\\\/produkt\\\/fuss-l\\\/\"]}]},{\"@type\":\"ImageObject\",\"inLanguage\":\"en-US\",\"@id\":\"https:\\\/\\\/optiboard.de\\\/produkt\\\/fuss-l\\\/#primaryimage\",\"url\":\"https:\\\/\\\/optiboard.de\\\/wp-content\\\/uploads\\\/Fuss-L_Freisteller_20240515_105530_Webshop.jpg\",\"contentUrl\":\"https:\\\/\\\/optiboard.de\\\/wp-content\\\/uploads\\\/Fuss-L_Freisteller_20240515_105530_Webshop.jpg\",\"width\":1528,\"height\":1528},{\"@type\":\"BreadcrumbList\",\"@id\":\"https:\\\/\\\/optiboard.de\\\/produkt\\\/fuss-l\\\/#breadcrumb\",\"itemListElement\":[{\"@type\":\"ListItem\",\"position\":1,\"name\":\"Startseite\",\"item\":\"https:\\\/\\\/optiboard.de\\\/\"},{\"@type\":\"ListItem\",\"position\":2,\"name\":\"Produkte\",\"item\":\"https:\\\/\\\/optiboard.de\\\/shop__trashed\\\/\"},{\"@type\":\"ListItem\",\"position\":3,\"name\":\"Fuss L\"}]},{\"@type\":\"WebSite\",\"@id\":\"https:\\\/\\\/optiboard.de\\\/#website\",\"url\":\"https:\\\/\\\/optiboard.de\\\/\",\"name\":\"Optiboard - Premium Schneidebretter aus Kunststoff\",\"description\":\"Das h\u00f6henverstellbare Schneidebrett aus Kunststoff f\u00fcr die Profik\u00fcche im Gastro Gewerbe\",\"publisher\":{\"@id\":\"https:\\\/\\\/optiboard.de\\\/#organization\"},\"alternateName\":\"Gastro Profi K\u00fcchen Schneidebrett\",\"potentialAction\":[{\"@type\":\"SearchAction\",\"target\":{\"@type\":\"EntryPoint\",\"urlTemplate\":\"https:\\\/\\\/optiboard.de\\\/?s={search_term_string}\"},\"query-input\":{\"@type\":\"PropertyValueSpecification\",\"valueRequired\":true,\"valueName\":\"search_term_string\"}}],\"inLanguage\":\"en-US\"},{\"@type\":\"Organization\",\"@id\":\"https:\\\/\\\/optiboard.de\\\/#organization\",\"name\":\"Optiboard by 1TECOplast GmbH Waldachtal\",\"url\":\"https:\\\/\\\/optiboard.de\\\/\",\"logo\":{\"@type\":\"ImageObject\",\"inLanguage\":\"en-US\",\"@id\":\"https:\\\/\\\/optiboard.de\\\/#\\\/schema\\\/logo\\\/image\\\/\",\"url\":\"https:\\\/\\\/optiboard.de\\\/wp-content\\\/uploads\\\/OPTIBOARD_LOGO_RGB-scaled.jpg\",\"contentUrl\":\"https:\\\/\\\/optiboard.de\\\/wp-content\\\/uploads\\\/OPTIBOARD_LOGO_RGB-scaled.jpg\",\"width\":2560,\"height\":1810,\"caption\":\"Optiboard by 1TECOplast GmbH Waldachtal\"},\"image\":{\"@id\":\"https:\\\/\\\/optiboard.de\\\/#\\\/schema\\\/logo\\\/image\\\/\"},\"sameAs\":[\"https:\\\/\\\/www.facebook.com\\\/optiboard.de\"]}]}<\/script>\n<!-- \/ Yoast SEO plugin. -->","yoast_head_json":{"title":"Fuss L - Optiboard - Premium Schneidebretter aus Kunststoff","robots":{"index":"index","follow":"follow","max-snippet":"max-snippet:-1","max-image-preview":"max-image-preview:large","max-video-preview":"max-video-preview:-1"},"canonical":"https:\/\/optiboard.de\/en\/product\/fuss-l\/","og_locale":"en_US","og_type":"article","og_title":"Fuss L - Optiboard - Premium Schneidebretter aus Kunststoff","og_description":"Das gro\u00dfe Stellfuss-Set f\u00fcr einen rutschfesten Stand und eine individuelle H\u00f6henverstellung! Unsere Stellf\u00fc\u00dfe werden mit einem hochwertigen, nahtlosen Dichtungsgummi ausgestattet, welches \u00fcber ein spezielles Verfahren in die Auflagefl\u00e4che fachm\u00e4nnisch eingelassen wird. Dadurch wird ein unerw\u00fcnschtes Rei\u00dfen oder Herausl\u00f6sen des Gummis w\u00e4hrend der Anwendung oder einer wiederkehrenden Reinigung verhindert. Alle F\u00fc\u00dfe verf\u00fcgen \u00fcber Schraubh\u00fclsen, welche in [&hellip;]","og_url":"https:\/\/optiboard.de\/en\/product\/fuss-l\/","og_site_name":"Optiboard - Premium Schneidebretter aus Kunststoff","article_publisher":"https:\/\/www.facebook.com\/optiboard.de","article_modified_time":"2024-06-11T11:16:43+00:00","og_image":[{"width":1528,"height":1528,"url":"https:\/\/optiboard.de\/wp-content\/uploads\/Fuss-L_Freisteller_20240515_105530_Webshop.jpg","type":"image\/jpeg"}],"twitter_misc":{"Est. reading time":"2 minutes"},"schema":{"@context":"https:\/\/schema.org","@graph":[{"@type":"WebPage","@id":"https:\/\/optiboard.de\/produkt\/fuss-l\/","url":"https:\/\/optiboard.de\/produkt\/fuss-l\/","name":"Fuss L - Optiboard - Premium Schneidebretter aus Kunststoff","isPartOf":{"@id":"https:\/\/optiboard.de\/#website"},"primaryImageOfPage":{"@id":"https:\/\/optiboard.de\/produkt\/fuss-l\/#primaryimage"},"image":{"@id":"https:\/\/optiboard.de\/produkt\/fuss-l\/#primaryimage"},"thumbnailUrl":"https:\/\/optiboard.de\/wp-content\/uploads\/Fuss-L_Freisteller_20240515_105530_Webshop.jpg","datePublished":"2024-05-23T12:46:08+00:00","dateModified":"2024-06-11T11:16:43+00:00","breadcrumb":{"@id":"https:\/\/optiboard.de\/produkt\/fuss-l\/#breadcrumb"},"inLanguage":"en-US","potentialAction":[{"@type":"ReadAction","target":["https:\/\/optiboard.de\/produkt\/fuss-l\/"]}]},{"@type":"ImageObject","inLanguage":"en-US","@id":"https:\/\/optiboard.de\/produkt\/fuss-l\/#primaryimage","url":"https:\/\/optiboard.de\/wp-content\/uploads\/Fuss-L_Freisteller_20240515_105530_Webshop.jpg","contentUrl":"https:\/\/optiboard.de\/wp-content\/uploads\/Fuss-L_Freisteller_20240515_105530_Webshop.jpg","width":1528,"height":1528},{"@type":"BreadcrumbList","@id":"https:\/\/optiboard.de\/produkt\/fuss-l\/#breadcrumb","itemListElement":[{"@type":"ListItem","position":1,"name":"Startseite","item":"https:\/\/optiboard.de\/"},{"@type":"ListItem","position":2,"name":"Produkte","item":"https:\/\/optiboard.de\/shop__trashed\/"},{"@type":"ListItem","position":3,"name":"Fuss L"}]},{"@type":"WebSite","@id":"https:\/\/optiboard.de\/#website","url":"https:\/\/optiboard.de\/","name":"Optiboard - Premium Schneidebretter aus Kunststoff","description":"Das h\u00f6henverstellbare Schneidebrett aus Kunststoff f\u00fcr die Profik\u00fcche im Gastro Gewerbe","publisher":{"@id":"https:\/\/optiboard.de\/#organization"},"alternateName":"Gastro Profi K\u00fcchen Schneidebrett","potentialAction":[{"@type":"SearchAction","target":{"@type":"EntryPoint","urlTemplate":"https:\/\/optiboard.de\/?s={search_term_string}"},"query-input":{"@type":"PropertyValueSpecification","valueRequired":true,"valueName":"search_term_string"}}],"inLanguage":"en-US"},{"@type":"Organization","@id":"https:\/\/optiboard.de\/#organization","name":"Optiboard by 1TECOplast GmbH Waldachtal","url":"https:\/\/optiboard.de\/","logo":{"@type":"ImageObject","inLanguage":"en-US","@id":"https:\/\/optiboard.de\/#\/schema\/logo\/image\/","url":"https:\/\/optiboard.de\/wp-content\/uploads\/OPTIBOARD_LOGO_RGB-scaled.jpg","contentUrl":"https:\/\/optiboard.de\/wp-content\/uploads\/OPTIBOARD_LOGO_RGB-scaled.jpg","width":2560,"height":1810,"caption":"Optiboard by 1TECOplast GmbH Waldachtal"},"image":{"@id":"https:\/\/optiboard.de\/#\/schema\/logo\/image\/"},"sameAs":["https:\/\/www.facebook.com\/optiboard.de"]}]}},"_links":{"self":[{"href":"https:\/\/optiboard.de\/en\/wp-json\/wp\/v2\/product\/223146","targetHints":{"allow":["GET"]}}],"collection":[{"href":"https:\/\/optiboard.de\/en\/wp-json\/wp\/v2\/product"}],"about":[{"href":"https:\/\/optiboard.de\/en\/wp-json\/wp\/v2\/types\/product"}],"wp:featuredmedia":[{"embeddable":true,"href":"https:\/\/optiboard.de\/en\/wp-json\/wp\/v2\/media\/223156"}],"wp:attachment":[{"href":"https:\/\/optiboard.de\/en\/wp-json\/wp\/v2\/media?parent=223146"}],"wp:term":[{"taxonomy":"product_brand","embeddable":true,"href":"https:\/\/optiboard.de\/en\/wp-json\/wp\/v2\/product_brand?post=223146"},{"taxonomy":"product_cat","embeddable":true,"href":"https:\/\/optiboard.de\/en\/wp-json\/wp\/v2\/product_cat?post=223146"},{"taxonomy":"product_tag","embeddable":true,"href":"https:\/\/optiboard.de\/en\/wp-json\/wp\/v2\/product_tag?post=223146"}],"curies":[{"name":"wp","href":"https:\/\/api.w.org\/{rel}","templated":true}]}}