{"id":223136,"date":"2024-05-23T10:34:17","date_gmt":"2024-05-23T08:34:17","guid":{"rendered":"https:\/\/optiboard.de\/?post_type=product&#038;p=223136"},"modified":"2025-02-03T09:47:30","modified_gmt":"2025-02-03T08:47:30","slug":"optiboard-economy-2","status":"publish","type":"product","link":"https:\/\/optiboard.de\/en\/product\/optiboard-economy-2\/","title":{"rendered":"OPTIBOARD Economy"},"content":{"rendered":"<div>Das Lange unter den Gro\u00dfen! Das Optiboard ECONOMY besticht durch seine schlanke Breite. Das qualitativ hochwertige Polyethylen verf\u00fcgt \u00fcber eine hohe Werkstoffdichte, was das Brett sehr schnittfest, schlagz\u00e4h und langlebig macht. Die rutschfesten Standf\u00fc\u00dfe k\u00f6nnen einzeln in der H\u00f6he reguliert und so an die ergonomischen Erfordernisse des Nutzers angepasst werden. Messer und g\u00e4ngige Schalen (GN-Beh\u00e4lter) k\u00f6nnen prozessoptimierend eingesetzt werden.<\/div>\n<div><\/div>\n<div><\/div>\n<div><\/div>\n<div class=\"more-space\"><strong><br \/>\nPremium Schneidebretter von Optiboard <\/strong><\/div>\n<div class=\"text-content\">\n<p>Sie sind leidenschaftlicher Koch oder leidenschaftliche K\u00f6chin und haben es satt, Ihr Brett nach nur kurzer Zeit wegen Sch\u00e4den wegschmei\u00dfen zu m\u00fcssen? Sie haben es satt, dass das Schneidebrett Kunststoff aus dem Supermarkt oder Einrichtungsladen nach wenigen Nutzungen verbogen, gebrochen oder zerkratzt ist oder anf\u00e4ngt komische Ger\u00fcche und Verf\u00e4rbungen zu haben? Dann sollten Sie auf Premium Bretter umsteigen! Die einmalige Investition in ein Schneidebrett Kunststoff mit hoher Lebensdauer und Qualit\u00e4t lohnt sich.<\/p>\n<p>Optiboard bietet Premium Bretter f\u00fcr den professionellen Gebrauch an. Aufgrund der hohen Werkstoffdichte sind diese Brettchen f\u00fcr den Profigebrauch zu Hundert Prozent schnittfest. Sie bestehen nicht aus Billigmaterial, sondern aus lebensmittelechtem Kunststoff aus PolyEthylen (PE) mit Zulassung gem\u00e4\u00df LMBG und EG-Verordnung 1935\/2004. Dieser ist ebenfalls FDA zertifiziert f\u00fcr Lebensmittel. Damit sind Sie f\u00fcr Gesundheitskontrollen in Ihrem Restaurant bestens ausgestattet. Aber auch Hobbyk\u00f6che und -K\u00f6chinnen sch\u00e4tzen dieses besonders hygienische und geruchsneutrale Material. Dar\u00fcber hinaus ist die Verwendung der Premium Bretter von Optiboard besonders angenehm. Eine flexible H\u00f6hen- und Neigungsverstellung erm\u00f6glicht ergonomisches Arbeiten. Dar\u00fcber hinaus ist das Schneidebrett mit Saftrille in jeden Fall stabil und rutschfest, wof\u00fcr ein Antirutschstand sorgt. Die Rillen mit Abflussm\u00f6glichkeit sowie die M\u00f6glichkeit, das Schneidebrett ganz bequem in der Sp\u00fclmaschine zu reinigen machen das gesamte Kocherlebnis noch angenehmer. Neben dem Gef\u00fchl beim Kochen spricht auch die Langlebigkeit dieses Schneidebrett mit Saftrille f\u00fcr die Schneidebretter von Optiboard. Sie sich bruchsicher und verbiegen sich nicht. Zudem sind sie formstabil und messerschonend. Das hochwertige Design erm\u00f6glicht es, das Brett nicht nur versteckt in der Profik\u00fcche zu nutzen, sondern es auch elegant auf einem Buffet zu platzieren. Das Design ist jedoch nicht nur sch\u00f6n, sondern auch praktisch: unter dem Optiboard kann man jegliche K\u00fcchenutensilien von Messer \u00fcber Sparsch\u00e4ler bis hin zu Scheren fast unsichtbar unterbringen, sodass der Platz, den das Brett einnimmt, nicht verloren ist. Au\u00dferdem k\u00f6nnen passende Beh\u00e4lter aus der Standardk\u00fcche genutzt werden, um sowohl das fertig geschnittene Obst und Gem\u00fcse als auch die Abf\u00e4lle ganz bequem vom Brett herunterschieben und an der richtigen Stelle sammeln zu k\u00f6nnen.Die Bretter f\u00fcr Kochprofis von Optiboard gibt es in drei verschiedenen Ausf\u00fchrungen und diese sind jeweils in verschiedenen Farben erh\u00e4ltlich. So ist f\u00fcr alle Bed\u00fcrfnisse und Geschm\u00e4cker etwas Passendes dabei!<\/p>\n<\/div>\n<p>F\u00fcr hohe Anspr\u00fcche mit geringem Platzbedarf. Meistert viele Anforderung.\u200b<\/p>\n<p><strong>Merkmale<\/strong><\/p>\n<p>\u2022 schnittfest, schlagz\u00e4h, bruchsicher<br \/>\n\u2022 lebensmittelechter Kunststoff gem. LMBG, EG 1935\/ 2004, FDA-zertifiziert<br \/>\n\u2022 sp\u00fclmaschinenfest, geruchsneutral<br \/>\n\u2022 formstabil und messerschonend<br \/>\n\u2022 hohe Lebensdauer<br \/>\n\u2022 ergonomisch<br \/>\n\u2022 rutschfest<\/p>\n<p><strong>Produkt Spezifikation<\/strong><\/p>\n<p>Produktmodell: Economy<br \/>\nFarben: wei\u00df, schwarz<br \/>\nF\u00fc\u00dfe: M [verstellbar 5,6 &#8211; 8,3 cm]<br \/>\nProduktgewicht: 6.200 Gramm<br \/>\nProduktabmessungen: 66 (L) x 33 (B) x 3 (H) cm<\/p>\n<p>Kompatibilit\u00e4t F\u00fc\u00dfe: S, M, L<br \/>\nArbeitsh\u00f6he: min. 8,6 cm | max. 11,3 cm<br \/>\nSaftrille: ja<br \/>\nGN-Kompatibilit\u00e4t: 1\/1 Beh\u00e4lter &#8211; H\u00f6he 6,5 cm<br \/>\nMaterial: Polyethylen (made in Germany)<\/p>\n<p><strong>Pflegehinweise<\/strong><\/p>\n<p>\u2022 Das Brett muss nach jedem Gebrauch mit hei\u00dfem Wasser abgesp\u00fclt werden<br \/>\n\u2022 Verf\u00e4rbungen durch Lebensmittel k\u00f6nnen bei Bedarf mit gastronomie-geeigneten Reinigungsmitteln beseitigt werden<\/p>\n","protected":false},"excerpt":{"rendered":"<p>Das Lange unter den Gro\u00dfen! Das Optiboard ECONOMY besticht durch seine schlanke Breite. Das qualitativ hochwertige Polyethylen verf\u00fcgt \u00fcber eine hohe Werkstoffdichte, was das Brett sehr schnittfest, schlagz\u00e4h und langlebig macht. Die rutschfesten Standf\u00fc\u00dfe k\u00f6nnen einzeln in der H\u00f6he reguliert und so an die ergonomischen Erfordernisse des Nutzers angepasst werden. Messer und g\u00e4ngige Schalen (GN-Beh\u00e4lter) [&hellip;]<\/p>\n","protected":false},"featured_media":223262,"template":"","meta":{"_et_pb_use_builder":"","_et_pb_old_content":"","_et_gb_content_width":""},"product_brand":[],"product_cat":[15],"product_tag":[],"class_list":{"0":"post-223136","1":"product","2":"type-product","3":"status-publish","4":"has-post-thumbnail","6":"product_cat-schneidebretter","8":"first","9":"instock","10":"taxable","11":"shipping-taxable","12":"purchasable","13":"product-type-variable","14":"has-default-attributes"},"yoast_head":"<!-- This site is optimized with the Yoast SEO plugin v27.3 - https:\/\/yoast.com\/product\/yoast-seo-wordpress\/ -->\n<title>OPTIBOARD Economy - Optiboard - Premium Schneidebretter aus Kunststoff<\/title>\n<meta name=\"robots\" content=\"index, follow, max-snippet:-1, max-image-preview:large, max-video-preview:-1\" \/>\n<link rel=\"canonical\" href=\"https:\/\/optiboard.de\/en\/product\/optiboard-economy-2\/\" \/>\n<meta property=\"og:locale\" content=\"en_US\" \/>\n<meta property=\"og:type\" content=\"article\" \/>\n<meta property=\"og:title\" content=\"OPTIBOARD Economy - Optiboard - Premium Schneidebretter aus Kunststoff\" \/>\n<meta property=\"og:description\" content=\"Das Lange unter den Gro\u00dfen! Das Optiboard ECONOMY besticht durch seine schlanke Breite. Das qualitativ hochwertige Polyethylen verf\u00fcgt \u00fcber eine hohe Werkstoffdichte, was das Brett sehr schnittfest, schlagz\u00e4h und langlebig macht. Die rutschfesten Standf\u00fc\u00dfe k\u00f6nnen einzeln in der H\u00f6he reguliert und so an die ergonomischen Erfordernisse des Nutzers angepasst werden. Messer und g\u00e4ngige Schalen (GN-Beh\u00e4lter) [&hellip;]\" \/>\n<meta property=\"og:url\" content=\"https:\/\/optiboard.de\/en\/product\/optiboard-economy-2\/\" \/>\n<meta property=\"og:site_name\" content=\"Optiboard - Premium Schneidebretter aus Kunststoff\" \/>\n<meta property=\"article:publisher\" content=\"https:\/\/www.facebook.com\/optiboard.de\" \/>\n<meta property=\"article:modified_time\" content=\"2025-02-03T08:47:30+00:00\" \/>\n<meta property=\"og:image\" content=\"https:\/\/optiboard.de\/wp-content\/uploads\/Economy_W.png\" \/>\n\t<meta property=\"og:image:width\" content=\"1528\" \/>\n\t<meta property=\"og:image:height\" content=\"1528\" \/>\n\t<meta property=\"og:image:type\" content=\"image\/png\" \/>\n<meta name=\"twitter:label1\" content=\"Est. reading time\" \/>\n\t<meta name=\"twitter:data1\" content=\"4 minutes\" \/>\n<script type=\"application\/ld+json\" class=\"yoast-schema-graph\">{\"@context\":\"https:\\\/\\\/schema.org\",\"@graph\":[{\"@type\":\"WebPage\",\"@id\":\"https:\\\/\\\/optiboard.de\\\/produkt\\\/optiboard-economy-2\\\/\",\"url\":\"https:\\\/\\\/optiboard.de\\\/produkt\\\/optiboard-economy-2\\\/\",\"name\":\"OPTIBOARD Economy - Optiboard - Premium Schneidebretter aus Kunststoff\",\"isPartOf\":{\"@id\":\"https:\\\/\\\/optiboard.de\\\/#website\"},\"primaryImageOfPage\":{\"@id\":\"https:\\\/\\\/optiboard.de\\\/produkt\\\/optiboard-economy-2\\\/#primaryimage\"},\"image\":{\"@id\":\"https:\\\/\\\/optiboard.de\\\/produkt\\\/optiboard-economy-2\\\/#primaryimage\"},\"thumbnailUrl\":\"https:\\\/\\\/optiboard.de\\\/wp-content\\\/uploads\\\/Economy_W.png\",\"datePublished\":\"2024-05-23T08:34:17+00:00\",\"dateModified\":\"2025-02-03T08:47:30+00:00\",\"breadcrumb\":{\"@id\":\"https:\\\/\\\/optiboard.de\\\/produkt\\\/optiboard-economy-2\\\/#breadcrumb\"},\"inLanguage\":\"en-US\",\"potentialAction\":[{\"@type\":\"ReadAction\",\"target\":[\"https:\\\/\\\/optiboard.de\\\/produkt\\\/optiboard-economy-2\\\/\"]}]},{\"@type\":\"ImageObject\",\"inLanguage\":\"en-US\",\"@id\":\"https:\\\/\\\/optiboard.de\\\/produkt\\\/optiboard-economy-2\\\/#primaryimage\",\"url\":\"https:\\\/\\\/optiboard.de\\\/wp-content\\\/uploads\\\/Economy_W.png\",\"contentUrl\":\"https:\\\/\\\/optiboard.de\\\/wp-content\\\/uploads\\\/Economy_W.png\",\"width\":1528,\"height\":1528},{\"@type\":\"BreadcrumbList\",\"@id\":\"https:\\\/\\\/optiboard.de\\\/produkt\\\/optiboard-economy-2\\\/#breadcrumb\",\"itemListElement\":[{\"@type\":\"ListItem\",\"position\":1,\"name\":\"Startseite\",\"item\":\"https:\\\/\\\/optiboard.de\\\/\"},{\"@type\":\"ListItem\",\"position\":2,\"name\":\"Produkte\",\"item\":\"https:\\\/\\\/optiboard.de\\\/shop__trashed\\\/\"},{\"@type\":\"ListItem\",\"position\":3,\"name\":\"OPTIBOARD Economy\"}]},{\"@type\":\"WebSite\",\"@id\":\"https:\\\/\\\/optiboard.de\\\/#website\",\"url\":\"https:\\\/\\\/optiboard.de\\\/\",\"name\":\"Optiboard - Premium Schneidebretter aus Kunststoff\",\"description\":\"Das h\u00f6henverstellbare Schneidebrett aus Kunststoff f\u00fcr die Profik\u00fcche im Gastro Gewerbe\",\"publisher\":{\"@id\":\"https:\\\/\\\/optiboard.de\\\/#organization\"},\"alternateName\":\"Gastro Profi K\u00fcchen Schneidebrett\",\"potentialAction\":[{\"@type\":\"SearchAction\",\"target\":{\"@type\":\"EntryPoint\",\"urlTemplate\":\"https:\\\/\\\/optiboard.de\\\/?s={search_term_string}\"},\"query-input\":{\"@type\":\"PropertyValueSpecification\",\"valueRequired\":true,\"valueName\":\"search_term_string\"}}],\"inLanguage\":\"en-US\"},{\"@type\":\"Organization\",\"@id\":\"https:\\\/\\\/optiboard.de\\\/#organization\",\"name\":\"Optiboard by 1TECOplast GmbH Waldachtal\",\"url\":\"https:\\\/\\\/optiboard.de\\\/\",\"logo\":{\"@type\":\"ImageObject\",\"inLanguage\":\"en-US\",\"@id\":\"https:\\\/\\\/optiboard.de\\\/#\\\/schema\\\/logo\\\/image\\\/\",\"url\":\"https:\\\/\\\/optiboard.de\\\/wp-content\\\/uploads\\\/OPTIBOARD_LOGO_RGB-scaled.jpg\",\"contentUrl\":\"https:\\\/\\\/optiboard.de\\\/wp-content\\\/uploads\\\/OPTIBOARD_LOGO_RGB-scaled.jpg\",\"width\":2560,\"height\":1810,\"caption\":\"Optiboard by 1TECOplast GmbH Waldachtal\"},\"image\":{\"@id\":\"https:\\\/\\\/optiboard.de\\\/#\\\/schema\\\/logo\\\/image\\\/\"},\"sameAs\":[\"https:\\\/\\\/www.facebook.com\\\/optiboard.de\"]}]}<\/script>\n<!-- \/ Yoast SEO plugin. -->","yoast_head_json":{"title":"OPTIBOARD Economy - Optiboard - Premium Schneidebretter aus Kunststoff","robots":{"index":"index","follow":"follow","max-snippet":"max-snippet:-1","max-image-preview":"max-image-preview:large","max-video-preview":"max-video-preview:-1"},"canonical":"https:\/\/optiboard.de\/en\/product\/optiboard-economy-2\/","og_locale":"en_US","og_type":"article","og_title":"OPTIBOARD Economy - Optiboard - Premium Schneidebretter aus Kunststoff","og_description":"Das Lange unter den Gro\u00dfen! Das Optiboard ECONOMY besticht durch seine schlanke Breite. Das qualitativ hochwertige Polyethylen verf\u00fcgt \u00fcber eine hohe Werkstoffdichte, was das Brett sehr schnittfest, schlagz\u00e4h und langlebig macht. Die rutschfesten Standf\u00fc\u00dfe k\u00f6nnen einzeln in der H\u00f6he reguliert und so an die ergonomischen Erfordernisse des Nutzers angepasst werden. Messer und g\u00e4ngige Schalen (GN-Beh\u00e4lter) [&hellip;]","og_url":"https:\/\/optiboard.de\/en\/product\/optiboard-economy-2\/","og_site_name":"Optiboard - Premium Schneidebretter aus Kunststoff","article_publisher":"https:\/\/www.facebook.com\/optiboard.de","article_modified_time":"2025-02-03T08:47:30+00:00","og_image":[{"width":1528,"height":1528,"url":"https:\/\/optiboard.de\/wp-content\/uploads\/Economy_W.png","type":"image\/png"}],"twitter_misc":{"Est. reading time":"4 minutes"},"schema":{"@context":"https:\/\/schema.org","@graph":[{"@type":"WebPage","@id":"https:\/\/optiboard.de\/produkt\/optiboard-economy-2\/","url":"https:\/\/optiboard.de\/produkt\/optiboard-economy-2\/","name":"OPTIBOARD Economy - Optiboard - Premium Schneidebretter aus Kunststoff","isPartOf":{"@id":"https:\/\/optiboard.de\/#website"},"primaryImageOfPage":{"@id":"https:\/\/optiboard.de\/produkt\/optiboard-economy-2\/#primaryimage"},"image":{"@id":"https:\/\/optiboard.de\/produkt\/optiboard-economy-2\/#primaryimage"},"thumbnailUrl":"https:\/\/optiboard.de\/wp-content\/uploads\/Economy_W.png","datePublished":"2024-05-23T08:34:17+00:00","dateModified":"2025-02-03T08:47:30+00:00","breadcrumb":{"@id":"https:\/\/optiboard.de\/produkt\/optiboard-economy-2\/#breadcrumb"},"inLanguage":"en-US","potentialAction":[{"@type":"ReadAction","target":["https:\/\/optiboard.de\/produkt\/optiboard-economy-2\/"]}]},{"@type":"ImageObject","inLanguage":"en-US","@id":"https:\/\/optiboard.de\/produkt\/optiboard-economy-2\/#primaryimage","url":"https:\/\/optiboard.de\/wp-content\/uploads\/Economy_W.png","contentUrl":"https:\/\/optiboard.de\/wp-content\/uploads\/Economy_W.png","width":1528,"height":1528},{"@type":"BreadcrumbList","@id":"https:\/\/optiboard.de\/produkt\/optiboard-economy-2\/#breadcrumb","itemListElement":[{"@type":"ListItem","position":1,"name":"Startseite","item":"https:\/\/optiboard.de\/"},{"@type":"ListItem","position":2,"name":"Produkte","item":"https:\/\/optiboard.de\/shop__trashed\/"},{"@type":"ListItem","position":3,"name":"OPTIBOARD Economy"}]},{"@type":"WebSite","@id":"https:\/\/optiboard.de\/#website","url":"https:\/\/optiboard.de\/","name":"Optiboard - Premium Schneidebretter aus Kunststoff","description":"Das h\u00f6henverstellbare Schneidebrett aus Kunststoff f\u00fcr die Profik\u00fcche im Gastro Gewerbe","publisher":{"@id":"https:\/\/optiboard.de\/#organization"},"alternateName":"Gastro Profi K\u00fcchen Schneidebrett","potentialAction":[{"@type":"SearchAction","target":{"@type":"EntryPoint","urlTemplate":"https:\/\/optiboard.de\/?s={search_term_string}"},"query-input":{"@type":"PropertyValueSpecification","valueRequired":true,"valueName":"search_term_string"}}],"inLanguage":"en-US"},{"@type":"Organization","@id":"https:\/\/optiboard.de\/#organization","name":"Optiboard by 1TECOplast GmbH Waldachtal","url":"https:\/\/optiboard.de\/","logo":{"@type":"ImageObject","inLanguage":"en-US","@id":"https:\/\/optiboard.de\/#\/schema\/logo\/image\/","url":"https:\/\/optiboard.de\/wp-content\/uploads\/OPTIBOARD_LOGO_RGB-scaled.jpg","contentUrl":"https:\/\/optiboard.de\/wp-content\/uploads\/OPTIBOARD_LOGO_RGB-scaled.jpg","width":2560,"height":1810,"caption":"Optiboard by 1TECOplast GmbH Waldachtal"},"image":{"@id":"https:\/\/optiboard.de\/#\/schema\/logo\/image\/"},"sameAs":["https:\/\/www.facebook.com\/optiboard.de"]}]}},"_links":{"self":[{"href":"https:\/\/optiboard.de\/en\/wp-json\/wp\/v2\/product\/223136","targetHints":{"allow":["GET"]}}],"collection":[{"href":"https:\/\/optiboard.de\/en\/wp-json\/wp\/v2\/product"}],"about":[{"href":"https:\/\/optiboard.de\/en\/wp-json\/wp\/v2\/types\/product"}],"wp:featuredmedia":[{"embeddable":true,"href":"https:\/\/optiboard.de\/en\/wp-json\/wp\/v2\/media\/223262"}],"wp:attachment":[{"href":"https:\/\/optiboard.de\/en\/wp-json\/wp\/v2\/media?parent=223136"}],"wp:term":[{"taxonomy":"product_brand","embeddable":true,"href":"https:\/\/optiboard.de\/en\/wp-json\/wp\/v2\/product_brand?post=223136"},{"taxonomy":"product_cat","embeddable":true,"href":"https:\/\/optiboard.de\/en\/wp-json\/wp\/v2\/product_cat?post=223136"},{"taxonomy":"product_tag","embeddable":true,"href":"https:\/\/optiboard.de\/en\/wp-json\/wp\/v2\/product_tag?post=223136"}],"curies":[{"name":"wp","href":"https:\/\/api.w.org\/{rel}","templated":true}]}}