{"id":1670,"date":"2020-05-04T10:17:04","date_gmt":"2020-05-04T08:17:04","guid":{"rendered":"https:\/\/optiboard.de.w01a0c7e.kasserver.com\/?post_type=product&#038;p=1670"},"modified":"2025-02-03T11:29:54","modified_gmt":"2025-02-03T10:29:54","slug":"optiboard-exclusive","status":"publish","type":"product","link":"https:\/\/optiboard.de\/en\/product\/optiboard-exclusive\/","title":{"rendered":"OPTIBOARD Exclusive"},"content":{"rendered":"<p>Das Schlanke unter den Gro\u00dfen! Das Optiboard EXCLUSIVE besticht durch seine gro\u00dfe Arbeitsfl\u00e4che. Das qualitativ hochwertige Polyethylen verf\u00fcgt \u00fcber eine hohe Werkstoffdichte, was das Brett sehr schnittfest, schlagz\u00e4h und langlebig macht. Die rutschfesten Standf\u00fc\u00dfe k\u00f6nnen einzeln in der H\u00f6he reguliert und so an die ergonomischen Erfordernisse des Nutzers angepasst werden. Messer und g\u00e4ngige Schalen (GN-Beh\u00e4lter) k\u00f6nnen prozessoptimierend eingesetzt werden.<\/p>\n<p>&nbsp;<\/p>\n<p class=\"more-space\" style=\"text-align: left;\"><span style=\"font-size: 100%;\"><strong>Premium Schneidebretter von Optiboard <\/strong><\/span><\/p>\n<p><span style=\"font-size: 100%;\">Sie sind leidenschaftlicher Koch oder leidenschaftliche K\u00f6chin und haben es satt, <\/span><span style=\"font-size: 100%;\">Ihr Brett nach nur kurzer Zeit wegen Sch\u00e4den wegschmei\u00dfen zu m\u00fcssen? Sie haben es satt, dass das Schneidebrett Kunststoff aus dem Supermarkt oder Einrichtungsladen nach wenigen Nutzungen verbogen, gebrochen oder zerkratzt ist oder anf\u00e4ngt komische Ger\u00fcche und Verf\u00e4rbungen zu haben? Dann sollten Sie auf Premium Bretter umsteigen! Die einmalige Investition in ein Schneidebrett Kunststoff mit hoher Lebensdauer und Qualit\u00e4t lohnt sich.<\/span> <span style=\"font-size: 100%;\">Optiboard bietet Premium Bretter f\u00fcr den professionellen Gebrauch an. Aufgrund der hohen Werkstoffdichte sind diese Brettchen f\u00fcr den Profigebrauch zu Hundert Prozent schnittfest. Sie bestehen nicht aus Billigmaterial, sondern aus lebensmittelechtem Kunststoff aus PolyEthylen (PE) mit Zulassung gem\u00e4\u00df LMBG und EG-Verordnung 1935\/2004. Dieser ist ebenfalls FDA zertifiziert f\u00fcr Lebensmittel. Damit sind Sie f\u00fcr Gesundheitskontrollen in Ihrem Restaurant bestens ausgestattet. Aber auch Hobbyk\u00f6che und -K\u00f6chinnen sch\u00e4tzen dieses besonders hygienische und geruchsneutrale Material. Dar\u00fcber hinaus ist die Verwendung der Premium Bretter von Optiboard besonders angenehm. Eine flexible H\u00f6hen- und Neigungsverstellung erm\u00f6glicht ergonomisches Arbeiten. Dar\u00fcber hinaus ist das Schneidebrett mit Saftrille in jeden Fall stabil und rutschfest, wof\u00fcr ein Antirutschstand sorgt. Die Rillen mit Abflussm\u00f6glichkeit sowie die M\u00f6glichkeit, das Schneidebrett ganz bequem in der Sp\u00fclmaschine zu reinigen machen das gesamte Kocherlebnis noch angenehmer. Neben dem Gef\u00fchl beim Kochen spricht auch die Langlebigkeit dieses Schneidebrett mit Saftrille f\u00fcr die Schneidebretter von Optiboard. Sie sich bruchsicher und verbiegen sich nicht. Zudem sind sie formstabil und messerschonend. Das hochwertige Design erm\u00f6glicht es, das Brett nicht nur versteckt in der Profik\u00fcche zu nutzen, sondern es auch elegant auf einem Buffet zu platzieren. Das Design ist jedoch nicht nur sch\u00f6n, sondern auch praktisch: unter dem Optiboard kann man jegliche K\u00fcchenutensilien von Messer \u00fcber Sparsch\u00e4ler bis hin zu Scheren fast unsichtbar unterbringen, sodass der Platz, den das Brett einnimmt, nicht verloren ist. Au\u00dferdem k\u00f6nnen passende Beh\u00e4lter aus der Standardk\u00fcche genutzt werden, um sowohl das fertig geschnittene Obst und Gem\u00fcse als auch die Abf\u00e4lle ganz bequem vom Brett herunterschieben und an der richtigen Stelle sammeln zu k\u00f6nnen.Die Bretter f\u00fcr Kochprofis von Optiboard gibt es in drei verschiedenen Ausf\u00fchrungen und diese sind jeweils in verschiedenen Farben erh\u00e4ltlich. So ist f\u00fcr alle Bed\u00fcrfnisse und Geschm\u00e4cker etwas Passendes dabei!<\/span> \u00a0 <span style=\"font-size: 100%;\"><strong>Exclusive<\/strong><\/span> <span style=\"font-size: 100%;\">Das Optiboard Exclusive ist quasi die gro\u00dfe Schwester von Optiboard Select. Dieses Schneidebrett Polyethylen ist mit er L\u00e4nge von 66 cm und einer Breite von 49 cm n\u00e4mlich ein gutes St\u00fcck gr\u00f6\u00dfer. \u00dcber die zus\u00e4tzliche Arbeitsfl\u00e4che freuen sich vor allem K\u00f6che und K\u00f6chinnen, die f\u00fcr mehr Leute gleichzeitig oder mehrere Gerichte parallel kochen m\u00fcssen. Abgesehen von der Gr\u00f6\u00dfe gleicht das Optiboard Exclusive seiner kleinen Schwester sehr stark. Es ist ebenfalls 3 cm hoch, verf\u00fcgt \u00fcber 4 Stellf\u00fc\u00dfe und ist in Schwarz und in Wei\u00df erh\u00e4ltlich. Die H\u00f6he und Neigung dieses Bretts sind von 8,6 bis auf 11,3 cm einstellbar. Entsprechend der Abmessungen verf\u00fcgt das Optiboard Exclusive auch \u00fcber eine gro\u00dfe Saftrille, die ein besonders sauberes Arbeiten in der Profik\u00fcche erm\u00f6glicht. Das Gewicht des Brettes inklusive der Stellf\u00fc\u00dfe liegt bei 9,3 Kilogramm und der Preis betr\u00e4gt 220 Euro. Dieses Gastro Schneidebrett von Optiboard ist perfekt f\u00fcr all diejenigen, die hohe Anforderungen an Qualit\u00e4t haben und sich eine gro\u00dfe Arbeitsfl\u00e4che w\u00fcnschen. Das Optiboard exclusive ist sehr vielseitig verwendbar.<\/span> <span style=\"font-size: 100%;\">F\u00fcr alle drei Produkte von Optiboard gibt es ein paar Hinweise zu beachten, um eine m\u00f6glichst lange Lebensdauer zu gew\u00e4hrleisten. Dazu geh\u00f6rt zum einen die Verwendung geeigneter Reinigungsmittel. In den meisten F\u00e4llen sollte hei\u00dfes Wasser ausreichen. Wenn man zus\u00e4tzliche Reinigungsmittel ben\u00f6tigt, sollte man sich an die Vorgaben der Berufsgenossenschaft Nahrungsmittel und Gastst\u00e4tten halten. Das Brett kann, sofern es von der Gr\u00f6\u00dfe her passt, auch bei einer Mindesttemperatur von 75 Grad Celsius in der Sp\u00fclmaschine gereinigt werden. Um Verf\u00e4rbungen von sehr intensiven Lebensmitteln zu beseitigen, lohnt es sich auf Hausmittel, wie zum Beispiel Oliven\u00f6l zur\u00fcckzugreifen, welches man lange einzigen l\u00e4sst und dann mit einem geeigneten Sp\u00fclmittel abwaschen kann. Dar\u00fcber hinaus ist es wichtig, das Brett in trockenen R\u00e4umen zu lagern und vor direkter Sonneneinstrahlung sowie extremer K\u00e4lte zu sch\u00fctzen. Wenn man diese Hinweise befolgt kann man sicher sein, dass man an dem Brett \u2013 unabh\u00e4ngig von dem Modell \u2013 sehr lange Freude haben wird.<\/span> <span style=\"font-size: 100%;\">F\u00fcr hohe Anforderungen mit gro\u00dfer Arbeitsfl\u00e4che, vielseitig verwendbar.\u200b<\/span><\/p>\n<p><strong>Merkmale<\/strong><\/p>\n<p>\u2022 schnittfest, schlagz\u00e4h, bruchsicher<br \/>\n\u2022 lebensmittelechter Kunststoff gem. LMBG, EG 1935\/ 2004, FDA-zertifiziert<br \/>\n\u2022 sp\u00fclmaschinenfest, geruchsneutral<br \/>\n\u2022 formstabil und messerschonend<br \/>\n\u2022 hohe Lebensdauer<br \/>\n\u2022 ergonomisch<br \/>\n\u2022 rutschfest<\/p>\n<p><strong>Produkt Spezifikation<\/strong><\/p>\n<p>Produktmodell: Exclusive<br \/>\nFarben: wei\u00df, schwarz<br \/>\nF\u00fc\u00dfe: M [verstellbar 5,6 &#8211; 8,3 cm]<br \/>\nProduktgewicht: 9.300 Gramm<br \/>\nProduktabmessungen: 66 (L) x 49 (B) x 3 (H) cm<\/p>\n<p>Kompatibilit\u00e4t F\u00fc\u00dfe: S, M, L<br \/>\nArbeitsh\u00f6he: min. 8,6 cm | max. 11,3 cm<br \/>\nSaftrille: ja<br \/>\nGN-Kompatibilit\u00e4t: 2\/3 Beh\u00e4lter &#8211; H\u00f6he 6,5 cm<br \/>\nMaterial: Polyethylen (made in Germany)<\/p>\n<p><strong>Pflegehinweise<\/strong><\/p>\n<p>\u2022 Das Brett muss nach jedem Gebrauch mit hei\u00dfem Wasser abgesp\u00fclt werden<br \/>\n\u2022 Verf\u00e4rbungen durch Lebensmittel k\u00f6nnen bei Bedarf mit gastronomie-geeigneten Reinigungsmitteln beseitigt werden<\/p>\n<p><span style=\"font-size: 100%;\"><strong>\u200b<\/strong><\/span><\/p>\n","protected":false},"excerpt":{"rendered":"<p>Das Schlanke unter den Gro\u00dfen! Das Optiboard EXCLUSIVE besticht durch seine gro\u00dfe Arbeitsfl\u00e4che. Das qualitativ hochwertige Polyethylen verf\u00fcgt \u00fcber eine hohe Werkstoffdichte, was das Brett sehr schnittfest, schlagz\u00e4h und langlebig macht. Die rutschfesten Standf\u00fc\u00dfe k\u00f6nnen einzeln in der H\u00f6he reguliert und so an die ergonomischen Erfordernisse des Nutzers angepasst werden. Messer und g\u00e4ngige Schalen (GN-Beh\u00e4lter) [&hellip;]<\/p>\n","protected":false},"featured_media":223264,"template":"","meta":{"_et_pb_use_builder":"off","_et_pb_old_content":"<p class=\"more-space\" style=\"text-align: left\"><span style=\"font-size: 100%\"><strong>Premium Schneidebretter von Optiboard <\/strong><\/span><\/p>\r\n<span style=\"font-size: 100%\">Sie sind leidenschaftlicher Koch oder leidenschaftliche K\u00f6chin und haben es satt, <\/span><span style=\"font-size: 100%\">Ihr Brett nach nur kurzer Zeit wegen Sch\u00e4den wegschmei\u00dfen zu m\u00fcssen? Sie haben es satt, dass das Schneidebrett Kunststoff aus dem Supermarkt oder Einrichtungsladen nach wenigen Nutzungen verbogen, gebrochen oder zerkratzt ist oder anf\u00e4ngt komische Ger\u00fcche und Verf\u00e4rbungen zu haben? Dann sollten Sie auf Premium Bretter umsteigen! Die einmalige Investition in ein Schneidebrett Kunststoff mit hoher Lebensdauer und Qualit\u00e4t lohnt sich.<\/span>\r\n\r\n<span style=\"font-size: 100%\">Optiboard bietet Premium Bretter f\u00fcr den professionellen Gebrauch an. Aufgrund der hohen Werkstoffdichte sind diese Brettchen f\u00fcr den Profigebrauch zu Hundert Prozent schnittfest. Sie bestehen nicht aus Billigmaterial, sondern aus lebensmittelechtem Kunststoff aus PolyEthylen (PE) mit Zulassung gem\u00e4\u00df LMBG und EG-Verordnung 1935\/2004. Dieser ist ebenfalls FDA zertifiziert f\u00fcr Lebensmittel. Damit sind Sie f\u00fcr Gesundheitskontrollen in Ihrem Restaurant bestens ausgestattet. Aber auch Hobbyk\u00f6che und -K\u00f6chinnen sch\u00e4tzen dieses besonders hygienische und geruchsneutrale Material. Dar\u00fcber hinaus ist die Verwendung der Premium Bretter von Optiboard besonders angenehm. Eine flexible H\u00f6hen- und Neigungsverstellung erm\u00f6glicht ergonomisches Arbeiten. Dar\u00fcber hinaus ist das Schneidebrett mit Saftrille in jeden Fall stabil und rutschfest, wof\u00fcr ein Antirutschstand sorgt. Die Rillen mit Abflussm\u00f6glichkeit sowie die M\u00f6glichkeit, das Schneidebrett ganz bequem in der Sp\u00fclmaschine zu reinigen machen das gesamte Kocherlebnis noch angenehmer. Neben dem Gef\u00fchl beim Kochen spricht auch die Langlebigkeit dieses Schneidebrett mit Saftrille f\u00fcr die Schneidebretter von Optiboard. Sie sich bruchsicher und verbiegen sich nicht. Zudem sind sie formstabil und messerschonend. Das hochwertige Design erm\u00f6glicht es, das Brett nicht nur versteckt in der Profik\u00fcche zu nutzen, sondern es auch elegant auf einem Buffet zu platzieren. Das Design ist jedoch nicht nur sch\u00f6n, sondern auch praktisch: unter dem Optiboard kann man jegliche K\u00fcchenutensilien von Messer \u00fcber Sparsch\u00e4ler bis hin zu Scheren fast unsichtbar unterbringen, sodass der Platz, den das Brett einnimmt, nicht verloren ist. Au\u00dferdem k\u00f6nnen passende Beh\u00e4lter aus der Standardk\u00fcche genutzt werden, um sowohl das fertig geschnittene Obst und Gem\u00fcse als auch die Abf\u00e4lle ganz bequem vom Brett herunterschieben und an der richtigen Stelle sammeln zu k\u00f6nnen.Die Bretter f\u00fcr Kochprofis von Optiboard gibt es in drei verschiedenen Ausf\u00fchrungen und diese sind jeweils in verschiedenen Farben erh\u00e4ltlich. So ist f\u00fcr alle Bed\u00fcrfnisse und Geschm\u00e4cker etwas Passendes dabei!<\/span>\r\n\r\n\u00a0\r\n\r\n<span style=\"font-size: 100%\"><strong>Exclusive<\/strong><\/span>\r\n<span style=\"font-size: 100%\">Das Optiboard Exclusive ist quasi die gro\u00dfe Schwester von Optiboard Select. Dieses Schneidebrett Polyethylen ist mit er L\u00e4nge von 66 cm und einer Breite von 49 cm n\u00e4mlich ein gutes St\u00fcck gr\u00f6\u00dfer. \u00dcber die zus\u00e4tzliche Arbeitsfl\u00e4che freuen sich vor allem K\u00f6che und K\u00f6chinnen, die f\u00fcr mehr Leute gleichzeitig oder mehrere Gerichte parallel kochen m\u00fcssen. Abgesehen von der Gr\u00f6\u00dfe gleicht das Optiboard Exclusive seiner kleinen Schwester sehr stark. Es ist ebenfalls 3 cm hoch, verf\u00fcgt \u00fcber 4 Stellf\u00fc\u00dfe und ist in Schwarz und in Wei\u00df erh\u00e4ltlich. Die H\u00f6he und Neigung dieses Bretts sind von 8,6 bis auf 11,3 cm einstellbar. Entsprechend der Abmessungen verf\u00fcgt das Optiboard Exclusive auch \u00fcber eine gro\u00dfe Saftrille, die ein besonders sauberes Arbeiten in der Profik\u00fcche erm\u00f6glicht. Das Gewicht des Brettes inklusive der Stellf\u00fc\u00dfe liegt bei 9,3 Kilogramm und der Preis betr\u00e4gt 220 Euro. Dieses Gastro Schneidebrett von Optiboard ist perfekt f\u00fcr all diejenigen, die hohe Anforderungen an Qualit\u00e4t haben und sich eine gro\u00dfe Arbeitsfl\u00e4che w\u00fcnschen. Das Optiboard exclusive ist sehr vielseitig verwendbar.<\/span>\r\n\r\n<span style=\"font-size: 100%\">F\u00fcr alle drei Produkte von Optiboard gibt es ein paar Hinweise zu beachten, um eine m\u00f6glichst lange Lebensdauer zu gew\u00e4hrleisten. Dazu geh\u00f6rt zum einen die Verwendung geeigneter Reinigungsmittel. In den meisten F\u00e4llen sollte hei\u00dfes Wasser ausreichen. Wenn man zus\u00e4tzliche Reinigungsmittel ben\u00f6tigt, sollte man sich an die Vorgaben der Berufsgenossenschaft Nahrungsmittel und Gastst\u00e4tten halten. Das Brett kann, sofern es von der Gr\u00f6\u00dfe her passt, auch bei einer Mindesttemperatur von 75 Grad Celsius in der Sp\u00fclmaschine gereinigt werden. Um Verf\u00e4rbungen von sehr intensiven Lebensmitteln zu beseitigen, lohnt es sich auf Hausmittel, wie zum Beispiel Oliven\u00f6l zur\u00fcckzugreifen, welches man lange einzigen l\u00e4sst und dann mit einem geeigneten Sp\u00fclmittel abwaschen kann. Dar\u00fcber hinaus ist es wichtig, das Brett in trockenen R\u00e4umen zu lagern und vor direkter Sonneneinstrahlung sowie extremer K\u00e4lte zu sch\u00fctzen. Wenn man diese Hinweise befolgt kann man sicher sein, dass man an dem Brett \u2013 unabh\u00e4ngig von dem Modell \u2013 sehr lange Freude haben wird.<\/span>\r\n\r\n<span style=\"font-size: 100%\">F\u00fcr hohe Anforderungen mit gro\u00dfer Arbeitsfl\u00e4che, vielseitig verwendbar.\u200b<\/span>\r\n\r\n<span style=\"font-size: 100%\"><strong>H\u00f6he und Neigung<\/strong> sind von 8,6 bis auf 11,3 cm einstellbar.<\/span>\r\n\r\n<span style=\"font-size: 100%\">Gro\u00dfe <strong>Saftrille<\/strong> mit Abfluss.<\/span>\r\n\r\n<span style=\"font-size: 100%\"><strong>Farben:<\/strong> Wei\u00df und Schwarz.<\/span>\r\n\r\n<span style=\"font-size: 100%\"><strong>Gewicht:<\/strong> inkl. Stellf\u00fc\u00dfe ca. 9,3 kg<\/span>\r\n\r\n<span style=\"font-size: 100%\"><strong>Abmessungen:<\/strong> 66 x 49 x 3 cm (L x B x H)<strong>\u200b<\/strong><\/span>\r\n\r\n\u00a0","_et_gb_content_width":""},"product_brand":[],"product_cat":[15],"product_tag":[],"class_list":{"0":"post-1670","1":"product","2":"type-product","3":"status-publish","4":"has-post-thumbnail","6":"product_cat-schneidebretter","7":"product_shipping_class-paket","9":"first","10":"instock","11":"taxable","12":"shipping-taxable","13":"purchasable","14":"product-type-variable","15":"has-default-attributes"},"yoast_head":"<!-- This site is optimized with the Yoast SEO plugin v27.3 - https:\/\/yoast.com\/product\/yoast-seo-wordpress\/ -->\n<title>OPTIBOARD Exclusive - Optiboard - Premium Schneidebretter aus Kunststoff<\/title>\n<meta name=\"robots\" content=\"index, follow, max-snippet:-1, max-image-preview:large, max-video-preview:-1\" \/>\n<link rel=\"canonical\" href=\"https:\/\/optiboard.de\/en\/product\/optiboard-exclusive\/\" \/>\n<meta property=\"og:locale\" content=\"en_US\" \/>\n<meta property=\"og:type\" content=\"article\" \/>\n<meta property=\"og:title\" content=\"OPTIBOARD Exclusive - Optiboard - Premium Schneidebretter aus Kunststoff\" \/>\n<meta property=\"og:description\" content=\"Das Schlanke unter den Gro\u00dfen! Das Optiboard EXCLUSIVE besticht durch seine gro\u00dfe Arbeitsfl\u00e4che. Das qualitativ hochwertige Polyethylen verf\u00fcgt \u00fcber eine hohe Werkstoffdichte, was das Brett sehr schnittfest, schlagz\u00e4h und langlebig macht. Die rutschfesten Standf\u00fc\u00dfe k\u00f6nnen einzeln in der H\u00f6he reguliert und so an die ergonomischen Erfordernisse des Nutzers angepasst werden. Messer und g\u00e4ngige Schalen (GN-Beh\u00e4lter) [&hellip;]\" \/>\n<meta property=\"og:url\" content=\"https:\/\/optiboard.de\/en\/product\/optiboard-exclusive\/\" \/>\n<meta property=\"og:site_name\" content=\"Optiboard - Premium Schneidebretter aus Kunststoff\" \/>\n<meta property=\"article:publisher\" content=\"https:\/\/www.facebook.com\/optiboard.de\" \/>\n<meta property=\"article:modified_time\" content=\"2025-02-03T10:29:54+00:00\" \/>\n<meta property=\"og:image\" content=\"https:\/\/optiboard.de\/wp-content\/uploads\/Exclusive_W.png\" \/>\n\t<meta property=\"og:image:width\" content=\"1528\" \/>\n\t<meta property=\"og:image:height\" content=\"1528\" \/>\n\t<meta property=\"og:image:type\" content=\"image\/png\" \/>\n<meta name=\"twitter:label1\" content=\"Est. reading time\" \/>\n\t<meta name=\"twitter:data1\" content=\"5 minutes\" \/>\n<script type=\"application\/ld+json\" class=\"yoast-schema-graph\">{\"@context\":\"https:\\\/\\\/schema.org\",\"@graph\":[{\"@type\":\"WebPage\",\"@id\":\"https:\\\/\\\/optiboard.de\\\/produkt\\\/optiboard-exclusive\\\/\",\"url\":\"https:\\\/\\\/optiboard.de\\\/produkt\\\/optiboard-exclusive\\\/\",\"name\":\"OPTIBOARD Exclusive - Optiboard - Premium Schneidebretter aus Kunststoff\",\"isPartOf\":{\"@id\":\"https:\\\/\\\/optiboard.de\\\/#website\"},\"primaryImageOfPage\":{\"@id\":\"https:\\\/\\\/optiboard.de\\\/produkt\\\/optiboard-exclusive\\\/#primaryimage\"},\"image\":{\"@id\":\"https:\\\/\\\/optiboard.de\\\/produkt\\\/optiboard-exclusive\\\/#primaryimage\"},\"thumbnailUrl\":\"https:\\\/\\\/optiboard.de\\\/wp-content\\\/uploads\\\/Exclusive_W.png\",\"datePublished\":\"2020-05-04T08:17:04+00:00\",\"dateModified\":\"2025-02-03T10:29:54+00:00\",\"breadcrumb\":{\"@id\":\"https:\\\/\\\/optiboard.de\\\/produkt\\\/optiboard-exclusive\\\/#breadcrumb\"},\"inLanguage\":\"en-US\",\"potentialAction\":[{\"@type\":\"ReadAction\",\"target\":[\"https:\\\/\\\/optiboard.de\\\/produkt\\\/optiboard-exclusive\\\/\"]}]},{\"@type\":\"ImageObject\",\"inLanguage\":\"en-US\",\"@id\":\"https:\\\/\\\/optiboard.de\\\/produkt\\\/optiboard-exclusive\\\/#primaryimage\",\"url\":\"https:\\\/\\\/optiboard.de\\\/wp-content\\\/uploads\\\/Exclusive_W.png\",\"contentUrl\":\"https:\\\/\\\/optiboard.de\\\/wp-content\\\/uploads\\\/Exclusive_W.png\",\"width\":1528,\"height\":1528},{\"@type\":\"BreadcrumbList\",\"@id\":\"https:\\\/\\\/optiboard.de\\\/produkt\\\/optiboard-exclusive\\\/#breadcrumb\",\"itemListElement\":[{\"@type\":\"ListItem\",\"position\":1,\"name\":\"Startseite\",\"item\":\"https:\\\/\\\/optiboard.de\\\/\"},{\"@type\":\"ListItem\",\"position\":2,\"name\":\"Produkte\",\"item\":\"https:\\\/\\\/optiboard.de\\\/shop__trashed\\\/\"},{\"@type\":\"ListItem\",\"position\":3,\"name\":\"OPTIBOARD Exclusive\"}]},{\"@type\":\"WebSite\",\"@id\":\"https:\\\/\\\/optiboard.de\\\/#website\",\"url\":\"https:\\\/\\\/optiboard.de\\\/\",\"name\":\"Optiboard - Premium Schneidebretter aus Kunststoff\",\"description\":\"Das h\u00f6henverstellbare Schneidebrett aus Kunststoff f\u00fcr die Profik\u00fcche im Gastro Gewerbe\",\"publisher\":{\"@id\":\"https:\\\/\\\/optiboard.de\\\/#organization\"},\"alternateName\":\"Gastro Profi K\u00fcchen Schneidebrett\",\"potentialAction\":[{\"@type\":\"SearchAction\",\"target\":{\"@type\":\"EntryPoint\",\"urlTemplate\":\"https:\\\/\\\/optiboard.de\\\/?s={search_term_string}\"},\"query-input\":{\"@type\":\"PropertyValueSpecification\",\"valueRequired\":true,\"valueName\":\"search_term_string\"}}],\"inLanguage\":\"en-US\"},{\"@type\":\"Organization\",\"@id\":\"https:\\\/\\\/optiboard.de\\\/#organization\",\"name\":\"Optiboard by 1TECOplast GmbH Waldachtal\",\"url\":\"https:\\\/\\\/optiboard.de\\\/\",\"logo\":{\"@type\":\"ImageObject\",\"inLanguage\":\"en-US\",\"@id\":\"https:\\\/\\\/optiboard.de\\\/#\\\/schema\\\/logo\\\/image\\\/\",\"url\":\"https:\\\/\\\/optiboard.de\\\/wp-content\\\/uploads\\\/OPTIBOARD_LOGO_RGB-scaled.jpg\",\"contentUrl\":\"https:\\\/\\\/optiboard.de\\\/wp-content\\\/uploads\\\/OPTIBOARD_LOGO_RGB-scaled.jpg\",\"width\":2560,\"height\":1810,\"caption\":\"Optiboard by 1TECOplast GmbH Waldachtal\"},\"image\":{\"@id\":\"https:\\\/\\\/optiboard.de\\\/#\\\/schema\\\/logo\\\/image\\\/\"},\"sameAs\":[\"https:\\\/\\\/www.facebook.com\\\/optiboard.de\"]}]}<\/script>\n<!-- \/ Yoast SEO plugin. -->","yoast_head_json":{"title":"OPTIBOARD Exclusive - Optiboard - Premium Schneidebretter aus Kunststoff","robots":{"index":"index","follow":"follow","max-snippet":"max-snippet:-1","max-image-preview":"max-image-preview:large","max-video-preview":"max-video-preview:-1"},"canonical":"https:\/\/optiboard.de\/en\/product\/optiboard-exclusive\/","og_locale":"en_US","og_type":"article","og_title":"OPTIBOARD Exclusive - Optiboard - Premium Schneidebretter aus Kunststoff","og_description":"Das Schlanke unter den Gro\u00dfen! Das Optiboard EXCLUSIVE besticht durch seine gro\u00dfe Arbeitsfl\u00e4che. Das qualitativ hochwertige Polyethylen verf\u00fcgt \u00fcber eine hohe Werkstoffdichte, was das Brett sehr schnittfest, schlagz\u00e4h und langlebig macht. Die rutschfesten Standf\u00fc\u00dfe k\u00f6nnen einzeln in der H\u00f6he reguliert und so an die ergonomischen Erfordernisse des Nutzers angepasst werden. Messer und g\u00e4ngige Schalen (GN-Beh\u00e4lter) [&hellip;]","og_url":"https:\/\/optiboard.de\/en\/product\/optiboard-exclusive\/","og_site_name":"Optiboard - Premium Schneidebretter aus Kunststoff","article_publisher":"https:\/\/www.facebook.com\/optiboard.de","article_modified_time":"2025-02-03T10:29:54+00:00","og_image":[{"width":1528,"height":1528,"url":"https:\/\/optiboard.de\/wp-content\/uploads\/Exclusive_W.png","type":"image\/png"}],"twitter_misc":{"Est. reading time":"5 minutes"},"schema":{"@context":"https:\/\/schema.org","@graph":[{"@type":"WebPage","@id":"https:\/\/optiboard.de\/produkt\/optiboard-exclusive\/","url":"https:\/\/optiboard.de\/produkt\/optiboard-exclusive\/","name":"OPTIBOARD Exclusive - Optiboard - Premium Schneidebretter aus Kunststoff","isPartOf":{"@id":"https:\/\/optiboard.de\/#website"},"primaryImageOfPage":{"@id":"https:\/\/optiboard.de\/produkt\/optiboard-exclusive\/#primaryimage"},"image":{"@id":"https:\/\/optiboard.de\/produkt\/optiboard-exclusive\/#primaryimage"},"thumbnailUrl":"https:\/\/optiboard.de\/wp-content\/uploads\/Exclusive_W.png","datePublished":"2020-05-04T08:17:04+00:00","dateModified":"2025-02-03T10:29:54+00:00","breadcrumb":{"@id":"https:\/\/optiboard.de\/produkt\/optiboard-exclusive\/#breadcrumb"},"inLanguage":"en-US","potentialAction":[{"@type":"ReadAction","target":["https:\/\/optiboard.de\/produkt\/optiboard-exclusive\/"]}]},{"@type":"ImageObject","inLanguage":"en-US","@id":"https:\/\/optiboard.de\/produkt\/optiboard-exclusive\/#primaryimage","url":"https:\/\/optiboard.de\/wp-content\/uploads\/Exclusive_W.png","contentUrl":"https:\/\/optiboard.de\/wp-content\/uploads\/Exclusive_W.png","width":1528,"height":1528},{"@type":"BreadcrumbList","@id":"https:\/\/optiboard.de\/produkt\/optiboard-exclusive\/#breadcrumb","itemListElement":[{"@type":"ListItem","position":1,"name":"Startseite","item":"https:\/\/optiboard.de\/"},{"@type":"ListItem","position":2,"name":"Produkte","item":"https:\/\/optiboard.de\/shop__trashed\/"},{"@type":"ListItem","position":3,"name":"OPTIBOARD Exclusive"}]},{"@type":"WebSite","@id":"https:\/\/optiboard.de\/#website","url":"https:\/\/optiboard.de\/","name":"Optiboard - Premium Schneidebretter aus Kunststoff","description":"Das h\u00f6henverstellbare Schneidebrett aus Kunststoff f\u00fcr die Profik\u00fcche im Gastro Gewerbe","publisher":{"@id":"https:\/\/optiboard.de\/#organization"},"alternateName":"Gastro Profi K\u00fcchen Schneidebrett","potentialAction":[{"@type":"SearchAction","target":{"@type":"EntryPoint","urlTemplate":"https:\/\/optiboard.de\/?s={search_term_string}"},"query-input":{"@type":"PropertyValueSpecification","valueRequired":true,"valueName":"search_term_string"}}],"inLanguage":"en-US"},{"@type":"Organization","@id":"https:\/\/optiboard.de\/#organization","name":"Optiboard by 1TECOplast GmbH Waldachtal","url":"https:\/\/optiboard.de\/","logo":{"@type":"ImageObject","inLanguage":"en-US","@id":"https:\/\/optiboard.de\/#\/schema\/logo\/image\/","url":"https:\/\/optiboard.de\/wp-content\/uploads\/OPTIBOARD_LOGO_RGB-scaled.jpg","contentUrl":"https:\/\/optiboard.de\/wp-content\/uploads\/OPTIBOARD_LOGO_RGB-scaled.jpg","width":2560,"height":1810,"caption":"Optiboard by 1TECOplast GmbH Waldachtal"},"image":{"@id":"https:\/\/optiboard.de\/#\/schema\/logo\/image\/"},"sameAs":["https:\/\/www.facebook.com\/optiboard.de"]}]}},"_links":{"self":[{"href":"https:\/\/optiboard.de\/en\/wp-json\/wp\/v2\/product\/1670","targetHints":{"allow":["GET"]}}],"collection":[{"href":"https:\/\/optiboard.de\/en\/wp-json\/wp\/v2\/product"}],"about":[{"href":"https:\/\/optiboard.de\/en\/wp-json\/wp\/v2\/types\/product"}],"wp:featuredmedia":[{"embeddable":true,"href":"https:\/\/optiboard.de\/en\/wp-json\/wp\/v2\/media\/223264"}],"wp:attachment":[{"href":"https:\/\/optiboard.de\/en\/wp-json\/wp\/v2\/media?parent=1670"}],"wp:term":[{"taxonomy":"product_brand","embeddable":true,"href":"https:\/\/optiboard.de\/en\/wp-json\/wp\/v2\/product_brand?post=1670"},{"taxonomy":"product_cat","embeddable":true,"href":"https:\/\/optiboard.de\/en\/wp-json\/wp\/v2\/product_cat?post=1670"},{"taxonomy":"product_tag","embeddable":true,"href":"https:\/\/optiboard.de\/en\/wp-json\/wp\/v2\/product_tag?post=1670"}],"curies":[{"name":"wp","href":"https:\/\/api.w.org\/{rel}","templated":true}]}}