{"id":222679,"date":"2021-12-14T16:37:30","date_gmt":"2021-12-14T15:37:30","guid":{"rendered":"https:\/\/optiboard.server-sedv.de\/?page_id=222679"},"modified":"2022-12-21T16:13:15","modified_gmt":"2022-12-21T15:13:15","slug":"kontakt","status":"publish","type":"page","link":"https:\/\/optiboard.de\/en\/kontakt\/","title":{"rendered":"Contact"},"content":{"rendered":"<p>[et_pb_section fb_built=&#8220;1&#8243; _builder_version=&#8220;4.16&#8243; _module_preset=&#8220;default&#8220; global_colors_info=&#8220;{}&#8220;][et_pb_row column_structure=&#8220;1_2,1_2&#8243; _builder_version=&#8220;4.16&#8243; _module_preset=&#8220;default&#8220; global_colors_info=&#8220;{}&#8220;][et_pb_column type=&#8220;1_2&#8243; _builder_version=&#8220;4.16&#8243; _module_preset=&#8220;default&#8220; global_colors_info=&#8220;{}&#8220;][et_pb_text _builder_version=&#8220;4.16&#8243; _module_preset=&#8220;default&#8220; text_font=&#8220;Lato||||||||&#8220; text_text_color=&#8220;gcid-d7db1e9e-1560-46c5-994c-de891539e1c9&#8243; header_font=&#8220;Lato|700|||||||&#8220; header_text_align=&#8220;center&#8220; header_text_color=&#8220;gcid-d7db1e9e-1560-46c5-994c-de891539e1c9&#8243; header_font_size=&#8220;26px&#8220; header_3_font=&#8220;Lato|700|||||||&#8220; header_3_text_color=&#8220;gcid-d7db1e9e-1560-46c5-994c-de891539e1c9&#8243; header_3_font_size=&#8220;20px&#8220; global_colors_info=&#8220;{%22gcid-d7db1e9e-1560-46c5-994c-de891539e1c9%22:%91%22text_text_color%22,%22header_text_color%22,%22header_3_text_color%22%93}&#8220;]<\/p>\n<h3>Kontakt<\/h3>\n<p>[\/et_pb_text][et_pb_text _builder_version=&#8220;4.16&#8243; _module_preset=&#8220;default&#8220; text_font=&#8220;Lato||||||||&#8220; text_font_size=&#8220;15px&#8220; custom_margin=&#8220;2px|||||&#8220; locked=&#8220;off&#8220; global_colors_info=&#8220;{}&#8220;]<\/p>\n<p><strong>Optiboard<br \/><\/strong><strong>by 1TECOplast GmbH<\/strong><br \/>Schlattweg 10<br \/>72178 Waldachtal<\/p>\n<p>Telefon: 07486 9790 35<br \/>Telefax: 07486 9790 59<br \/><a href=\"mailto:info@optiboard.de\">info@optiboard.de<\/a><\/p>\n<p>[\/et_pb_text][\/et_pb_column][et_pb_column type=&#8220;1_2&#8243; _builder_version=&#8220;4.16&#8243; _module_preset=&#8220;default&#8220; global_colors_info=&#8220;{}&#8220;][et_pb_text _builder_version=&#8220;4.16&#8243; _module_preset=&#8220;default&#8220; text_font=&#8220;Lato||||||||&#8220; text_text_color=&#8220;gcid-d7db1e9e-1560-46c5-994c-de891539e1c9&#8243; header_font=&#8220;Lato|700|||||||&#8220; header_text_align=&#8220;center&#8220; header_text_color=&#8220;gcid-d7db1e9e-1560-46c5-994c-de891539e1c9&#8243; header_font_size=&#8220;26px&#8220; header_3_font=&#8220;Lato|700|||||||&#8220; header_3_text_color=&#8220;gcid-d7db1e9e-1560-46c5-994c-de891539e1c9&#8243; header_3_font_size=&#8220;20px&#8220; global_colors_info=&#8220;{%22gcid-d7db1e9e-1560-46c5-994c-de891539e1c9%22:%91%22text_text_color%22,%22header_text_color%22,%22header_3_text_color%22%93}&#8220;]<\/p>\n<h3>Kontaktformular<\/h3>\n<p>[\/et_pb_text][et_pb_contact_form email=&#8220;info@optiboard.de&#8220; _builder_version=&#8220;4.19.4&#8243; _module_preset=&#8220;default&#8220; _unique_id=&#8220;7419e9bf-fff1-4192-a824-9c85a0ce0f39&#8243; custom_button=&#8220;on&#8220; button_text_size=&#8220;20px&#8220; button_text_color=&#8220;#FFFFFF&#8220; button_bg_color=&#8220;gcid-d7db1e9e-1560-46c5-994c-de891539e1c9&#8243; button_border_width=&#8220;2px&#8220; button_font=&#8220;Lato|700|||||||&#8220; hover_enabled=&#8220;0&#8243; global_colors_info=&#8220;{%22gcid-d7db1e9e-1560-46c5-994c-de891539e1c9%22:%91%22button_bg_color%22%93}&#8220; sticky_enabled=&#8220;0&#8243;][et_pb_contact_field field_id=&#8220;Nachname_(Pflichtfeld)&#8220; field_title=&#8220;Nachname (Pflichtfeld)&#8220; allowed_symbols=&#8220;letters&#8220; fullwidth_field=&#8220;on&#8220; _builder_version=&#8220;4.16&#8243; _module_preset=&#8220;default&#8220; form_field_background_color=&#8220;#eeeeee&#8220; form_field_text_color=&#8220;#000000&#8243; form_field_font=&#8220;Lato||||||||&#8220; text_orientation=&#8220;left&#8220; global_colors_info=&#8220;{}&#8220;][\/et_pb_contact_field][et_pb_contact_field field_id=&#8220;Vorname_(Pflichtfeld)&#8220; field_title=&#8220;Vorname (Pflichtfeld)&#8220; allowed_symbols=&#8220;letters&#8220; fullwidth_field=&#8220;on&#8220; _builder_version=&#8220;4.19.4&#8243; _module_preset=&#8220;default&#8220; form_field_background_color=&#8220;#eeeeee&#8220; form_field_text_color=&#8220;#000000&#8243; form_field_font=&#8220;Lato||||||||&#8220; text_orientation=&#8220;left&#8220; global_colors_info=&#8220;{}&#8220;][\/et_pb_contact_field][et_pb_contact_field field_id=&#8220;Firmenname&#8220; field_title=&#8220;Firmenname&#8220; required_mark=&#8220;off&#8220; fullwidth_field=&#8220;on&#8220; _builder_version=&#8220;4.16&#8243; _module_preset=&#8220;default&#8220; form_field_background_color=&#8220;#eeeeee&#8220; form_field_text_color=&#8220;#000000&#8243; form_field_font=&#8220;Lato||||||||&#8220; text_orientation=&#8220;left&#8220; global_colors_info=&#8220;{}&#8220;][\/et_pb_contact_field][et_pb_contact_field field_id=&#8220;Strasse&#8220; field_title=&#8220;Stra\u00dfe und Hausnummer (Pflichtfeld)&#8220; required_mark=&#8220;off&#8220; fullwidth_field=&#8220;on&#8220; _builder_version=&#8220;4.19.4&#8243; _module_preset=&#8220;default&#8220; form_field_background_color=&#8220;#eeeeee&#8220; form_field_text_color=&#8220;#000000&#8243; form_field_font=&#8220;Lato||||||||&#8220; text_orientation=&#8220;left&#8220; global_colors_info=&#8220;{}&#8220;][\/et_pb_contact_field][et_pb_contact_field field_id=&#8220;PLZ\/Ort&#8220; field_title=&#8220;PLZ\/Ort (Pflichtfeld)&#8220; fullwidth_field=&#8220;on&#8220; _builder_version=&#8220;4.19.4&#8243; _module_preset=&#8220;default&#8220; form_field_background_color=&#8220;#eeeeee&#8220; form_field_text_color=&#8220;#000000&#8243; form_field_font=&#8220;Lato||||||||&#8220; text_orientation=&#8220;left&#8220; global_colors_info=&#8220;{}&#8220;][\/et_pb_contact_field][et_pb_contact_field field_id=&#8220;E-Mail_(Pflichtfeld)&#8220; field_title=&#8220;E-Mail (Pflichtfeld)&#8220; field_type=&#8220;email&#8220; fullwidth_field=&#8220;on&#8220; _builder_version=&#8220;4.16&#8243; _module_preset=&#8220;default&#8220; form_field_background_color=&#8220;#eeeeee&#8220; form_field_text_color=&#8220;#000000&#8243; form_field_font=&#8220;Lato||||||||&#8220; text_orientation=&#8220;left&#8220; global_colors_info=&#8220;{}&#8220;][\/et_pb_contact_field][et_pb_contact_field field_id=&#8220;Telefon&#8220; field_title=&#8220;Telefon&#8220; required_mark=&#8220;off&#8220; fullwidth_field=&#8220;on&#8220; _builder_version=&#8220;4.16&#8243; _module_preset=&#8220;default&#8220; form_field_background_color=&#8220;#eeeeee&#8220; form_field_text_color=&#8220;#000000&#8243; form_field_font=&#8220;Lato||||||||&#8220; text_orientation=&#8220;left&#8220; global_colors_info=&#8220;{}&#8220;][\/et_pb_contact_field][et_pb_contact_field field_id=&#8220;Nachricht&#8220; field_title=&#8220;Nachricht&#8220; field_type=&#8220;text&#8220; required_mark=&#8220;off&#8220; fullwidth_field=&#8220;on&#8220; _builder_version=&#8220;4.16&#8243; _module_preset=&#8220;default&#8220; form_field_background_color=&#8220;#eeeeee&#8220; form_field_text_color=&#8220;#000000&#8243; form_field_font=&#8220;Lato||||||||&#8220; text_orientation=&#8220;left&#8220; global_colors_info=&#8220;{}&#8220;][\/et_pb_contact_field][\/et_pb_contact_form][\/et_pb_column][\/et_pb_row][\/et_pb_section]<\/p>\n","protected":false},"excerpt":{"rendered":"<p>KontaktOptiboardby 1TECOplast GmbHSchlattweg 1072178 Waldachtal Telefon: 07486 9790 35Telefax: 07486 9790 59info@optiboard.deKontaktformular<\/p>","protected":false},"author":11,"featured_media":0,"parent":0,"menu_order":0,"comment_status":"closed","ping_status":"closed","template":"","meta":{"_et_pb_use_builder":"on","_et_pb_old_content":"","_et_gb_content_width":"","footnotes":""},"class_list":["post-222679","page","type-page","status-publish","hentry"],"yoast_head":"<!-- This site is optimized with the Yoast SEO plugin v27.3 - https:\/\/yoast.com\/product\/yoast-seo-wordpress\/ -->\n<title>Kontakt - Optiboard - Premium Schneidebretter aus Kunststoff<\/title>\n<meta name=\"robots\" content=\"index, follow, max-snippet:-1, max-image-preview:large, max-video-preview:-1\" \/>\n<link rel=\"canonical\" href=\"https:\/\/optiboard.de\/en\/kontakt\/\" \/>\n<meta property=\"og:locale\" content=\"en_US\" \/>\n<meta property=\"og:type\" content=\"article\" \/>\n<meta property=\"og:title\" content=\"Kontakt - Optiboard - Premium Schneidebretter aus Kunststoff\" \/>\n<meta property=\"og:description\" content=\"KontaktOptiboardby 1TECOplast GmbHSchlattweg 1072178 Waldachtal Telefon: 07486 9790 35Telefax: 07486 9790 59info@optiboard.deKontaktformular\" \/>\n<meta property=\"og:url\" content=\"https:\/\/optiboard.de\/en\/kontakt\/\" \/>\n<meta property=\"og:site_name\" content=\"Optiboard - Premium Schneidebretter aus Kunststoff\" \/>\n<meta property=\"article:publisher\" content=\"https:\/\/www.facebook.com\/optiboard.de\" \/>\n<meta property=\"article:modified_time\" content=\"2022-12-21T15:13:15+00:00\" \/>\n<meta property=\"og:image\" content=\"https:\/\/optiboard.de\/wp-content\/uploads\/scene01.jpg\" \/>\n\t<meta property=\"og:image:width\" content=\"2200\" \/>\n\t<meta property=\"og:image:height\" content=\"1656\" \/>\n\t<meta property=\"og:image:type\" content=\"image\/jpeg\" \/>\n<meta name=\"twitter:label1\" content=\"Est. reading time\" \/>\n\t<meta name=\"twitter:data1\" content=\"4 minutes\" \/>\n<script type=\"application\/ld+json\" class=\"yoast-schema-graph\">{\"@context\":\"https:\\\/\\\/schema.org\",\"@graph\":[{\"@type\":\"WebPage\",\"@id\":\"https:\\\/\\\/optiboard.de\\\/kontakt\\\/\",\"url\":\"https:\\\/\\\/optiboard.de\\\/kontakt\\\/\",\"name\":\"Kontakt - Optiboard - Premium Schneidebretter aus Kunststoff\",\"isPartOf\":{\"@id\":\"https:\\\/\\\/optiboard.de\\\/#website\"},\"datePublished\":\"2021-12-14T15:37:30+00:00\",\"dateModified\":\"2022-12-21T15:13:15+00:00\",\"breadcrumb\":{\"@id\":\"https:\\\/\\\/optiboard.de\\\/kontakt\\\/#breadcrumb\"},\"inLanguage\":\"en-US\",\"potentialAction\":[{\"@type\":\"ReadAction\",\"target\":[\"https:\\\/\\\/optiboard.de\\\/kontakt\\\/\"]}]},{\"@type\":\"BreadcrumbList\",\"@id\":\"https:\\\/\\\/optiboard.de\\\/kontakt\\\/#breadcrumb\",\"itemListElement\":[{\"@type\":\"ListItem\",\"position\":1,\"name\":\"Startseite\",\"item\":\"https:\\\/\\\/optiboard.de\\\/\"},{\"@type\":\"ListItem\",\"position\":2,\"name\":\"Kontakt\"}]},{\"@type\":\"WebSite\",\"@id\":\"https:\\\/\\\/optiboard.de\\\/#website\",\"url\":\"https:\\\/\\\/optiboard.de\\\/\",\"name\":\"Optiboard - Premium Schneidebretter aus Kunststoff\",\"description\":\"Das h\u00f6henverstellbare Schneidebrett aus Kunststoff f\u00fcr die Profik\u00fcche im Gastro Gewerbe\",\"publisher\":{\"@id\":\"https:\\\/\\\/optiboard.de\\\/#organization\"},\"alternateName\":\"Gastro Profi K\u00fcchen Schneidebrett\",\"potentialAction\":[{\"@type\":\"SearchAction\",\"target\":{\"@type\":\"EntryPoint\",\"urlTemplate\":\"https:\\\/\\\/optiboard.de\\\/?s={search_term_string}\"},\"query-input\":{\"@type\":\"PropertyValueSpecification\",\"valueRequired\":true,\"valueName\":\"search_term_string\"}}],\"inLanguage\":\"en-US\"},{\"@type\":\"Organization\",\"@id\":\"https:\\\/\\\/optiboard.de\\\/#organization\",\"name\":\"Optiboard by 1TECOplast GmbH Waldachtal\",\"url\":\"https:\\\/\\\/optiboard.de\\\/\",\"logo\":{\"@type\":\"ImageObject\",\"inLanguage\":\"en-US\",\"@id\":\"https:\\\/\\\/optiboard.de\\\/#\\\/schema\\\/logo\\\/image\\\/\",\"url\":\"https:\\\/\\\/optiboard.de\\\/wp-content\\\/uploads\\\/OPTIBOARD_LOGO_RGB-scaled.jpg\",\"contentUrl\":\"https:\\\/\\\/optiboard.de\\\/wp-content\\\/uploads\\\/OPTIBOARD_LOGO_RGB-scaled.jpg\",\"width\":2560,\"height\":1810,\"caption\":\"Optiboard by 1TECOplast GmbH Waldachtal\"},\"image\":{\"@id\":\"https:\\\/\\\/optiboard.de\\\/#\\\/schema\\\/logo\\\/image\\\/\"},\"sameAs\":[\"https:\\\/\\\/www.facebook.com\\\/optiboard.de\"]}]}<\/script>\n<!-- \/ Yoast SEO plugin. -->","yoast_head_json":{"title":"Kontakt - Optiboard - Premium Schneidebretter aus Kunststoff","robots":{"index":"index","follow":"follow","max-snippet":"max-snippet:-1","max-image-preview":"max-image-preview:large","max-video-preview":"max-video-preview:-1"},"canonical":"https:\/\/optiboard.de\/en\/kontakt\/","og_locale":"en_US","og_type":"article","og_title":"Kontakt - Optiboard - Premium Schneidebretter aus Kunststoff","og_description":"KontaktOptiboardby 1TECOplast GmbHSchlattweg 1072178 Waldachtal Telefon: 07486 9790 35Telefax: 07486 9790 59info@optiboard.deKontaktformular","og_url":"https:\/\/optiboard.de\/en\/kontakt\/","og_site_name":"Optiboard - Premium Schneidebretter aus Kunststoff","article_publisher":"https:\/\/www.facebook.com\/optiboard.de","article_modified_time":"2022-12-21T15:13:15+00:00","og_image":[{"width":2200,"height":1656,"url":"https:\/\/optiboard.de\/wp-content\/uploads\/scene01.jpg","type":"image\/jpeg"}],"twitter_misc":{"Est. reading time":"4 minutes"},"schema":{"@context":"https:\/\/schema.org","@graph":[{"@type":"WebPage","@id":"https:\/\/optiboard.de\/kontakt\/","url":"https:\/\/optiboard.de\/kontakt\/","name":"Kontakt - Optiboard - Premium Schneidebretter aus Kunststoff","isPartOf":{"@id":"https:\/\/optiboard.de\/#website"},"datePublished":"2021-12-14T15:37:30+00:00","dateModified":"2022-12-21T15:13:15+00:00","breadcrumb":{"@id":"https:\/\/optiboard.de\/kontakt\/#breadcrumb"},"inLanguage":"en-US","potentialAction":[{"@type":"ReadAction","target":["https:\/\/optiboard.de\/kontakt\/"]}]},{"@type":"BreadcrumbList","@id":"https:\/\/optiboard.de\/kontakt\/#breadcrumb","itemListElement":[{"@type":"ListItem","position":1,"name":"Startseite","item":"https:\/\/optiboard.de\/"},{"@type":"ListItem","position":2,"name":"Kontakt"}]},{"@type":"WebSite","@id":"https:\/\/optiboard.de\/#website","url":"https:\/\/optiboard.de\/","name":"Optiboard - Premium Schneidebretter aus Kunststoff","description":"Das h\u00f6henverstellbare Schneidebrett aus Kunststoff f\u00fcr die Profik\u00fcche im Gastro Gewerbe","publisher":{"@id":"https:\/\/optiboard.de\/#organization"},"alternateName":"Gastro Profi K\u00fcchen Schneidebrett","potentialAction":[{"@type":"SearchAction","target":{"@type":"EntryPoint","urlTemplate":"https:\/\/optiboard.de\/?s={search_term_string}"},"query-input":{"@type":"PropertyValueSpecification","valueRequired":true,"valueName":"search_term_string"}}],"inLanguage":"en-US"},{"@type":"Organization","@id":"https:\/\/optiboard.de\/#organization","name":"Optiboard by 1TECOplast GmbH Waldachtal","url":"https:\/\/optiboard.de\/","logo":{"@type":"ImageObject","inLanguage":"en-US","@id":"https:\/\/optiboard.de\/#\/schema\/logo\/image\/","url":"https:\/\/optiboard.de\/wp-content\/uploads\/OPTIBOARD_LOGO_RGB-scaled.jpg","contentUrl":"https:\/\/optiboard.de\/wp-content\/uploads\/OPTIBOARD_LOGO_RGB-scaled.jpg","width":2560,"height":1810,"caption":"Optiboard by 1TECOplast GmbH Waldachtal"},"image":{"@id":"https:\/\/optiboard.de\/#\/schema\/logo\/image\/"},"sameAs":["https:\/\/www.facebook.com\/optiboard.de"]}]}},"_links":{"self":[{"href":"https:\/\/optiboard.de\/en\/wp-json\/wp\/v2\/pages\/222679","targetHints":{"allow":["GET"]}}],"collection":[{"href":"https:\/\/optiboard.de\/en\/wp-json\/wp\/v2\/pages"}],"about":[{"href":"https:\/\/optiboard.de\/en\/wp-json\/wp\/v2\/types\/page"}],"author":[{"embeddable":true,"href":"https:\/\/optiboard.de\/en\/wp-json\/wp\/v2\/users\/11"}],"replies":[{"embeddable":true,"href":"https:\/\/optiboard.de\/en\/wp-json\/wp\/v2\/comments?post=222679"}],"version-history":[{"count":13,"href":"https:\/\/optiboard.de\/en\/wp-json\/wp\/v2\/pages\/222679\/revisions"}],"predecessor-version":[{"id":223005,"href":"https:\/\/optiboard.de\/en\/wp-json\/wp\/v2\/pages\/222679\/revisions\/223005"}],"wp:attachment":[{"href":"https:\/\/optiboard.de\/en\/wp-json\/wp\/v2\/media?parent=222679"}],"curies":[{"name":"wp","href":"https:\/\/api.w.org\/{rel}","templated":true}]}}