{"id":1475,"date":"2020-02-06T15:23:50","date_gmt":"2020-02-06T14:23:50","guid":{"rendered":"https:\/\/optiboard.de.w01a0c7e.kasserver.com\/impressum\/"},"modified":"2025-08-25T11:18:29","modified_gmt":"2025-08-25T09:18:29","slug":"impressum","status":"publish","type":"page","link":"https:\/\/optiboard.de\/en\/impressum\/","title":{"rendered":"Imprint"},"content":{"rendered":"<h3>Information according to \u00a7 5 TMG<\/h3>\n<p>Optiboard by 1TECOplast GmbH<br \/>\nSchlattweg 10<br \/>\n72178 Waldachtal<\/p>\n<p>Commercial register: HRB 440556<br \/>\nRegister court: Stuttgart<\/p>\n<p><strong>Represented by:<\/strong><br \/>\nWalter Wollensak<br \/>\nThomas Wollensak<br \/>\nPascal Blum<\/p>\n<h2>Contact<\/h2>\n<p>Telephone: 07486 9790 35<br \/>\nFax: 07486 9790 59<br \/>\nE-Mail: info@optiboard.de<\/p>\n<h2>Sales tax ID<\/h2>\n<p>Sales tax identification number according to \u00a7 27 a Umsatzsteuergesetz:<br \/>\nDE812245250<\/p>\n<h2>EU Dispute Resolution<\/h2>\n<p>The European Commission provides a platform for online dispute resolution (OS): <a href=\"https:\/\/ec.europa.eu\/consumers\/odr\" target=\"_blank\" rel=\"noopener noreferrer\">https:\/\/ec.europa.eu\/consumers\/odr<\/a>.<br \/>\nYou can find our e-mail address in the imprint above.<\/p>\n<h2>Verbraucher\u00adstreit\u00adbeilegung \/ Universal\u00adschlichtungs\u00adstelle<\/h2>\n<p>We are not willing or obliged to participate in dispute resolution proceedings before a consumer arbitration board.<\/p>\n<h3>Liability for contents<\/h3>\n<p>As a service provider, we are responsible for our own content on these pages in accordance with general legislation pursuant to Section 7 Paragraph 1 of the German Telemedia Act (TMG). However, according to \u00a7\u00a7 8 to 10 TMG, we are not obliged as a service provider to monitor transmitted or stored third-party information or to investigate circumstances that indicate illegal activity.<\/p>\n<p>Obligations to remove or block the use of information in accordance with general laws remain unaffected by this. However, liability in this regard is only possible from the point in time at which a concrete infringement of the law becomes known. If we become aware of any such infringements, we will remove the relevant content immediately.<\/p>\n<h3>Liability for links<\/h3>\n<p>Our website contains links to external websites of third parties over whose content we have no influence. Therefore, we cannot assume any liability for these external contents. The respective provider or operator of the pages is always responsible for the content of the linked pages. The linked pages were checked for possible legal violations at the time of linking. Illegal contents were not recognisable at the time of linking.<\/p>\n<p>However, permanent monitoring of the content of the linked pages is not reasonable without concrete indications of a legal violation. If we become aware of any infringements of the law, we will remove such links immediately.<\/p>\n<h3>Copyright<\/h3>\n<p>Die durch die Seitenbetreiber erstellten Inhalte und Werke auf diesen Seiten unterliegen dem deutschen Urheberrecht. Die Vervielf\u00e4ltigung, Bearbeitung, Verbreitung und jede Art der Verwertung au\u00dferhalb der Grenzen des Urheberrechtes bed\u00fcrfen der schriftlichen Zustimmung des jeweiligen Autors bzw. Erstellers. Downloads und Kopien dieser Seite sind nur f\u00fcr den privaten, nicht kommerziellen Gebrauch gestattet.<\/p>\n<p>Insofar as the content on this page was not created by the operator, the copyrights of third parties are respected. In particular, third-party content is identified as such. Should you nevertheless become aware of a copyright infringement, we request that you notify us accordingly. If we become aware of any infringements, we will remove such content immediately.<br \/>\n<div class=\"woocommerce woocommerce-gzd woocommerce-gzd-complaints-shortcode\">\n\t\t\t<h3>Alternative Dispute Resolution in accordance with Art. 14 (1) ODR-VO and \u00a7 36 VSBG:<\/h3>\n\t\nZur Teilnahme an einem Streitbeilegungsverfahren vor einer Verbraucherschlichtungsstelle sind wir nicht verpflichtet und nicht bereit.<\/div><\/p>","protected":false},"excerpt":{"rendered":"<p>Angaben gem\u00e4\u00df \u00a7 5 TMG Optiboard by 1TECOplast GmbH Schlattweg 10 72178 Waldachtal Handelsregister: HRB 440556 Registergericht: Stuttgart Vertreten durch: Walter Wollensak Thomas Wollensak Pascal Blum Kontakt Telefon: 07486 9790 35 Telefax: 07486 9790 59 E-Mail: info@optiboard.de Umsatzsteuer-ID Umsatzsteuer-Identifikationsnummer gem\u00e4\u00df \u00a7 27 a Umsatzsteuergesetz: DE812245250 EU-Streitschlichtung Die Europ\u00e4ische Kommission stellt eine Plattform zur Online-Streitbeilegung (OS) [&hellip;]<\/p>\n","protected":false},"author":10,"featured_media":0,"parent":0,"menu_order":0,"comment_status":"closed","ping_status":"closed","template":"","meta":{"_et_pb_use_builder":"off","_et_pb_old_content":"<h3>Angaben gem\u00e4\u00df \u00a7 5 TMG<\/h3>\r\nOptiboard by 1TECOplast GmbH\r\nSchlattweg 10\r\n72178 Waldachtal\r\n\r\nHandelsregister: HRB 440556\r\nRegistergericht: Stuttgart\r\n\r\n<strong>Vertreten durch:<\/strong>\r\nWalter Wollensak\r\n<h2>Kontakt<\/h2>\r\nTelefon: 07486 9790 35\r\nTelefax: 07486 9790 59\r\nE-Mail: info@optiboard.de\r\n<h2>Umsatzsteuer-ID<\/h2>\r\nUmsatzsteuer-Identifikationsnummer gem\u00e4\u00df \u00a7 27 a Umsatzsteuergesetz:\r\nDE812245250\r\n<h2>EU-Streitschlichtung<\/h2>\r\nDie Europ\u00e4ische Kommission stellt eine Plattform zur Online-Streitbeilegung (OS) bereit: <a href=\"https:\/\/ec.europa.eu\/consumers\/odr\" target=\"_blank\" rel=\"noopener noreferrer\">https:\/\/ec.europa.eu\/consumers\/odr<\/a>.\r\nUnsere E-Mail-Adresse finden Sie oben im Impressum.\r\n<h2>Verbraucher\u00adstreit\u00adbeilegung\/Universal\u00adschlichtungs\u00adstelle<\/h2>\r\nWir sind nicht bereit oder verpflichtet, an Streitbeilegungsverfahren vor einer Verbraucherschlichtungsstelle teilzunehmen.\r\n<h3>Haftung f\u00fcr Inhalte<\/h3>\r\nAls Diensteanbieter sind wir gem\u00e4\u00df \u00a7 7 Abs.1 TMG f\u00fcr eigene Inhalte auf diesen Seiten nach den allgemeinen Gesetzen verantwortlich. Nach \u00a7\u00a7 8 bis 10 TMG sind wir als Diensteanbieter jedoch nicht verpflichtet, \u00fcbermittelte oder gespeicherte fremde Informationen zu \u00fcberwachen oder nach Umst\u00e4nden zu forschen, die auf eine rechtswidrige T\u00e4tigkeit hinweisen.\r\n\r\nVerpflichtungen zur Entfernung oder Sperrung der Nutzung von Informationen nach den allgemeinen Gesetzen bleiben hiervon unber\u00fchrt. Eine diesbez\u00fcgliche Haftung ist jedoch erst ab dem Zeitpunkt der Kenntnis einer konkreten Rechtsverletzung m\u00f6glich. Bei Bekanntwerden von entsprechenden Rechtsverletzungen werden wir diese Inhalte umgehend entfernen.\r\n<h3>Haftung f\u00fcr Links<\/h3>\r\nUnser Angebot enth\u00e4lt Links zu externen Websites Dritter, auf deren Inhalte wir keinen Einfluss haben. Deshalb k\u00f6nnen wir f\u00fcr diese fremden Inhalte auch keine Gew\u00e4hr \u00fcbernehmen. F\u00fcr die Inhalte der verlinkten Seiten ist stets der jeweilige Anbieter oder Betreiber der Seiten verantwortlich. Die verlinkten Seiten wurden zum Zeitpunkt der Verlinkung auf m\u00f6gliche Rechtsverst\u00f6\u00dfe \u00fcberpr\u00fcft. Rechtswidrige Inhalte waren zum Zeitpunkt der Verlinkung nicht erkennbar.\r\n\r\nEine permanente inhaltliche Kontrolle der verlinkten Seiten ist jedoch ohne konkrete Anhaltspunkte einer Rechtsverletzung nicht zumutbar. Bei Bekanntwerden von Rechtsverletzungen werden wir derartige Links umgehend entfernen.\r\n<h3>Urheberrecht<\/h3>\r\nDie durch die Seitenbetreiber erstellten Inhalte und Werke auf diesen Seiten unterliegen dem deutschen Urheberrecht. Die Vervielf\u00e4ltigung, Bearbeitung, Verbreitung und jede Art der Verwertung au\u00dferhalb der Grenzen des Urheberrechtes bed\u00fcrfen der schriftlichen Zustimmung des jeweiligen Autors bzw. Erstellers. Downloads und Kopien dieser Seite sind nur f\u00fcr den privaten, nicht kommerziellen Gebrauch gestattet.\r\n\r\nSoweit die Inhalte auf dieser Seite nicht vom Betreiber erstellt wurden, werden die Urheberrechte Dritter beachtet. Insbesondere werden Inhalte Dritter als solche gekennzeichnet. Sollten Sie trotzdem auf eine Urheberrechtsverletzung aufmerksam werden, bitten wir um einen entsprechenden Hinweis. Bei Bekanntwerden von Rechtsverletzungen werden wir derartige Inhalte umgehend entfernen.","_et_gb_content_width":"","footnotes":""},"class_list":["post-1475","page","type-page","status-publish","hentry"],"yoast_head":"<!-- This site is optimized with the Yoast SEO plugin v27.3 - https:\/\/yoast.com\/product\/yoast-seo-wordpress\/ -->\n<title>Impressum - Optiboard - Premium Schneidebretter aus Kunststoff<\/title>\n<meta name=\"robots\" content=\"index, follow, max-snippet:-1, max-image-preview:large, max-video-preview:-1\" \/>\n<link rel=\"canonical\" href=\"https:\/\/optiboard.de\/en\/impressum\/\" \/>\n<meta property=\"og:locale\" content=\"en_US\" \/>\n<meta property=\"og:type\" content=\"article\" \/>\n<meta property=\"og:title\" content=\"Impressum - Optiboard - Premium Schneidebretter aus Kunststoff\" \/>\n<meta property=\"og:description\" content=\"Angaben gem\u00e4\u00df \u00a7 5 TMG Optiboard by 1TECOplast GmbH Schlattweg 10 72178 Waldachtal Handelsregister: HRB 440556 Registergericht: Stuttgart Vertreten durch: Walter Wollensak Thomas Wollensak Pascal Blum Kontakt Telefon: 07486 9790 35 Telefax: 07486 9790 59 E-Mail: info@optiboard.de Umsatzsteuer-ID Umsatzsteuer-Identifikationsnummer gem\u00e4\u00df \u00a7 27 a Umsatzsteuergesetz: DE812245250 EU-Streitschlichtung Die Europ\u00e4ische Kommission stellt eine Plattform zur Online-Streitbeilegung (OS) [&hellip;]\" \/>\n<meta property=\"og:url\" content=\"https:\/\/optiboard.de\/en\/impressum\/\" \/>\n<meta property=\"og:site_name\" content=\"Optiboard - Premium Schneidebretter aus Kunststoff\" \/>\n<meta property=\"article:publisher\" content=\"https:\/\/www.facebook.com\/optiboard.de\" \/>\n<meta property=\"article:modified_time\" content=\"2025-08-25T09:18:29+00:00\" \/>\n<meta property=\"og:image\" content=\"https:\/\/optiboard.de\/wp-content\/uploads\/scene01.jpg\" \/>\n\t<meta property=\"og:image:width\" content=\"2200\" \/>\n\t<meta property=\"og:image:height\" content=\"1656\" \/>\n\t<meta property=\"og:image:type\" content=\"image\/jpeg\" \/>\n<meta name=\"twitter:label1\" content=\"Est. reading time\" \/>\n\t<meta name=\"twitter:data1\" content=\"1 minute\" \/>\n<script type=\"application\/ld+json\" class=\"yoast-schema-graph\">{\"@context\":\"https:\\\/\\\/schema.org\",\"@graph\":[{\"@type\":\"WebPage\",\"@id\":\"https:\\\/\\\/optiboard.de\\\/impressum\\\/\",\"url\":\"https:\\\/\\\/optiboard.de\\\/impressum\\\/\",\"name\":\"Impressum - Optiboard - Premium Schneidebretter aus Kunststoff\",\"isPartOf\":{\"@id\":\"https:\\\/\\\/optiboard.de\\\/#website\"},\"datePublished\":\"2020-02-06T14:23:50+00:00\",\"dateModified\":\"2025-08-25T09:18:29+00:00\",\"breadcrumb\":{\"@id\":\"https:\\\/\\\/optiboard.de\\\/impressum\\\/#breadcrumb\"},\"inLanguage\":\"en-US\",\"potentialAction\":[{\"@type\":\"ReadAction\",\"target\":[\"https:\\\/\\\/optiboard.de\\\/impressum\\\/\"]}]},{\"@type\":\"BreadcrumbList\",\"@id\":\"https:\\\/\\\/optiboard.de\\\/impressum\\\/#breadcrumb\",\"itemListElement\":[{\"@type\":\"ListItem\",\"position\":1,\"name\":\"Startseite\",\"item\":\"https:\\\/\\\/optiboard.de\\\/\"},{\"@type\":\"ListItem\",\"position\":2,\"name\":\"Impressum\"}]},{\"@type\":\"WebSite\",\"@id\":\"https:\\\/\\\/optiboard.de\\\/#website\",\"url\":\"https:\\\/\\\/optiboard.de\\\/\",\"name\":\"Optiboard - Premium Schneidebretter aus Kunststoff\",\"description\":\"Das h\u00f6henverstellbare Schneidebrett aus Kunststoff f\u00fcr die Profik\u00fcche im Gastro Gewerbe\",\"publisher\":{\"@id\":\"https:\\\/\\\/optiboard.de\\\/#organization\"},\"alternateName\":\"Gastro Profi K\u00fcchen Schneidebrett\",\"potentialAction\":[{\"@type\":\"SearchAction\",\"target\":{\"@type\":\"EntryPoint\",\"urlTemplate\":\"https:\\\/\\\/optiboard.de\\\/?s={search_term_string}\"},\"query-input\":{\"@type\":\"PropertyValueSpecification\",\"valueRequired\":true,\"valueName\":\"search_term_string\"}}],\"inLanguage\":\"en-US\"},{\"@type\":\"Organization\",\"@id\":\"https:\\\/\\\/optiboard.de\\\/#organization\",\"name\":\"Optiboard by 1TECOplast GmbH Waldachtal\",\"url\":\"https:\\\/\\\/optiboard.de\\\/\",\"logo\":{\"@type\":\"ImageObject\",\"inLanguage\":\"en-US\",\"@id\":\"https:\\\/\\\/optiboard.de\\\/#\\\/schema\\\/logo\\\/image\\\/\",\"url\":\"https:\\\/\\\/optiboard.de\\\/wp-content\\\/uploads\\\/OPTIBOARD_LOGO_RGB-scaled.jpg\",\"contentUrl\":\"https:\\\/\\\/optiboard.de\\\/wp-content\\\/uploads\\\/OPTIBOARD_LOGO_RGB-scaled.jpg\",\"width\":2560,\"height\":1810,\"caption\":\"Optiboard by 1TECOplast GmbH Waldachtal\"},\"image\":{\"@id\":\"https:\\\/\\\/optiboard.de\\\/#\\\/schema\\\/logo\\\/image\\\/\"},\"sameAs\":[\"https:\\\/\\\/www.facebook.com\\\/optiboard.de\"]}]}<\/script>\n<!-- \/ Yoast SEO plugin. -->","yoast_head_json":{"title":"Impressum - Optiboard - Premium Schneidebretter aus Kunststoff","robots":{"index":"index","follow":"follow","max-snippet":"max-snippet:-1","max-image-preview":"max-image-preview:large","max-video-preview":"max-video-preview:-1"},"canonical":"https:\/\/optiboard.de\/en\/impressum\/","og_locale":"en_US","og_type":"article","og_title":"Impressum - Optiboard - Premium Schneidebretter aus Kunststoff","og_description":"Angaben gem\u00e4\u00df \u00a7 5 TMG Optiboard by 1TECOplast GmbH Schlattweg 10 72178 Waldachtal Handelsregister: HRB 440556 Registergericht: Stuttgart Vertreten durch: Walter Wollensak Thomas Wollensak Pascal Blum Kontakt Telefon: 07486 9790 35 Telefax: 07486 9790 59 E-Mail: info@optiboard.de Umsatzsteuer-ID Umsatzsteuer-Identifikationsnummer gem\u00e4\u00df \u00a7 27 a Umsatzsteuergesetz: DE812245250 EU-Streitschlichtung Die Europ\u00e4ische Kommission stellt eine Plattform zur Online-Streitbeilegung (OS) [&hellip;]","og_url":"https:\/\/optiboard.de\/en\/impressum\/","og_site_name":"Optiboard - Premium Schneidebretter aus Kunststoff","article_publisher":"https:\/\/www.facebook.com\/optiboard.de","article_modified_time":"2025-08-25T09:18:29+00:00","og_image":[{"width":2200,"height":1656,"url":"https:\/\/optiboard.de\/wp-content\/uploads\/scene01.jpg","type":"image\/jpeg"}],"twitter_misc":{"Est. reading time":"1 minute"},"schema":{"@context":"https:\/\/schema.org","@graph":[{"@type":"WebPage","@id":"https:\/\/optiboard.de\/impressum\/","url":"https:\/\/optiboard.de\/impressum\/","name":"Impressum - Optiboard - Premium Schneidebretter aus Kunststoff","isPartOf":{"@id":"https:\/\/optiboard.de\/#website"},"datePublished":"2020-02-06T14:23:50+00:00","dateModified":"2025-08-25T09:18:29+00:00","breadcrumb":{"@id":"https:\/\/optiboard.de\/impressum\/#breadcrumb"},"inLanguage":"en-US","potentialAction":[{"@type":"ReadAction","target":["https:\/\/optiboard.de\/impressum\/"]}]},{"@type":"BreadcrumbList","@id":"https:\/\/optiboard.de\/impressum\/#breadcrumb","itemListElement":[{"@type":"ListItem","position":1,"name":"Startseite","item":"https:\/\/optiboard.de\/"},{"@type":"ListItem","position":2,"name":"Impressum"}]},{"@type":"WebSite","@id":"https:\/\/optiboard.de\/#website","url":"https:\/\/optiboard.de\/","name":"Optiboard - Premium Schneidebretter aus Kunststoff","description":"Das h\u00f6henverstellbare Schneidebrett aus Kunststoff f\u00fcr die Profik\u00fcche im Gastro Gewerbe","publisher":{"@id":"https:\/\/optiboard.de\/#organization"},"alternateName":"Gastro Profi K\u00fcchen Schneidebrett","potentialAction":[{"@type":"SearchAction","target":{"@type":"EntryPoint","urlTemplate":"https:\/\/optiboard.de\/?s={search_term_string}"},"query-input":{"@type":"PropertyValueSpecification","valueRequired":true,"valueName":"search_term_string"}}],"inLanguage":"en-US"},{"@type":"Organization","@id":"https:\/\/optiboard.de\/#organization","name":"Optiboard by 1TECOplast GmbH Waldachtal","url":"https:\/\/optiboard.de\/","logo":{"@type":"ImageObject","inLanguage":"en-US","@id":"https:\/\/optiboard.de\/#\/schema\/logo\/image\/","url":"https:\/\/optiboard.de\/wp-content\/uploads\/OPTIBOARD_LOGO_RGB-scaled.jpg","contentUrl":"https:\/\/optiboard.de\/wp-content\/uploads\/OPTIBOARD_LOGO_RGB-scaled.jpg","width":2560,"height":1810,"caption":"Optiboard by 1TECOplast GmbH Waldachtal"},"image":{"@id":"https:\/\/optiboard.de\/#\/schema\/logo\/image\/"},"sameAs":["https:\/\/www.facebook.com\/optiboard.de"]}]}},"_links":{"self":[{"href":"https:\/\/optiboard.de\/en\/wp-json\/wp\/v2\/pages\/1475","targetHints":{"allow":["GET"]}}],"collection":[{"href":"https:\/\/optiboard.de\/en\/wp-json\/wp\/v2\/pages"}],"about":[{"href":"https:\/\/optiboard.de\/en\/wp-json\/wp\/v2\/types\/page"}],"author":[{"embeddable":true,"href":"https:\/\/optiboard.de\/en\/wp-json\/wp\/v2\/users\/10"}],"replies":[{"embeddable":true,"href":"https:\/\/optiboard.de\/en\/wp-json\/wp\/v2\/comments?post=1475"}],"version-history":[{"count":8,"href":"https:\/\/optiboard.de\/en\/wp-json\/wp\/v2\/pages\/1475\/revisions"}],"predecessor-version":[{"id":223288,"href":"https:\/\/optiboard.de\/en\/wp-json\/wp\/v2\/pages\/1475\/revisions\/223288"}],"wp:attachment":[{"href":"https:\/\/optiboard.de\/en\/wp-json\/wp\/v2\/media?parent=1475"}],"curies":[{"name":"wp","href":"https:\/\/api.w.org\/{rel}","templated":true}]}}